{"id":623,"date":"2021-04-30T12:57:00","date_gmt":"2021-04-30T09:57:00","guid":{"rendered":"https:\/\/ggd.org.tr\/en\/?page_id=623"},"modified":"2026-03-12T13:56:56","modified_gmt":"2026-03-12T10:56:56","slug":"news-and-announcement","status":"publish","type":"page","link":"https:\/\/ggd.org.tr\/en\/news-and-announcement\/","title":{"rendered":"News and Announcement"},"content":{"rendered":"<div id='av_section_1'  class='avia-section main_color avia-section-default avia-no-border-styling  avia-bg-style-scroll  avia-builder-el-0  avia-builder-el-no-sibling   container_wrap sidebar_right' style=' '  ><div class='container' ><main  role=\"main\" itemprop=\"mainContentOfPage\"  class='template-page content  av-content-small alpha units'><div class='post-entry post-entry-type-page post-entry-623'><div class='entry-content-wrapper clearfix'>\n<div class=\"flex_column av_one_full  av-animated-generic bottom-to-top  flex_column_div av-zero-column-padding first  avia-builder-el-1  avia-builder-el-no-sibling  \" style='border-radius:0px; '><p><div  style='padding-bottom:10px; ' class='av-special-heading av-special-heading-h2  blockquote elegant-quote elegant-centered  avia-builder-el-2  el_before_av_postslider  avia-builder-el-first  '><div class ='av-subheading av-subheading_above  ' style='font-size:15px;'><p>Turkish Food Safety Association<\/p>\n<\/div><h2 class='av-special-heading-tag '  itemprop=\"headline\"  ><span class=\"heading-wrap\">NEWS and ANNOUNCEMENT<\/span><\/h2><div class='special-heading-border'><div class='special-heading-inner-border' ><\/div><\/div><\/div><br \/>\n<div   data-autoplay='1'  data-interval='5'  data-animation='fade'  data-show_slide_delay='90'  class='avia-content-slider avia-content-slider-active avia-content-slider1 avia-content-slider-odd  avia-builder-el-3  el_after_av_heading  el_before_av_button  '  itemscope=\"itemscope\" itemtype=\"https:\/\/schema.org\/Blog\" ><div class='avia-content-slider-inner'><div class='slide-entry-wrap'><article class='slide-entry flex_column  post-entry post-entry-4466 slide-entry-overview slide-loop-1 slide-parity-odd  av_one_third first real-thumbnail post-format-standard'  itemscope=\"itemscope\" itemtype=\"https:\/\/schema.org\/CreativeWork\" ><a href='https:\/\/ggd.org.tr\/en\/food-safety-and-hygiene-guide-for-students\/' data-rel='slide-1' class='slide-image' title='Food Safety and Hygiene Guide for Students'><img width=\"500\" height=\"300\" src=\"https:\/\/ggd.org.tr\/en\/wp-content\/uploads\/2026\/03\/Ogrenciler-Icin-GG-1.jpg\" class=\"wp-image-4467 avia-img-lazy-loading-not-4467 attachment-no scaling size-no scaling wp-post-image\" alt=\"\" srcset=\"https:\/\/ggd.org.tr\/en\/wp-content\/uploads\/2026\/03\/Ogrenciler-Icin-GG-1.jpg 500w, https:\/\/ggd.org.tr\/en\/wp-content\/uploads\/2026\/03\/Ogrenciler-Icin-GG-1-300x180.jpg 300w\" sizes=\"(max-width: 500px) 100vw, 500px\" \/><\/a><div class='slide-content'><header class=\"entry-content-header\"><h3 class='slide-entry-title entry-title '  itemprop=\"headline\" ><a href='https:\/\/ggd.org.tr\/en\/food-safety-and-hygiene-guide-for-students\/' title='Food Safety and Hygiene Guide for Students'>Food Safety and Hygiene Guide for Students<\/a><\/h3><span class=\"av-vertical-delimiter\"><\/span><\/header><div class='slide-meta'><time class='slide-meta-time updated'  itemprop=\"datePublished\" datetime=\"2026-03-10T13:45:59+03:00\" >10 March 2026<\/time><\/div><div class='slide-entry-excerpt entry-content'  itemprop=\"text\" >\u00d6\u011frencilik d\u00f6nemi; evden uzakta ya\u015faman\u0131n, ilk kez d\u00fczenli\u2026<\/div><\/div><footer class=\"entry-footer\"><\/footer><span class='hidden'>\n\t\t\t\t<span class='av-structured-data'  itemprop=\"image\" itemscope=\"itemscope\" itemtype=\"https:\/\/schema.org\/ImageObject\" >\n\t\t\t\t\t\t<span itemprop='url'>https:\/\/ggd.org.tr\/en\/wp-content\/uploads\/2026\/03\/Ogrenciler-Icin-GG-1.jpg<\/span>\n\t\t\t\t\t\t<span itemprop='height'>300<\/span>\n\t\t\t\t\t\t<span itemprop='width'>500<\/span>\n\t\t\t\t<\/span>\n\t\t\t\t<span class='av-structured-data'  itemprop=\"publisher\" itemtype=\"https:\/\/schema.org\/Organization\" itemscope=\"itemscope\" >\n\t\t\t\t\t\t<span itemprop='name'>admin-ggd<\/span>\n\t\t\t\t\t\t<span itemprop='logo' itemscope itemtype='https:\/\/schema.org\/ImageObject'>\n\t\t\t\t\t\t\t<span itemprop='url'>https:\/\/ggd.org.tr\/en\/wp-content\/uploads\/GGD-LOGO-PDF.svg<\/span>\n\t\t\t\t\t\t <\/span>\n\t\t\t\t<\/span><span class='av-structured-data'  itemprop=\"author\" itemscope=\"itemscope\" itemtype=\"https:\/\/schema.org\/Person\" ><span itemprop='name'>admin-ggd<\/span><\/span><span class='av-structured-data'  itemprop=\"datePublished\" datetime=\"2021-04-30T12:57:00+03:00\" >2026-03-10 13:45:59<\/span><span class='av-structured-data'  itemprop=\"dateModified\" itemtype=\"https:\/\/schema.org\/dateModified\" >2026-03-12 13:48:11<\/span><span class='av-structured-data'  itemprop=\"mainEntityOfPage\" itemtype=\"https:\/\/schema.org\/mainEntityOfPage\" ><span itemprop='name'>Food Safety and Hygiene Guide for Students<\/span><\/span><\/span><\/article><article class='slide-entry flex_column  post-entry post-entry-4472 slide-entry-overview slide-loop-2 slide-parity-even  av_one_third  real-thumbnail post-format-standard'  itemscope=\"itemscope\" itemtype=\"https:\/\/schema.org\/CreativeWork\" ><a href='https:\/\/ggd.org.tr\/en\/an-online-training-session-on-the-water-efficiency-regulation-and-certification-process-was-held\/' data-rel='slide-1' class='slide-image' title='An online training session on the Water Efficiency Regulation and Certification Process was held'><img width=\"500\" height=\"300\" src=\"https:\/\/ggd.org.tr\/en\/wp-content\/uploads\/2026\/03\/su-verimliligi_k.jpg\" class=\"wp-image-4473 avia-img-lazy-loading-not-4473 attachment-no scaling size-no scaling wp-post-image\" alt=\"\" srcset=\"https:\/\/ggd.org.tr\/en\/wp-content\/uploads\/2026\/03\/su-verimliligi_k.jpg 500w, https:\/\/ggd.org.tr\/en\/wp-content\/uploads\/2026\/03\/su-verimliligi_k-300x180.jpg 300w\" sizes=\"(max-width: 500px) 100vw, 500px\" \/><\/a><div class='slide-content'><header class=\"entry-content-header\"><h3 class='slide-entry-title entry-title '  itemprop=\"headline\" ><a href='https:\/\/ggd.org.tr\/en\/an-online-training-session-on-the-water-efficiency-regulation-and-certification-process-was-held\/' title='An online training session on the Water Efficiency Regulation and Certification Process was held'>An online training session on the Water Efficiency Regulation and Certification Process was held<\/a><\/h3><span class=\"av-vertical-delimiter\"><\/span><\/header><div class='slide-meta'><time class='slide-meta-time updated'  itemprop=\"datePublished\" datetime=\"2026-03-06T13:49:03+03:00\" >6 March 2026<\/time><\/div><div class='slide-entry-excerpt entry-content'  itemprop=\"text\" >G\u0131da G\u00fcvenli\u011fi Derne\u011fi olarak d\u00fczenledi\u011fimiz \u201cSu Verimlili\u011fi\u2026<\/div><\/div><footer class=\"entry-footer\"><\/footer><span class='hidden'>\n\t\t\t\t<span class='av-structured-data'  itemprop=\"image\" itemscope=\"itemscope\" itemtype=\"https:\/\/schema.org\/ImageObject\" >\n\t\t\t\t\t\t<span itemprop='url'>https:\/\/ggd.org.tr\/en\/wp-content\/uploads\/2026\/03\/su-verimliligi_k.jpg<\/span>\n\t\t\t\t\t\t<span itemprop='height'>300<\/span>\n\t\t\t\t\t\t<span itemprop='width'>500<\/span>\n\t\t\t\t<\/span>\n\t\t\t\t<span class='av-structured-data'  itemprop=\"publisher\" itemtype=\"https:\/\/schema.org\/Organization\" itemscope=\"itemscope\" >\n\t\t\t\t\t\t<span itemprop='name'>admin-ggd<\/span>\n\t\t\t\t\t\t<span itemprop='logo' itemscope itemtype='https:\/\/schema.org\/ImageObject'>\n\t\t\t\t\t\t\t<span itemprop='url'>https:\/\/ggd.org.tr\/en\/wp-content\/uploads\/GGD-LOGO-PDF.svg<\/span>\n\t\t\t\t\t\t <\/span>\n\t\t\t\t<\/span><span class='av-structured-data'  itemprop=\"author\" itemscope=\"itemscope\" itemtype=\"https:\/\/schema.org\/Person\" ><span itemprop='name'>admin-ggd<\/span><\/span><span class='av-structured-data'  itemprop=\"datePublished\" datetime=\"2021-04-30T12:57:00+03:00\" >2026-03-06 13:49:03<\/span><span class='av-structured-data'  itemprop=\"dateModified\" itemtype=\"https:\/\/schema.org\/dateModified\" >2026-03-12 13:52:35<\/span><span class='av-structured-data'  itemprop=\"mainEntityOfPage\" itemtype=\"https:\/\/schema.org\/mainEntityOfPage\" ><span itemprop='name'>An online training session on the Water Efficiency Regulation and Certification Process was held<\/span><\/span><\/span><\/article><article class='slide-entry flex_column  post-entry post-entry-4480 slide-entry-overview slide-loop-3 slide-parity-odd  av_one_third  real-thumbnail post-format-standard'  itemscope=\"itemscope\" itemtype=\"https:\/\/schema.org\/CreativeWork\" ><a href='https:\/\/ggd.org.tr\/en\/we-met-with-students-at-the-koc-schools-science-festival\/' data-rel='slide-1' class='slide-image' title='We met with students at the Ko\u00e7 Schools Science Festival'><img width=\"500\" height=\"300\" src=\"https:\/\/ggd.org.tr\/en\/wp-content\/uploads\/2026\/03\/Bilim-Festivali_k.jpg\" class=\"wp-image-4481 avia-img-lazy-loading-not-4481 attachment-no scaling size-no scaling wp-post-image\" alt=\"\" srcset=\"https:\/\/ggd.org.tr\/en\/wp-content\/uploads\/2026\/03\/Bilim-Festivali_k.jpg 500w, https:\/\/ggd.org.tr\/en\/wp-content\/uploads\/2026\/03\/Bilim-Festivali_k-300x180.jpg 300w\" sizes=\"(max-width: 500px) 100vw, 500px\" \/><\/a><div class='slide-content'><header class=\"entry-content-header\"><h3 class='slide-entry-title entry-title '  itemprop=\"headline\" ><a href='https:\/\/ggd.org.tr\/en\/we-met-with-students-at-the-koc-schools-science-festival\/' title='We met with students at the Ko\u00e7 Schools Science Festival'>We met with students at the Ko\u00e7 Schools Science Festival<\/a><\/h3><span class=\"av-vertical-delimiter\"><\/span><\/header><div class='slide-meta'><time class='slide-meta-time updated'  itemprop=\"datePublished\" datetime=\"2026-03-03T13:53:41+03:00\" >3 March 2026<\/time><\/div><div class='slide-entry-excerpt entry-content'  itemprop=\"text\" >G\u0131da G\u00fcvenli\u011fi Derne\u011fi olarak Ko\u00e7 Okullar\u0131 Fen Bilimleri\u2026<\/div><\/div><footer class=\"entry-footer\"><\/footer><span class='hidden'>\n\t\t\t\t<span class='av-structured-data'  itemprop=\"image\" itemscope=\"itemscope\" itemtype=\"https:\/\/schema.org\/ImageObject\" >\n\t\t\t\t\t\t<span itemprop='url'>https:\/\/ggd.org.tr\/en\/wp-content\/uploads\/2026\/03\/Bilim-Festivali_k.jpg<\/span>\n\t\t\t\t\t\t<span itemprop='height'>300<\/span>\n\t\t\t\t\t\t<span itemprop='width'>500<\/span>\n\t\t\t\t<\/span>\n\t\t\t\t<span class='av-structured-data'  itemprop=\"publisher\" itemtype=\"https:\/\/schema.org\/Organization\" itemscope=\"itemscope\" >\n\t\t\t\t\t\t<span itemprop='name'>admin-ggd<\/span>\n\t\t\t\t\t\t<span itemprop='logo' itemscope itemtype='https:\/\/schema.org\/ImageObject'>\n\t\t\t\t\t\t\t<span itemprop='url'>https:\/\/ggd.org.tr\/en\/wp-content\/uploads\/GGD-LOGO-PDF.svg<\/span>\n\t\t\t\t\t\t <\/span>\n\t\t\t\t<\/span><span class='av-structured-data'  itemprop=\"author\" itemscope=\"itemscope\" itemtype=\"https:\/\/schema.org\/Person\" ><span itemprop='name'>admin-ggd<\/span><\/span><span class='av-structured-data'  itemprop=\"datePublished\" datetime=\"2021-04-30T12:57:00+03:00\" >2026-03-03 13:53:41<\/span><span class='av-structured-data'  itemprop=\"dateModified\" itemtype=\"https:\/\/schema.org\/dateModified\" >2026-03-12 13:56:04<\/span><span class='av-structured-data'  itemprop=\"mainEntityOfPage\" itemtype=\"https:\/\/schema.org\/mainEntityOfPage\" ><span itemprop='name'>We met with students at the Ko\u00e7 Schools Science Festival<\/span><\/span><\/span><\/article><\/div><div class='slide-entry-wrap'><article class='slide-entry flex_column  post-entry post-entry-4491 slide-entry-overview slide-loop-4 slide-parity-odd  av_one_third first real-thumbnail post-format-standard'  itemscope=\"itemscope\" itemtype=\"https:\/\/schema.org\/CreativeWork\" ><a href='https:\/\/ggd.org.tr\/en\/we-participated-in-the-yumurpiyat-panel-on-the-relationship-between-economic-efficiency-and-food-safety\/' data-rel='slide-1' class='slide-image' title='We participated in the Yumurpiyat Panel on &#8220;The Relationship Between Economic Efficiency and Food Safety&#8221;'><img width=\"500\" height=\"300\" src=\"https:\/\/ggd.org.tr\/en\/wp-content\/uploads\/2026\/03\/Yumurpiat_k.png\" class=\"wp-image-4492 avia-img-lazy-loading-not-4492 attachment-no scaling size-no scaling wp-post-image\" alt=\"\" srcset=\"https:\/\/ggd.org.tr\/en\/wp-content\/uploads\/2026\/03\/Yumurpiat_k.png 500w, https:\/\/ggd.org.tr\/en\/wp-content\/uploads\/2026\/03\/Yumurpiat_k-300x180.png 300w\" sizes=\"(max-width: 500px) 100vw, 500px\" \/><\/a><div class='slide-content'><header class=\"entry-content-header\"><h3 class='slide-entry-title entry-title '  itemprop=\"headline\" ><a href='https:\/\/ggd.org.tr\/en\/we-participated-in-the-yumurpiyat-panel-on-the-relationship-between-economic-efficiency-and-food-safety\/' title='We participated in the Yumurpiyat Panel on &#8220;The Relationship Between Economic Efficiency and Food Safety&#8221;'>We participated in the Yumurpiyat Panel on &#8220;The Relationship Between Economic Efficiency and Food Safety&#8221;<\/a><\/h3><span class=\"av-vertical-delimiter\"><\/span><\/header><div class='slide-meta'><time class='slide-meta-time updated'  itemprop=\"datePublished\" datetime=\"2026-02-16T13:57:58+03:00\" >16 February 2026<\/time><\/div><div class='slide-entry-excerpt entry-content'  itemprop=\"text\" >13\u201315 \u015eubat 2026 tarihlerinde Antalya\u2019da, T\u00dcYEKAD ve Y\u00dcSAD\u2026<\/div><\/div><footer class=\"entry-footer\"><\/footer><span class='hidden'>\n\t\t\t\t<span class='av-structured-data'  itemprop=\"image\" itemscope=\"itemscope\" itemtype=\"https:\/\/schema.org\/ImageObject\" >\n\t\t\t\t\t\t<span itemprop='url'>https:\/\/ggd.org.tr\/en\/wp-content\/uploads\/2026\/03\/Yumurpiat_k.png<\/span>\n\t\t\t\t\t\t<span itemprop='height'>300<\/span>\n\t\t\t\t\t\t<span itemprop='width'>500<\/span>\n\t\t\t\t<\/span>\n\t\t\t\t<span class='av-structured-data'  itemprop=\"publisher\" itemtype=\"https:\/\/schema.org\/Organization\" itemscope=\"itemscope\" >\n\t\t\t\t\t\t<span itemprop='name'>admin-ggd<\/span>\n\t\t\t\t\t\t<span itemprop='logo' itemscope itemtype='https:\/\/schema.org\/ImageObject'>\n\t\t\t\t\t\t\t<span itemprop='url'>https:\/\/ggd.org.tr\/en\/wp-content\/uploads\/GGD-LOGO-PDF.svg<\/span>\n\t\t\t\t\t\t <\/span>\n\t\t\t\t<\/span><span class='av-structured-data'  itemprop=\"author\" itemscope=\"itemscope\" itemtype=\"https:\/\/schema.org\/Person\" ><span itemprop='name'>admin-ggd<\/span><\/span><span class='av-structured-data'  itemprop=\"datePublished\" datetime=\"2021-04-30T12:57:00+03:00\" >2026-02-16 13:57:58<\/span><span class='av-structured-data'  itemprop=\"dateModified\" itemtype=\"https:\/\/schema.org\/dateModified\" >2026-03-12 13:59:09<\/span><span class='av-structured-data'  itemprop=\"mainEntityOfPage\" itemtype=\"https:\/\/schema.org\/mainEntityOfPage\" ><span itemprop='name'>We participated in the Yumurpiyat Panel on &#8220;The Relationship Between Economic Efficiency and Food Safety&#8221;<\/span><\/span><\/span><\/article><article class='slide-entry flex_column  post-entry post-entry-4495 slide-entry-overview slide-loop-5 slide-parity-even  av_one_third  real-thumbnail post-format-standard'  itemscope=\"itemscope\" itemtype=\"https:\/\/schema.org\/CreativeWork\" ><a href='https:\/\/ggd.org.tr\/en\/sustainable-food-summit\/' data-rel='slide-1' class='slide-image' title='Sustainable Food Summit'><img width=\"500\" height=\"300\" src=\"https:\/\/ggd.org.tr\/en\/wp-content\/uploads\/2026\/03\/Surdurulebilir-gida-zirvesi_k.jpg\" class=\"wp-image-4496 avia-img-lazy-loading-not-4496 attachment-no scaling size-no scaling wp-post-image\" alt=\"\" srcset=\"https:\/\/ggd.org.tr\/en\/wp-content\/uploads\/2026\/03\/Surdurulebilir-gida-zirvesi_k.jpg 500w, https:\/\/ggd.org.tr\/en\/wp-content\/uploads\/2026\/03\/Surdurulebilir-gida-zirvesi_k-300x180.jpg 300w\" sizes=\"(max-width: 500px) 100vw, 500px\" \/><\/a><div class='slide-content'><header class=\"entry-content-header\"><h3 class='slide-entry-title entry-title '  itemprop=\"headline\" ><a href='https:\/\/ggd.org.tr\/en\/sustainable-food-summit\/' title='Sustainable Food Summit'>Sustainable Food Summit<\/a><\/h3><span class=\"av-vertical-delimiter\"><\/span><\/header><div class='slide-meta'><time class='slide-meta-time updated'  itemprop=\"datePublished\" datetime=\"2025-12-19T08:54:21+03:00\" >19 December 2025<\/time><\/div><div class='slide-entry-excerpt entry-content'  itemprop=\"text\" >17 Aral\u0131k 2025 tarihinde, S\u00fcrd\u00fcr\u00fclebilirlik Akademisi ve\u2026<\/div><\/div><footer class=\"entry-footer\"><\/footer><span class='hidden'>\n\t\t\t\t<span class='av-structured-data'  itemprop=\"image\" itemscope=\"itemscope\" itemtype=\"https:\/\/schema.org\/ImageObject\" >\n\t\t\t\t\t\t<span itemprop='url'>https:\/\/ggd.org.tr\/en\/wp-content\/uploads\/2026\/03\/Surdurulebilir-gida-zirvesi_k.jpg<\/span>\n\t\t\t\t\t\t<span itemprop='height'>300<\/span>\n\t\t\t\t\t\t<span itemprop='width'>500<\/span>\n\t\t\t\t<\/span>\n\t\t\t\t<span class='av-structured-data'  itemprop=\"publisher\" itemtype=\"https:\/\/schema.org\/Organization\" itemscope=\"itemscope\" >\n\t\t\t\t\t\t<span itemprop='name'>admin-ggd<\/span>\n\t\t\t\t\t\t<span itemprop='logo' itemscope itemtype='https:\/\/schema.org\/ImageObject'>\n\t\t\t\t\t\t\t<span itemprop='url'>https:\/\/ggd.org.tr\/en\/wp-content\/uploads\/GGD-LOGO-PDF.svg<\/span>\n\t\t\t\t\t\t <\/span>\n\t\t\t\t<\/span><span class='av-structured-data'  itemprop=\"author\" itemscope=\"itemscope\" itemtype=\"https:\/\/schema.org\/Person\" ><span itemprop='name'>admin-ggd<\/span><\/span><span class='av-structured-data'  itemprop=\"datePublished\" datetime=\"2021-04-30T12:57:00+03:00\" >2025-12-19 08:54:21<\/span><span class='av-structured-data'  itemprop=\"dateModified\" itemtype=\"https:\/\/schema.org\/dateModified\" >2026-03-16 08:57:22<\/span><span class='av-structured-data'  itemprop=\"mainEntityOfPage\" itemtype=\"https:\/\/schema.org\/mainEntityOfPage\" ><span itemprop='name'>Sustainable Food Summit<\/span><\/span><\/span><\/article><article class='slide-entry flex_column  post-entry post-entry-4501 slide-entry-overview slide-loop-6 slide-parity-odd  post-entry-last  av_one_third  real-thumbnail post-format-standard'  itemscope=\"itemscope\" itemtype=\"https:\/\/schema.org\/CreativeWork\" ><a href='https:\/\/ggd.org.tr\/en\/how-should-we-implement-safe-pest-management-in-the-food-sector-online-training-was-held\/' data-rel='slide-1' class='slide-image' title='How Should We Implement Safe Pest Management in the Food Sector? Online Training Was Held'><img width=\"500\" height=\"300\" src=\"https:\/\/ggd.org.tr\/en\/wp-content\/uploads\/2026\/03\/hasere-egitimi_k.jpg\" class=\"wp-image-4502 avia-img-lazy-loading-not-4502 attachment-no scaling size-no scaling wp-post-image\" alt=\"\" srcset=\"https:\/\/ggd.org.tr\/en\/wp-content\/uploads\/2026\/03\/hasere-egitimi_k.jpg 500w, https:\/\/ggd.org.tr\/en\/wp-content\/uploads\/2026\/03\/hasere-egitimi_k-300x180.jpg 300w\" sizes=\"(max-width: 500px) 100vw, 500px\" \/><\/a><div class='slide-content'><header class=\"entry-content-header\"><h3 class='slide-entry-title entry-title '  itemprop=\"headline\" ><a href='https:\/\/ggd.org.tr\/en\/how-should-we-implement-safe-pest-management-in-the-food-sector-online-training-was-held\/' title='How Should We Implement Safe Pest Management in the Food Sector? Online Training Was Held'>How Should We Implement Safe Pest Management in the Food Sector? Online Training Was Held<\/a><\/h3><span class=\"av-vertical-delimiter\"><\/span><\/header><div class='slide-meta'><time class='slide-meta-time updated'  itemprop=\"datePublished\" datetime=\"2025-12-17T08:59:09+03:00\" >17 December 2025<\/time><\/div><div class='slide-entry-excerpt entry-content'  itemprop=\"text\" >G\u0131da sekt\u00f6r\u00fcnde g\u00fcvenli ha\u015fere y\u00f6netimini konu\u015fmak i\u00e7in\u2026<\/div><\/div><footer class=\"entry-footer\"><\/footer><span class='hidden'>\n\t\t\t\t<span class='av-structured-data'  itemprop=\"image\" itemscope=\"itemscope\" itemtype=\"https:\/\/schema.org\/ImageObject\" >\n\t\t\t\t\t\t<span itemprop='url'>https:\/\/ggd.org.tr\/en\/wp-content\/uploads\/2026\/03\/hasere-egitimi_k.jpg<\/span>\n\t\t\t\t\t\t<span itemprop='height'>300<\/span>\n\t\t\t\t\t\t<span itemprop='width'>500<\/span>\n\t\t\t\t<\/span>\n\t\t\t\t<span class='av-structured-data'  itemprop=\"publisher\" itemtype=\"https:\/\/schema.org\/Organization\" itemscope=\"itemscope\" >\n\t\t\t\t\t\t<span itemprop='name'>admin-ggd<\/span>\n\t\t\t\t\t\t<span itemprop='logo' itemscope itemtype='https:\/\/schema.org\/ImageObject'>\n\t\t\t\t\t\t\t<span itemprop='url'>https:\/\/ggd.org.tr\/en\/wp-content\/uploads\/GGD-LOGO-PDF.svg<\/span>\n\t\t\t\t\t\t <\/span>\n\t\t\t\t<\/span><span class='av-structured-data'  itemprop=\"author\" itemscope=\"itemscope\" itemtype=\"https:\/\/schema.org\/Person\" ><span itemprop='name'>admin-ggd<\/span><\/span><span class='av-structured-data'  itemprop=\"datePublished\" datetime=\"2021-04-30T12:57:00+03:00\" >2025-12-17 08:59:09<\/span><span class='av-structured-data'  itemprop=\"dateModified\" itemtype=\"https:\/\/schema.org\/dateModified\" >2026-03-16 09:00:19<\/span><span class='av-structured-data'  itemprop=\"mainEntityOfPage\" itemtype=\"https:\/\/schema.org\/mainEntityOfPage\" ><span itemprop='name'>How Should We Implement Safe Pest Management in the Food Sector? Online Training Was Held<\/span><\/span><\/span><\/article><\/div><\/div><div class='avia-slideshow-arrows avia-slideshow-controls'><a href='#prev' class='prev-slide' aria-hidden='true' data-av_icon='\ue87c' data-av_iconfont='entypo-fontello'>Previous<\/a><a href='#next' class='next-slide' aria-hidden='true' data-av_icon='\ue87d' data-av_iconfont='entypo-fontello'>Next<\/a><\/div><\/div><br \/>\n<div  class='avia-button-wrap avia-button-center  avia-builder-el-4  el_after_av_postslider  avia-builder-el-last ' ><a href='https:\/\/ggd.org.tr\/en\/kategori\/news-and-announcement\/'  class='avia-button  avia-color-theme-color   avia-icon_select-yes-left-icon avia-size-small avia-position-center '   ><span class='avia_button_icon avia_button_icon_left ' aria-hidden='true' data-av_icon='\ue810' data-av_iconfont='entypo-fontello'><\/span><span class='avia_iconbox_title' >All News<\/span><\/a><\/div><\/p><\/div><\/div><\/div><\/main><!-- close content main element --><\/div><\/div><div id='after_section_1'  class='main_color av_default_container_wrap container_wrap sidebar_right' style=' '  ><div class='container' ><div class='template-page content  av-content-small alpha units'><div class='post-entry post-entry-type-page post-entry-623'><div class='entry-content-wrapper clearfix'>\n","protected":false},"excerpt":{"rendered":"","protected":false},"author":1,"featured_media":0,"parent":0,"menu_order":0,"comment_status":"closed","ping_status":"closed","template":"","meta":[],"_links":{"self":[{"href":"https:\/\/ggd.org.tr\/en\/wp-json\/wp\/v2\/pages\/623"}],"collection":[{"href":"https:\/\/ggd.org.tr\/en\/wp-json\/wp\/v2\/pages"}],"about":[{"href":"https:\/\/ggd.org.tr\/en\/wp-json\/wp\/v2\/types\/page"}],"author":[{"embeddable":true,"href":"https:\/\/ggd.org.tr\/en\/wp-json\/wp\/v2\/users\/1"}],"replies":[{"embeddable":true,"href":"https:\/\/ggd.org.tr\/en\/wp-json\/wp\/v2\/comments?post=623"}],"version-history":[{"count":8,"href":"https:\/\/ggd.org.tr\/en\/wp-json\/wp\/v2\/pages\/623\/revisions"}],"predecessor-version":[{"id":4487,"href":"https:\/\/ggd.org.tr\/en\/wp-json\/wp\/v2\/pages\/623\/revisions\/4487"}],"wp:attachment":[{"href":"https:\/\/ggd.org.tr\/en\/wp-json\/wp\/v2\/media?parent=623"}],"curies":[{"name":"wp","href":"https:\/\/api.w.org\/{rel}","templated":true}]}}