{"id":614,"date":"2021-04-30T11:50:31","date_gmt":"2021-04-30T08:50:31","guid":{"rendered":"https:\/\/ggd.org.tr\/en\/?page_id=614"},"modified":"2022-05-26T16:06:05","modified_gmt":"2022-05-26T13:06:05","slug":"reports-of-the-experts-committee","status":"publish","type":"page","link":"https:\/\/ggd.org.tr\/en\/reports-of-the-experts-committee\/","title":{"rendered":"Reports of the Experts Committee"},"content":{"rendered":"<div class=\"flex_column av_one_full  av-animated-generic bottom-to-top  flex_column_div av-zero-column-padding first  avia-builder-el-0  avia-builder-el-no-sibling  \" style='border-radius:0px; '><div  class='av-alb-blogposts template-blog  av-blog-meta-author-disabled av-blog-meta-comments-disabled av-blog-meta-html-info-disabled '  itemscope=\"itemscope\" itemtype=\"https:\/\/schema.org\/Blog\" ><article class='post-entry post-entry-type-standard post-entry-4274 post-loop-1 post-parity-odd bloglist-excerpt  post-4274 post type-post status-publish format-standard hentry category-uzmanlar-komitesi-raporlari'  itemscope=\"itemscope\" itemtype=\"https:\/\/schema.org\/BlogPosting\" ><div class='blog-meta'><\/div><div class='entry-content-wrapper clearfix standard-content'><header class=\"entry-content-header\"><h2 class='post-title entry-title '  itemprop=\"headline\" >\t<a href='https:\/\/ggd.org.tr\/en\/rasff-report-2022-about-turkey-2\/' rel='bookmark' title='Permanent Link: RASFF Report 2022 About Turkey'>RASFF Report 2022 About Turkey\t\t\t<span class='post-format-icon minor-meta'><\/span>\t<\/a><\/h2><span class='post-meta-infos'><time class='date-container minor-meta updated' >7 July 2023<\/time><span class='text-sep text-sep-date'>\/<\/span><span class=\"blog-categories minor-meta\">in <a href=\"https:\/\/ggd.org.tr\/en\/kategori\/uzmanlar-komitesi-raporlari\/\" rel=\"tag\">Uzmanlar Komitesi Raporlar\u0131<\/a> <\/span><span class=\"text-sep text-sep-cat\">\/<\/span><span class=\"blog-author minor-meta\">by <span class=\"entry-author-link\"  itemprop=\"author\" ><span class=\"author\"><span class=\"fn\"><a href=\"https:\/\/ggd.org.tr\/en\/author\/admin-ggd\/\" title=\"Posts by admin-ggd\" rel=\"author\">admin-ggd<\/a><\/span><\/span><\/span><\/span><\/span><\/header><p>G\u0131da G\u00fcvenli\u011fi Derne\u011fi, kuruldu\u011fu y\u0131ldan bu yana g\u0131da g\u00fcvenli\u011fi ortak\u00a0paydas\u0131nda toplumun her kesimine bilim temelli objektif bir bak\u0131\u015fla \u0131\u015f\u0131k tutmaya\u00a0\u00e7al\u0131\u015fmakta ve bu ama\u00e7la pek \u00e7ok \u00e7al\u0131\u015fmalar yapmaktad\u0131r. G\u0131da g\u00fcvenli\u011finin sa\u011flanmas\u0131nda belki de en hayati ad\u0131m olan do\u011fru bilgiye ula\u015f\u0131lmas\u0131na katk\u0131 sunmak amac\u0131yla Avrupa Birli\u011fi G\u0131da ve Yem \u0130\u00e7in H\u0131zl\u0131 Uyar\u0131 Sistemi (RASFF) bildirimleri T\u00fcrk\u00e7e\u2019 ye [&hellip;]<\/p>\n<div class=\"read-more-link\"><a href=\"https:\/\/ggd.org.tr\/en\/rasff-report-2022-about-turkey-2\/\" class=\"more-link\">Read more<span class=\"more-link-arrow\"><\/span><\/a><\/div><footer class=\"entry-footer\"><\/footer><div class='post_delimiter'><\/div><\/div><div class='post_author_timeline'><\/div><span class='hidden'>\n\t\t\t\t<span class='av-structured-data'  itemprop=\"image\" itemscope=\"itemscope\" itemtype=\"https:\/\/schema.org\/ImageObject\" >\n\t\t\t\t\t\t<span itemprop='url'>https:\/\/ggd.org.tr\/en\/wp-content\/uploads\/GGD-LOGO-PDF.svg<\/span>\n\t\t\t\t\t\t<span itemprop='height'>0<\/span>\n\t\t\t\t\t\t<span itemprop='width'>0<\/span>\n\t\t\t\t<\/span>\n\t\t\t\t<span class='av-structured-data'  itemprop=\"publisher\" itemtype=\"https:\/\/schema.org\/Organization\" itemscope=\"itemscope\" >\n\t\t\t\t\t\t<span itemprop='name'>admin-ggd<\/span>\n\t\t\t\t\t\t<span itemprop='logo' itemscope itemtype='https:\/\/schema.org\/ImageObject'>\n\t\t\t\t\t\t\t<span itemprop='url'>https:\/\/ggd.org.tr\/en\/wp-content\/uploads\/GGD-LOGO-PDF.svg<\/span>\n\t\t\t\t\t\t <\/span>\n\t\t\t\t<\/span><span class='av-structured-data'  itemprop=\"author\" itemscope=\"itemscope\" itemtype=\"https:\/\/schema.org\/Person\" ><span itemprop='name'>admin-ggd<\/span><\/span><span class='av-structured-data'  itemprop=\"datePublished\" datetime=\"2023-07-07T20:37:48+03:00\" >2023-07-07 20:37:48<\/span><span class='av-structured-data'  itemprop=\"dateModified\" itemtype=\"https:\/\/schema.org\/dateModified\" >2023-12-11 20:39:32<\/span><span class='av-structured-data'  itemprop=\"mainEntityOfPage\" itemtype=\"https:\/\/schema.org\/mainEntityOfPage\" ><span itemprop='name'>RASFF Report 2022 About Turkey<\/span><\/span><\/span><\/article><article class='post-entry post-entry-type-standard post-entry-2858 post-loop-2 post-parity-even bloglist-excerpt  post-2858 post type-post status-publish format-standard hentry category-uzmanlar-komitesi-raporlari'  itemscope=\"itemscope\" itemtype=\"https:\/\/schema.org\/BlogPosting\" ><div class='blog-meta'><\/div><div class='entry-content-wrapper clearfix standard-content'><header class=\"entry-content-header\"><h2 class='post-title entry-title '  itemprop=\"headline\" >\t<a href='https:\/\/ggd.org.tr\/en\/2858-2\/' rel='bookmark' title='Permanent Link: Function and Safety of Food Additives'>Function and Safety of Food Additives\t\t\t<span class='post-format-icon minor-meta'><\/span>\t<\/a><\/h2><span class='post-meta-infos'><time class='date-container minor-meta updated' >10 August 2020<\/time><span class='text-sep text-sep-date'>\/<\/span><span class=\"blog-categories minor-meta\">in <a href=\"https:\/\/ggd.org.tr\/en\/kategori\/uzmanlar-komitesi-raporlari\/\" rel=\"tag\">Uzmanlar Komitesi Raporlar\u0131<\/a> <\/span><span class=\"text-sep text-sep-cat\">\/<\/span><span class=\"blog-author minor-meta\">by <span class=\"entry-author-link\"  itemprop=\"author\" ><span class=\"author\"><span class=\"fn\"><a href=\"https:\/\/ggd.org.tr\/en\/author\/admin-ggd\/\" title=\"Posts by admin-ggd\" rel=\"author\">admin-ggd<\/a><\/span><\/span><\/span><\/span><\/span><\/header><p>GGD G\u0131da Katk\u0131 Maddeleri Bilimsel Komitesi taraf\u0131ndan haz\u0131rlanan &#8220;G\u0131da Katk\u0131 Maddelerinin \u0130\u015flevi ve G\u00fcvenli\u011fi Raporu&#8221; Beslenme ve Diyetetik Kitab\u0131 G\u00fcncel Konular 9&#8217;da 13.B\u00f6l\u00fcmde yay\u0131nland\u0131.<\/p>\n<div class=\"read-more-link\"><a href=\"https:\/\/ggd.org.tr\/en\/2858-2\/\" class=\"more-link\">Read more<span class=\"more-link-arrow\"><\/span><\/a><\/div><footer class=\"entry-footer\"><\/footer><div class='post_delimiter'><\/div><\/div><div class='post_author_timeline'><\/div><span class='hidden'>\n\t\t\t\t<span class='av-structured-data'  itemprop=\"image\" itemscope=\"itemscope\" itemtype=\"https:\/\/schema.org\/ImageObject\" >\n\t\t\t\t\t\t<span itemprop='url'>https:\/\/ggd.org.tr\/en\/wp-content\/uploads\/GGD-LOGO-PDF.svg<\/span>\n\t\t\t\t\t\t<span itemprop='height'>0<\/span>\n\t\t\t\t\t\t<span itemprop='width'>0<\/span>\n\t\t\t\t<\/span>\n\t\t\t\t<span class='av-structured-data'  itemprop=\"publisher\" itemtype=\"https:\/\/schema.org\/Organization\" itemscope=\"itemscope\" >\n\t\t\t\t\t\t<span itemprop='name'>admin-ggd<\/span>\n\t\t\t\t\t\t<span itemprop='logo' itemscope itemtype='https:\/\/schema.org\/ImageObject'>\n\t\t\t\t\t\t\t<span itemprop='url'>https:\/\/ggd.org.tr\/en\/wp-content\/uploads\/GGD-LOGO-PDF.svg<\/span>\n\t\t\t\t\t\t <\/span>\n\t\t\t\t<\/span><span class='av-structured-data'  itemprop=\"author\" itemscope=\"itemscope\" itemtype=\"https:\/\/schema.org\/Person\" ><span itemprop='name'>admin-ggd<\/span><\/span><span class='av-structured-data'  itemprop=\"datePublished\" datetime=\"2020-08-10T14:28:16+03:00\" >2020-08-10 14:28:16<\/span><span class='av-structured-data'  itemprop=\"dateModified\" itemtype=\"https:\/\/schema.org\/dateModified\" >2021-07-19 11:46:05<\/span><span class='av-structured-data'  itemprop=\"mainEntityOfPage\" itemtype=\"https:\/\/schema.org\/mainEntityOfPage\" ><span itemprop='name'>Function and Safety of Food Additives<\/span><\/span><\/span><\/article><article class='post-entry post-entry-type-standard post-entry-1183 post-loop-3 post-parity-odd bloglist-excerpt  post-1183 post type-post status-publish format-standard hentry category-uzmanlar-komitesi-raporlari'  itemscope=\"itemscope\" itemtype=\"https:\/\/schema.org\/BlogPosting\" ><div class='blog-meta'><\/div><div class='entry-content-wrapper clearfix standard-content'><header class=\"entry-content-header\"><h2 class='post-title entry-title '  itemprop=\"headline\" >\t<a href='https:\/\/ggd.org.tr\/en\/gida-bileseni-olarak-karbondioksit-co2in-fonksiyonel-ve-fizyolojik-etkileri\/' rel='bookmark' title='Permanent Link: Functional and Physiological Effects of Carbon Dioxide (CO2) as a Food Component'>Functional and Physiological Effects of Carbon Dioxide (CO2) as a Food Component\t\t\t<span class='post-format-icon minor-meta'><\/span>\t<\/a><\/h2><span class='post-meta-infos'><time class='date-container minor-meta updated' >1 June 2016<\/time><span class='text-sep text-sep-date'>\/<\/span><span class=\"blog-categories minor-meta\">in <a href=\"https:\/\/ggd.org.tr\/en\/kategori\/uzmanlar-komitesi-raporlari\/\" rel=\"tag\">Uzmanlar Komitesi Raporlar\u0131<\/a> <\/span><span class=\"text-sep text-sep-cat\">\/<\/span><span class=\"blog-author minor-meta\">by <span class=\"entry-author-link\"  itemprop=\"author\" ><span class=\"author\"><span class=\"fn\"><a href=\"https:\/\/ggd.org.tr\/en\/author\/admin-ggd\/\" title=\"Posts by admin-ggd\" rel=\"author\">admin-ggd<\/a><\/span><\/span><\/span><\/span><\/span><\/header><p>Prof.Dr. Ali Esat Karakaya \u2013 Gazi \u00dcniversitesi (Emekli \u00d6\u011fretim \u00dcyesi) Prof.Dr.Aziz Ek\u015fi \u2013 Avrupa Lefke \u00dcniversitesi Prof.Dr. Ne\u015fe Tuncel \u2013 Eski\u015fehir Osmangazi \u00dcniversitesi Samim Saner \u2013 G\u0131da G\u00fcvenli\u011fi Derne\u011fi (alfabetik s\u0131ralanm\u0131\u015ft\u0131r) 1.DO\u011eADA KARBOND\u0130OKS\u0130T D\u00d6NG\u00dcS\u00dc Karbondioksit (CO2, MA:44.01 g\/mol) normal bas\u0131n\u00e7 ve oda s\u0131cakl\u0131\u011f\u0131nda gaz formunda olan bir bile\u015fiktir. Bir litresinin a\u011f\u0131rl\u0131\u011f\u0131, 0\u00baC ve 760 mmHg [&hellip;]<\/p>\n<div class=\"read-more-link\"><a href=\"https:\/\/ggd.org.tr\/en\/gida-bileseni-olarak-karbondioksit-co2in-fonksiyonel-ve-fizyolojik-etkileri\/\" class=\"more-link\">Read more<span class=\"more-link-arrow\"><\/span><\/a><\/div><footer class=\"entry-footer\"><\/footer><div class='post_delimiter'><\/div><\/div><div class='post_author_timeline'><\/div><span class='hidden'>\n\t\t\t\t<span class='av-structured-data'  itemprop=\"image\" itemscope=\"itemscope\" itemtype=\"https:\/\/schema.org\/ImageObject\" >\n\t\t\t\t\t\t<span itemprop='url'>https:\/\/ggd.org.tr\/en\/wp-content\/uploads\/GGD-LOGO-PDF.svg<\/span>\n\t\t\t\t\t\t<span itemprop='height'>0<\/span>\n\t\t\t\t\t\t<span itemprop='width'>0<\/span>\n\t\t\t\t<\/span>\n\t\t\t\t<span class='av-structured-data'  itemprop=\"publisher\" itemtype=\"https:\/\/schema.org\/Organization\" itemscope=\"itemscope\" >\n\t\t\t\t\t\t<span itemprop='name'>admin-ggd<\/span>\n\t\t\t\t\t\t<span itemprop='logo' itemscope itemtype='https:\/\/schema.org\/ImageObject'>\n\t\t\t\t\t\t\t<span itemprop='url'>https:\/\/ggd.org.tr\/en\/wp-content\/uploads\/GGD-LOGO-PDF.svg<\/span>\n\t\t\t\t\t\t <\/span>\n\t\t\t\t<\/span><span class='av-structured-data'  itemprop=\"author\" itemscope=\"itemscope\" itemtype=\"https:\/\/schema.org\/Person\" ><span itemprop='name'>admin-ggd<\/span><\/span><span class='av-structured-data'  itemprop=\"datePublished\" datetime=\"2016-06-01T15:04:10+03:00\" >2016-06-01 15:04:10<\/span><span class='av-structured-data'  itemprop=\"dateModified\" itemtype=\"https:\/\/schema.org\/dateModified\" >2021-07-19 11:47:10<\/span><span class='av-structured-data'  itemprop=\"mainEntityOfPage\" itemtype=\"https:\/\/schema.org\/mainEntityOfPage\" ><span itemprop='name'>Functional and Physiological Effects of Carbon Dioxide (CO2) as a Food Component<\/span><\/span><\/span><\/article><article class='post-entry post-entry-type-standard post-entry-1179 post-loop-4 post-parity-even post-entry-last bloglist-excerpt  post-1179 post type-post status-publish format-standard hentry category-uzmanlar-komitesi-raporlari'  itemscope=\"itemscope\" itemtype=\"https:\/\/schema.org\/BlogPosting\" ><div class='blog-meta'><\/div><div class='entry-content-wrapper clearfix standard-content'><header class=\"entry-content-header\"><h2 class='post-title entry-title '  itemprop=\"headline\" >\t<a href='https:\/\/ggd.org.tr\/en\/karamel-ve-gida-guvenligi\/' rel='bookmark' title='Permanent Link: Caramel and Food Safety'>Caramel and Food Safety\t\t\t<span class='post-format-icon minor-meta'><\/span>\t<\/a><\/h2><span class='post-meta-infos'><time class='date-container minor-meta updated' >22 August 2014<\/time><span class='text-sep text-sep-date'>\/<\/span><span class=\"blog-categories minor-meta\">in <a href=\"https:\/\/ggd.org.tr\/en\/kategori\/uzmanlar-komitesi-raporlari\/\" rel=\"tag\">Uzmanlar Komitesi Raporlar\u0131<\/a> <\/span><span class=\"text-sep text-sep-cat\">\/<\/span><span class=\"blog-author minor-meta\">by <span class=\"entry-author-link\"  itemprop=\"author\" ><span class=\"author\"><span class=\"fn\"><a href=\"https:\/\/ggd.org.tr\/en\/author\/admin-ggd\/\" title=\"Posts by admin-ggd\" rel=\"author\">admin-ggd<\/a><\/span><\/span><\/span><\/span><\/span><\/header><p>Prof.Dr.Ali Esat KARAKAYA ; Prof.Dr.Aziz EK\u015e\u0130 ; Samim SANER G\u0131dalar, farkl\u0131 kimyasal bile\u015fiklerin kar\u0131\u015f\u0131m\u0131ndan olu\u015fan karma\u015f\u0131k sistemler olarak tan\u0131mlanabilir. Birbirlerinden fark\u0131, i\u00e7erdikleri kimyasal bile\u015fik say\u0131s\u0131n\u0131n ve miktarlar\u0131n\u0131n farkl\u0131 olmas\u0131d\u0131r. Bile\u015fik profili a\u00e7\u0131s\u0131ndan baz\u0131lar\u0131 daha basit(ya\u011f, \u015feker vb), baz\u0131lar\u0131 ise daha karma\u015f\u0131kt\u0131r(s\u00fct, et, vb.). G\u0131dalar\u0131n i\u00e7erdi\u011fi bile\u015fiklerin \u00e7o\u011fu i\u015flendi\u011fi hammaddeden kaynaklanmaktad\u0131r. Bunlar genellikle do\u011fal g\u0131da bile\u015fenleri [&hellip;]<\/p>\n<div class=\"read-more-link\"><a href=\"https:\/\/ggd.org.tr\/en\/karamel-ve-gida-guvenligi\/\" class=\"more-link\">Read more<span class=\"more-link-arrow\"><\/span><\/a><\/div><footer class=\"entry-footer\"><\/footer><div class='post_delimiter'><\/div><\/div><div class='post_author_timeline'><\/div><span class='hidden'>\n\t\t\t\t<span class='av-structured-data'  itemprop=\"image\" itemscope=\"itemscope\" itemtype=\"https:\/\/schema.org\/ImageObject\" >\n\t\t\t\t\t\t<span itemprop='url'>https:\/\/ggd.org.tr\/en\/wp-content\/uploads\/GGD-LOGO-PDF.svg<\/span>\n\t\t\t\t\t\t<span itemprop='height'>0<\/span>\n\t\t\t\t\t\t<span itemprop='width'>0<\/span>\n\t\t\t\t<\/span>\n\t\t\t\t<span class='av-structured-data'  itemprop=\"publisher\" itemtype=\"https:\/\/schema.org\/Organization\" itemscope=\"itemscope\" >\n\t\t\t\t\t\t<span itemprop='name'>admin-ggd<\/span>\n\t\t\t\t\t\t<span itemprop='logo' itemscope itemtype='https:\/\/schema.org\/ImageObject'>\n\t\t\t\t\t\t\t<span itemprop='url'>https:\/\/ggd.org.tr\/en\/wp-content\/uploads\/GGD-LOGO-PDF.svg<\/span>\n\t\t\t\t\t\t <\/span>\n\t\t\t\t<\/span><span class='av-structured-data'  itemprop=\"author\" itemscope=\"itemscope\" itemtype=\"https:\/\/schema.org\/Person\" ><span itemprop='name'>admin-ggd<\/span><\/span><span class='av-structured-data'  itemprop=\"datePublished\" datetime=\"2014-08-22T14:58:39+03:00\" >2014-08-22 14:58:39<\/span><span class='av-structured-data'  itemprop=\"dateModified\" itemtype=\"https:\/\/schema.org\/dateModified\" >2021-07-19 12:02:04<\/span><span class='av-structured-data'  itemprop=\"mainEntityOfPage\" itemtype=\"https:\/\/schema.org\/mainEntityOfPage\" ><span itemprop='name'>Caramel and Food Safety<\/span><\/span><\/span><\/article><div class='bloglist-excerpt'><\/div><\/div><\/div>\n","protected":false},"excerpt":{"rendered":"","protected":false},"author":1,"featured_media":0,"parent":0,"menu_order":0,"comment_status":"closed","ping_status":"closed","template":"","meta":[],"_links":{"self":[{"href":"https:\/\/ggd.org.tr\/en\/wp-json\/wp\/v2\/pages\/614"}],"collection":[{"href":"https:\/\/ggd.org.tr\/en\/wp-json\/wp\/v2\/pages"}],"about":[{"href":"https:\/\/ggd.org.tr\/en\/wp-json\/wp\/v2\/types\/page"}],"author":[{"embeddable":true,"href":"https:\/\/ggd.org.tr\/en\/wp-json\/wp\/v2\/users\/1"}],"replies":[{"embeddable":true,"href":"https:\/\/ggd.org.tr\/en\/wp-json\/wp\/v2\/comments?post=614"}],"version-history":[{"count":3,"href":"https:\/\/ggd.org.tr\/en\/wp-json\/wp\/v2\/pages\/614\/revisions"}],"predecessor-version":[{"id":3981,"href":"https:\/\/ggd.org.tr\/en\/wp-json\/wp\/v2\/pages\/614\/revisions\/3981"}],"wp:attachment":[{"href":"https:\/\/ggd.org.tr\/en\/wp-json\/wp\/v2\/media?parent=614"}],"curies":[{"name":"wp","href":"https:\/\/api.w.org\/{rel}","templated":true}]}}