{"id":556,"date":"2021-04-30T09:53:25","date_gmt":"2021-04-30T06:53:25","guid":{"rendered":"https:\/\/ggd.org.tr\/en\/?page_id=556"},"modified":"2021-07-19T10:11:49","modified_gmt":"2021-07-19T07:11:49","slug":"scientific-advisory-board","status":"publish","type":"page","link":"https:\/\/ggd.org.tr\/en\/scientific-advisory-board\/","title":{"rendered":"Scientific Advisory Board"},"content":{"rendered":"<div class=\"flex_column av_one_full  av-animated-generic bottom-to-top  flex_column_div av-zero-column-padding first  avia-builder-el-0  avia-builder-el-no-sibling  \" style='border-radius:0px; '><p><div  style='padding-bottom:0px; margin:0 0 0 0; ' class='av-special-heading av-special-heading-h3  blockquote modern-quote  avia-builder-el-1  el_before_av_table  avia-builder-el-first  '><h3 class='av-special-heading-tag '  itemprop=\"headline\"  >President of Scientific Advisory Committee of Congress<\/h3><div class='special-heading-border'><div class='special-heading-inner-border' ><\/div><\/div><\/div><br \/>\n<div class='avia-data-table-wrap avia_responsive_table'><table  class='avia-table avia-data-table avia-table-1  avia-builder-el-2  el_after_av_heading  el_before_av_heading  uyeler-table avia_pricing_default '  itemscope=\"itemscope\" itemtype=\"https:\/\/schema.org\/Table\" ><tbody><tr class=''><td class=''>Prof. Dr. Barbaros \u00d6zer &#8211; Ankara \u00dcniversitesi<\/td><\/tr><\/tbody><\/table><\/div><style type='text\/css'><\/style><br \/>\n<div  style='padding-bottom:0px; margin:0 0 0 0; ' class='av-special-heading av-special-heading-h3  blockquote modern-quote  avia-builder-el-3  el_after_av_table  el_before_av_table  '><h3 class='av-special-heading-tag '  itemprop=\"headline\"  >Scientific Advisory Board Members<\/h3><div class='special-heading-border'><div class='special-heading-inner-border' ><\/div><\/div><\/div><br \/>\n<div class='avia-data-table-wrap avia_responsive_table'><table  class='avia-table avia-data-table avia-table-2  avia-builder-el-4  el_after_av_heading  el_before_av_textblock  uyeler-table avia_pricing_default '  itemscope=\"itemscope\" itemtype=\"https:\/\/schema.org\/Table\" ><tbody><tr class=''><td class=''>Prof. Dr. Ali Esat Karakaya &#8211; Gazi \u00dcniversitesi Emekli \u00d6\u011fretim \u00dcyesi<\/p>\n<p><\/td><\/tr><tr class=''><td class=''>Prof. Dr. Artemis Karaali &#8211; Yeditepe \u00dcniversitesi Emekli \u00d6\u011fretim \u00dcyesi<\/p>\n<p><\/td><\/tr><tr class=''><td class=''>Prof. Dr. At\u0131f Can Seydim &#8211; S\u00fcleyman Demirel \u00dcniversitesi<\/p>\n<p><\/td><\/tr><tr class=''><td class=''>Prof. Dr. Ayhan Filazi &#8211; Ankara \u00dcniversitesi<\/p>\n<p><\/td><\/tr><tr class=''><td class=''>Prof. Dr. Aykut Ayta\u00e7 &#8211; Hacettepe \u00dcniversitesi<\/p>\n<p><\/td><\/tr><tr class=''><td class=''>Prof. Dr. Aziz Ek\u015fi &#8211; Lefke Avrupa \u00dcniversitesi<\/p>\n<p><\/td><\/tr><tr class=''><td class=''>Prof. Dr. Bayram \u00d6zt\u00fcrk \u2013 \u0130stanbul \u00dcniversitesi<\/p>\n<p><\/td><\/tr><tr class=''><td class=''>Prof. Dr. Bernd van der Meulen &#8211; Avrupa G\u0131da Hukuku Enstit\u00fcs\u00fc, Hollanda<\/p>\n<p><\/td><\/tr><tr class=''><td class=''>Prof. Dr. Beraat \u00d6z\u00e7elik &#8211; \u0130stanbul Teknik \u00dcniversitesi<\/p>\n<p><\/td><\/tr><tr class=''><td class=''>Do\u00e7. Dr. Birce Taban \u2013Ankara \u00dcniversitesi<\/p>\n<p><\/td><\/tr><tr class=''><td class=''>Prof. Dr. Candan G\u00fcrakan &#8211; Orta Do\u011fu Teknik \u00dcniversitesi<\/p>\n<p><\/td><\/tr><tr class=''><td class=''>Prof. Dr. Celalettin Ko\u00e7ak \u2013 Ankara \u00dcniversitesi Emekli \u00d6\u011fretim \u00dcyesi<\/p>\n<p><\/td><\/tr><tr class=''><td class=''>Prof. Dr. Cengiz Caner &#8211; \u00c7anakkale Onsekiz Mart \u00dcniversitesi<\/p>\n<p><\/td><\/tr><tr class=''><td class=''>Prof. Dr. Chris Griffith &#8211; \u0130ngiliz G\u0131da Dergisi, \u0130ngiltere (British Food Journal)<\/p>\n<p><\/td><\/tr><tr class=''><td class=''>Prof. Dr. \u00c7a\u011fatay G\u00fcler &#8211; Hacettepe \u00dcniversitesi<\/p>\n<p><\/td><\/tr><tr class=''><td class=''>Dr. David Rodr\u00edguez-L\u00e1zaro &#8211; Burgos \u00dcniversitesi, \u0130spanya<\/p>\n<p><\/td><\/tr><tr class=''><td class=''>Prof. Dr. Emel Alphan &#8211; \u0130stanbul Bilim \u00dcniversitesi<\/p>\n<p><\/td><\/tr><tr class=''><td class=''>Prof. Dr. Emel Sezgin &#8211; Ankara \u00dcniversitesi Emekli \u00d6\u011fretim \u00dcyesi<\/p>\n<p><\/td><\/tr><tr class=''><td class=''>Do\u00e7. Dr. Emre Keskin \u2013 Ankara \u00dcniversitesi<\/p>\n<p><\/td><\/tr><tr class=''><td class=''>Prof. Dr. Erdem Ye\u015filada \u2013 Yeditepe \u00dcniversitesi<\/p>\n<p><\/td><\/tr><tr class=''><td class=''>Yrd. Do\u00e7. Dr. Esra \u00c7apano\u011flu &#8211; \u0130stanbul Teknik \u00dcniversitesi<\/p>\n<p><\/td><\/tr><tr class=''><td class=''>Prof. Dr. Fahrettin G\u00f6\u011f\u00fc\u015f &#8211; Gaziantep \u00dcniversitesi<\/p>\n<p><\/td><\/tr><tr class=''><td class=''>Prof. Dr. Faruk Bozo\u011flu &#8211; Orta Do\u011fu Teknik \u00dcniversitesi<\/p>\n<p><\/td><\/tr><tr class=''><td class=''>Prof. Dr. Franz Allerberger &#8211; Avusturya Sa\u011fl\u0131k ve G\u0131da G\u00fcvenli\u011fi Ajans\u0131, Avusturya<\/p>\n<p><\/td><\/tr><tr class=''><td class=''>Prof. Dr. George Kvesitadze &#8211; Biyokimya Enstit\u00fcs\u00fc, G\u00fcrcistan<\/p>\n<p><\/td><\/tr><tr class=''><td class=''>Prof. Dr. G\u00fclden Pekcan &#8211; Hacettepe \u00dcniversitesi<\/p>\n<p><\/td><\/tr><tr class=''><td class=''>Do\u00e7. Dr. G\u00fcls\u00fcn Akdemir Evrendilek &#8211; Abant \u0130zzet Baysal \u00dcniversitesi<\/p>\n<p><\/td><\/tr><tr class=''><td class=''>Prof. Dr. G\u00fcrhan \u00c7ift\u00e7io\u011flu &#8211; \u0130stanbul \u00dcniversitesi<\/p>\n<p><\/td><\/tr><tr class=''><td class=''>Prof. Dr. Hakan Yard\u0131mc\u0131 &#8211; Ankara \u00dcniversitesi<\/p>\n<p><\/td><\/tr><tr class=''><td class=''>Prof. Dr. Hami Alpas &#8211; Orta Do\u011fu Teknik \u00dcniversitesi<\/p>\n<p><\/td><\/tr><tr class=''><td class=''>Prof. Dr. Hasan Yetim &#8211; \u0130stanbul Geli\u015fim \u00dcniversitesi<\/p>\n<p><\/td><\/tr><tr class=''><td class=''>Prof. Dr. \u0130brahim Ekiz &#8211; Mersin \u00dcniversitesi<\/p>\n<p><\/td><\/tr><tr class=''><td class=''>Prof.Dr.Kadir Bal &#8211; \u0130stanbul \u00dcniversitesi<\/p>\n<p><\/td><\/tr><tr class=''><td class=''>Prof.Dr.Kamile Nazan Turhan &#8211; \u0130zmir Ekonomi \u00dcniversitesi<\/p>\n<p><\/td><\/tr><tr class=''><td class=''>Prof. Dr. Kata Galic &#8211; Zagreb \u00dcniversitesi, H\u0131rvatistan<\/p>\n<p><\/td><\/tr><tr class=''><td class=''>Prof. Dr. Kemal K\u00fc\u00e7\u00fckersan &#8211; Ankara \u00dcniversitesi<\/p>\n<p><\/td><\/tr><tr class=''><td class=''>Prof. Dr. Ladislav Kokoska &#8211; \u00c7ek Ya\u015fam Bilimleri Enstit\u00fcs\u00fc, \u00c7ek Cumhuriyeti<\/p>\n<p><\/td><\/tr><tr class=''><td class=''>Prof. Dr. Lee-Ann Jaykus &#8211; Kuzey Karolina Eyalet \u00dcniversitesi, ABD<\/p>\n<p><\/td><\/tr><tr class=''><td class=''>Prof. Dr. Mansel Griffiths \u2013 Guelph \u00dcniversitesi Kanada G\u0131da G\u00fcvenli\u011fi Ara\u015ft\u0131rma Enstit\u00fcs\u00fc, Kanada<\/p>\n<p><\/td><\/tr><tr class=''><td class=''>Prof. Dr. Martin Wagner &#8211; Viyana \u00dcniversitesi, Avusturya<\/p>\n<p><\/td><\/tr><tr class=''><td class=''>Prof. Dr. Matthias Kaiser &#8211; Bergen \u00dcniversitesi, Norve\u00e7<\/p>\n<p><\/td><\/tr><tr class=''><td class=''>Prof. Dr. Mehmet Demirci &#8211; Nam\u0131k Kemal \u00dcniversitesi<\/p>\n<p><\/td><\/tr><tr class=''><td class=''>Prof. Dr. Mehmet G\u00fcven &#8211; \u00c7ukurova \u00dcniversitesi<\/p>\n<p><\/td><\/tr><tr class=''><td class=''>Prof. Dr. Meral K\u0131l\u0131\u00e7 Aky\u0131lmaz \u2013 \u0130stanbul Teknik \u00dcniversitesi<\/p>\n<p><\/td><\/tr><tr class=''><td class=''>Prof. Dr. Muhittin Tayfur \u2013 Ba\u015fkent \u00dcniversitesi<\/p>\n<p><\/td><\/tr><tr class=''><td class=''>Prof. Dr. Murat Y\u0131ld\u0131r\u0131m &#8211; \u0130stanbul \u00dcniversitesi<\/p>\n<p><\/td><\/tr><tr class=''><td class=''>Prof.Dr. Mustafa Has\u00f6ks\u00fcz &#8211; \u0130stanbul \u00dcniversitesi<\/p>\n<p><\/td><\/tr><tr class=''><td class=''>Prof. Dr. M\u00fckerrem Kaya &#8211; Atat\u00fcrk \u00dcniversitesi<\/p>\n<p><\/td><\/tr><tr class=''><td class=''>Prof. Dr. Nafiz Delen &#8211; Ege \u00dcniversitesi<\/p>\n<p><\/td><\/tr><tr class=''><td class=''>Prof. Dr. Necla Aran &#8211; \u0130stanbul Teknik \u00dcniversitesi Emekli \u00d6\u011fretim \u00dcyesi<\/p>\n<p><\/td><\/tr><tr class=''><td class=''>Prof. Dr. Nevzat Art\u0131k &#8211; Ankara \u00dcniversitesi<\/p>\n<p><\/td><\/tr><tr class=''><td class=''>Prof. Dr. Numan Akman &#8211; Ankara \u00dcniversitesi<\/p>\n<p><\/td><\/tr><tr class=''><td class=''>Prof. Dr. Nuray Yaz\u0131han &#8211; Ankara \u00dcniversitesi<\/p>\n<p><\/td><\/tr><tr class=''><td class=''>Prof. Dr. \u00d6mer Utku \u00c7opur &#8211; Uluda\u011f \u00dcniversitesi<\/p>\n<p><\/td><\/tr><tr class=''><td class=''>Prof. Dr. Patrick Wall &#8211; Dublin Universitesi, \u0130rlanda<\/p>\n<p><\/td><\/tr><tr class=''><td class=''>Prof. Dr. Pelin Ar\u0131bal Ayral \u2013 Ankara \u00dcniversitesi<\/p>\n<p><\/td><\/tr><tr class=''><td class=''>R.Petek Ataman &#8211; K\u0131br\u0131s Yak\u0131n Do\u011fu \u00dcniversitesi<\/p>\n<p><\/td><\/tr><tr class=''><td class=''>Prof. Dr. Peter Raspor &#8211; Ljubljana \u00dcniversitesi, Slovenya<\/p>\n<p><\/td><\/tr><tr class=''><td class=''>Prof. Dr. Sedat Yerli &#8211; Hacettepe \u00dcniversitesi<\/p>\n<p><\/td><\/tr><tr class=''><td class=''>Prof. Dr. Selim \u00c7etiner &#8211; Sabanc\u0131 \u00dcniversitesi<\/p>\n<p><\/td><\/tr><tr class=''><td class=''>Prof. Dr. Semih \u00d6tle\u015f &#8211; Ege \u00dcniversitesi<\/p>\n<p><\/td><\/tr><tr class=''><td class=''>Prof. Dr. Semra Kayaard\u0131 &#8211; Celal Bayar \u00dcniversitesi<\/p>\n<p><\/td><\/tr><tr class=''><td class=''>Prof. Dr. Sevin\u00e7 Y\u00fccecan \u2013 K\u0131br\u0131s Yak\u0131n Do\u011fu \u00dcniversitesi<\/p>\n<p><\/td><\/tr><tr class=''><td class=''>Prof. Dr. Sonja Smole Mozina &#8211; Ljubljana Universitesi, Slovenya<\/p>\n<p><\/td><\/tr><tr class=''><td class=''>Prof. Dr. S\u00fchendan Mol Tokay &#8211; \u0130stanbul \u00dcniversitesi<\/p>\n<p><\/td><\/tr><tr class=''><td class=''>Dr. Tamas Petrovic &#8211; Veteriner Bilimleri Enstit\u00fcs\u00fc, Karada\u011f<\/p>\n<p><\/td><\/tr><tr class=''><td class=''>Prof. Dr. Taner Baysal &#8211; Ege \u00dcniversitesi<\/p>\n<p><\/td><\/tr><tr class=''><td class=''>Prof. Dr. Tansel \u015eireli &#8211; Ankara \u00dcniversitesi<\/p>\n<p><\/td><\/tr><tr class=''><td class=''>Prof. Dr. Tayfun A\u011far &#8211; \u00c7ukurova \u00dcniversitesi Emekli \u00d6\u011fretim \u00dcyesi<\/p>\n<p><\/td><\/tr><tr class=''><td class=''>Prof. Dr. \u00dcmit G\u00fcrb\u00fcz &#8211; Sel\u00e7uk \u00dcniversitesi<\/p>\n<p><\/td><\/tr><tr class=''><td class=''>Prof. Dr. Vincenzo Fogliano &#8211; Napoli \u00dcniversitesi<\/p>\n<p><\/td><\/tr><tr class=''><td class=''>Prof. Dr. Volkan Korten &#8211; Marmara \u00dcniversitesi<\/p>\n<p><\/td><\/tr><tr class=''><td class=''>Prof. Dr. Vural G\u00f6kmen &#8211; Hacettepe \u00dcniversitesi<\/p>\n<p><\/td><\/tr><tr class=''><td class=''>Prof. Dr. Yasemin Beyhan &#8211; Hali\u00e7 \u00dcniversitesi<\/p>\n<p><\/td><\/tr><tr class=''><td class=''>Prof. Dr. Ye\u015fim Ekinci &#8211; Yeditepe \u00dcniversitesi<\/p>\n<p><\/td><\/tr><tr class=''><td class=''>Prof. Dr. Zehra Ayhan &#8211; Sakarya \u00dcniversitesi<\/p>\n<p><\/td><\/tr><tr class=''><td class=''>Prof. Dr. Zerrin Erginkaya &#8211; \u00c7ukurova \u00dcniversitesi<\/p>\n<p><\/td><\/tr><\/tbody><\/table><\/div><style type='text\/css'><\/style><br \/>\n<section class=\"av_textblock_section \"  itemscope=\"itemscope\" itemtype=\"https:\/\/schema.org\/CreativeWork\" ><div class='avia_textblock  '   itemprop=\"text\" ><p><em>Alfabetik s\u0131ralanm\u0131\u015ft\u0131r<\/em><\/p>\n<\/div><\/section><\/p><\/div>\n","protected":false},"excerpt":{"rendered":"","protected":false},"author":1,"featured_media":0,"parent":0,"menu_order":0,"comment_status":"closed","ping_status":"closed","template":"","meta":[],"_links":{"self":[{"href":"https:\/\/ggd.org.tr\/en\/wp-json\/wp\/v2\/pages\/556"}],"collection":[{"href":"https:\/\/ggd.org.tr\/en\/wp-json\/wp\/v2\/pages"}],"about":[{"href":"https:\/\/ggd.org.tr\/en\/wp-json\/wp\/v2\/types\/page"}],"author":[{"embeddable":true,"href":"https:\/\/ggd.org.tr\/en\/wp-json\/wp\/v2\/users\/1"}],"replies":[{"embeddable":true,"href":"https:\/\/ggd.org.tr\/en\/wp-json\/wp\/v2\/comments?post=556"}],"version-history":[{"count":6,"href":"https:\/\/ggd.org.tr\/en\/wp-json\/wp\/v2\/pages\/556\/revisions"}],"predecessor-version":[{"id":3138,"href":"https:\/\/ggd.org.tr\/en\/wp-json\/wp\/v2\/pages\/556\/revisions\/3138"}],"wp:attachment":[{"href":"https:\/\/ggd.org.tr\/en\/wp-json\/wp\/v2\/media?parent=556"}],"curies":[{"name":"wp","href":"https:\/\/api.w.org\/{rel}","templated":true}]}}