{"id":542,"date":"2021-04-30T09:08:37","date_gmt":"2021-04-30T06:08:37","guid":{"rendered":"https:\/\/ggd.org.tr\/en\/?page_id=542"},"modified":"2026-02-09T16:05:35","modified_gmt":"2026-02-09T13:05:35","slug":"members","status":"publish","type":"page","link":"https:\/\/ggd.org.tr\/en\/members\/","title":{"rendered":"Members"},"content":{"rendered":"<div class=\"flex_column av_one_full  av-animated-generic bottom-to-top  flex_column_div av-zero-column-padding first  avia-builder-el-0  avia-builder-el-no-sibling  \" style='border-radius:0px; '><p><div  style='padding-bottom:0px; margin:0 0 0 0; ' class='av-special-heading av-special-heading-h3  blockquote modern-quote  avia-builder-el-1  el_before_av_table  avia-builder-el-first  '><h3 class='av-special-heading-tag '  itemprop=\"headline\"  >Members<\/h3><div class='special-heading-border'><div class='special-heading-inner-border' ><\/div><\/div><\/div><br \/>\n<div class='avia-data-table-wrap avia_responsive_table'><table  class='avia-table avia-data-table avia-table-1  avia-builder-el-2  el_after_av_heading  avia-builder-el-last  uyeler-table avia_pricing_default '  itemscope=\"itemscope\" itemtype=\"https:\/\/schema.org\/Table\" ><tbody><tr class=''><td class=''>A101 Yeni Ma\u011fazac\u0131l\u0131k A.\u015e<\/td><\/tr><tr class=''><td class=''>Abal\u0131o\u011flu Yem Soya Tekstil San.A.\u015e. (Lezita)<\/td><\/tr><tr class=''><td class=''>Ajinomoto G\u0131da San. ve Tic A.\u015e.<\/td><\/tr><tr class=''><td class=''>Akp\u0131nar S\u00fct A.\u015e.<\/td><\/tr><tr class=''><td class=''>Alt\u0131parmak Pazarlama Kollektif \u015eti. (Balparmak)<\/td><\/tr><tr class=''><td class=''>Anadolu Restoran \u0130\u015fletmeleri Ltd.\u015eti. &#8211; Mc Donald&#8217;s<\/td><\/tr><tr class=''><td class=''>Anako Yumurta A.\u015e.<\/td><\/tr><tr class=''><td class=''>Aromsa Besin Aroma ve Katk\u0131 Maddeleri San. ve Tic. A.\u015e.<\/td><\/tr><tr class=''><td class=''>Aybit Teknoloji A.\u015e.<\/td><\/tr><tr class=''><td class=''>Banvit Band\u0131rma Vitaminli Yem San. A.\u015e.<\/td><\/tr><tr class=''><td class=''>Barilla G\u0131da San.ve Tic.A.\u015e.<\/td><\/tr><tr class=''><td class=''>Belkim Kimyevi Maddeler Tic. ve San. A.\u015e.<\/td><\/tr><tr class=''><td class=''>Beypi Beypazari Tarimsal Uretim Paz San ve Tic. A.S<\/td><\/tr><tr class=''><td class=''>Bimbo QSR Turkey G\u0131da San. ve Tic.Ltd.\u015eti. <\/td><\/tr><tr class=''><td class=''>CarrefourSa Carrefour Sabanci Ticaret Merkezi A.S.<\/td><\/tr><tr class=''><td class=''>Coca-Cola Me\u015frubat, Pazarlama ve Dan\u0131\u015fmanl\u0131k Hizmetleri A.\u015e.<\/td><\/tr><tr class=''><td class=''>\u00c7evre End\u00fcstriyel Analiz San. ve Tic. A.\u015e.<\/td><\/tr><tr class=''><td class=''>Diversey Kimya San.ve Tic.A.\u015e<\/td><\/tr><tr class=''><td class=''>Dr.Oetker G\u0131da San.A.\u015e.<\/td><\/tr><tr class=''><td class=''>Dr.Shar Turkey G\u0131da San.ve Tic.A.\u015e. <\/td><\/tr><tr class=''><td class=''>Ecolab Temizleme Sistemleri A.S.<\/td><\/tr><tr class=''><td class=''>Erkon Konsantre San. ve Tic .A.\u015e.<\/td><\/tr><tr class=''><td class=''>Eti G\u0131da San. ve Tic. A.\u015e.<\/td><\/tr><tr class=''><td class=''>Eurofins Assurance Turkey Kalite ve Denetim Hizm.Ltd.\u015eti.<\/td><\/tr><tr class=''><td class=''>Eurofins \u0130zmir G\u0131da Analiz Laboratuvarlar\u0131 Ltd. \u015eti.<\/td><\/tr><tr class=''><td class=''>G2m Eksper Sat\u0131\u015f ve Da\u011f\u0131t\u0131m Hizmetleri A.\u015e.<\/td><\/tr><tr class=''><td class=''>Gedik Tavuk\u00e7uluk ve Tar\u0131m \u00dcr\u00fcnleri Tic.San.A.\u015e.<\/td><\/tr><tr class=''><td class=''>G\u0131daser G\u0131da Da\u011f\u0131t\u0131m San. ve Tic. A.\u015e.<\/td><\/tr><tr class=''><td class=''>Havi Lojistik Tic.Ltd.\u015eti.<\/td><\/tr><tr class=''><td class=''>ISS Bitki Bak\u0131m ve Ha\u015fere Kontrol Hizmetleri A.\u015e. <\/td><\/tr><tr class=''><td class=''>\u0130\u015f G\u0131da A.\u015e. (KFC)<\/td><\/tr><tr class=''><td class=''>Kalite Sistem Laboratuvarlar\u0131 A.\u015e. (M\u00e9rieux NutriSciences )<\/td><\/tr><tr class=''><td class=''>Kerry G\u0131da Katk\u0131 Mad. Yem ve Yem Katk\u0131lar\u0131 \u0130th.\u0130hr.San. ve Tic.Ltd.\u015eti.<\/td><\/tr><tr class=''><td class=''>Keskino\u011flu Tavuk\u00e7uluk ve Dam\u0131zl\u0131k \u0130\u015fl. San. Tic. A.\u015e. <\/td><\/tr><tr class=''><td class=''>KHC Turkey G\u0131da San. A.\u015e.<\/td><\/tr><tr class=''><td class=''>Martin Bauer Middle East Bitki ve Meyve \u00c7aylar\u0131 A.\u015e.<br \/>\n<\/td><\/tr><tr class=''><td class=''>Merter Helva San.ve Tic.A.\u015e.<br \/>\n<\/td><\/tr><tr class=''><td class=''>Mesa Sa\u011fl\u0131k ve E\u011fitim Hizmetleri Ltd.\u015eti. (Aero Pest)<\/td><\/tr><tr class=''><td class=''>Metro Group<br \/>\n<\/td><\/tr><tr class=''><td class=''>Mettler Toledo TR \u00d6l\u00e7\u00fcm Aletleri Ticaret Sat\u0131\u015f ve Servis Hizm.A.\u015e.<br \/>\n<\/td><\/tr><tr class=''><td class=''>Migros T\u00fcrk Tc.A.\u015e.<br \/>\n<\/td><\/tr><tr class=''><td class=''>Namet G\u0131da San.ve Tic.A.\u015e.<br \/>\n<\/td><\/tr><tr class=''><td class=''>Nestl\u00e9 T\u00fcrkiye G\u0131da San. A.\u015e.<br \/>\n<\/td><\/tr><tr class=''><td class=''>Netlog Lojistik Hizmetleri A.\u015e.<\/td><\/tr><tr class=''><td class=''>Perfetti Van Melle G\u0131da San. ve Tic.A.\u015e.<br \/>\n<\/td><\/tr><tr class=''><td class=''>Penguen G\u0131da San.A.\u015e.<br \/>\n<\/td><\/tr><tr class=''><td class=''>P\u0131nar Entegre Et ve Un Sanayii A.\u015e.<br \/>\n<\/td><\/tr><tr class=''><td class=''>P\u0131nar S\u00fct Mam\u00fclleri San. A.\u015e.<br \/>\n<\/td><\/tr><tr class=''><td class=''>Pizza Restaurantlar\u0131 A.\u015e. (Dominos Pizza)<\/td><\/tr><tr class=''><td class=''>Profesyonel \u00c7evre Analiz Lab. A.\u015e. (Als T\u00fcrkiye) <\/td><\/tr><tr class=''><td class=''>Protek Analitik ve Endistriyel Sistemler Ltd.\u015eti.<br \/>\n<\/td><\/tr><tr class=''><td class=''>Reis G\u0131da San.ve Tic.A.\u015e.<br \/>\n<\/td><\/tr><tr class=''><td class=''>Rentokil Intial \u00c7evre Sa\u011fl\u0131\u011f\u0131 Sistemleri Tic.ve San.A.\u015e.<br \/>\n<\/td><\/tr><tr class=''><td class=''>Sardunya Haz\u0131r Yemek ve \u00dcretim Hizmet A.\u015e.<br \/>\n<\/td><\/tr><tr class=''><td class=''>SGS Supervise G\u00f6zetme Et\u00fcd Kontrol Servisleri A.\u015e.<\/td><\/tr><tr class=''><td class=''>Shaya Ma\u011fazac\u0131l\u0131k A.\u015e.<br \/>\n<\/td><\/tr><tr class=''><td class=''>Sincer Biyoteknoloji A.\u015e.<br \/>\n<\/td><\/tr><tr class=''><td class=''>Sincer D\u0131\u015f Ticaret<br \/>\n<\/td><\/tr><tr class=''><td class=''>SMC Turkey Otomasyon A.\u015e.<\/td><\/tr><tr class=''><td class=''>Sodexo Toplu Yemek Servis A.\u015e.<br \/>\n<\/td><\/tr><tr class=''><td class=''>Staubli Sanayi Makina A.\u015e.<br \/>\n<\/td><\/tr><tr class=''><td class=''>Sultan Et ve G\u0131da \u00dcrt.Tic.Paz.Ltd.\u015eti.<br \/>\n<\/td><\/tr><tr class=''><td class=''>S\u00fcta\u015f A.\u015e.<br \/>\n<\/td><\/tr><tr class=''><td class=''>\u015eenpili\u00e7 G\u0131da San.A.\u015e.<br \/>\n<\/td><\/tr><tr class=''><td class=''>Tab G\u0131da San. ve Tic. A.\u015e. (Burger King, Popeyes, Sbarro, Arby&#8217;s ve Usta D\u00f6nerci)<br \/>\n<\/td><\/tr><tr class=''><td class=''>Tat Konserve A.\u015e.<br \/>\n<\/td><\/tr><tr class=''><td class=''>Testo Elektronik ve Test \u00d6l\u00e7\u00fcm Cihazlar\u0131 D\u0131\u015f Tic.Ltd.\u015eti.<br \/>\n<\/td><\/tr><tr class=''><td class=''>Ticaret ve Sanayi Kontuvar\u0131 T.A.\u015e. (Kristal Ya\u011flar\u0131)<br \/>\n<\/td><\/tr><tr class=''><td class=''>Trakya Et San. ve Tic. A.\u015e.<\/td><\/tr><tr class=''><td class=''>T\u00fcrkiye G\u0131da Sanayi \u0130\u015fverenleri Sendikas\u0131 (T\u00fcgis)<br \/>\n<\/td><\/tr><tr class=''><td class=''>Uluda\u011f \u0130\u00e7ecek T\u00fcrk A.\u015e<br \/>\n<\/td><\/tr><tr class=''><td class=''>Unilever T\u00fcrk Tic. A.\u015e.<br \/>\n<\/td><\/tr><tr class=''><td class=''>Unma\u015f Unlu Mamuller San ve Tic. A.\u015e. (Uno)<br \/>\n<\/td><\/tr><\/tbody><\/table><\/div><style type='text\/css'><\/style><\/p><\/div>\n","protected":false},"excerpt":{"rendered":"","protected":false},"author":1,"featured_media":0,"parent":0,"menu_order":0,"comment_status":"closed","ping_status":"closed","template":"","meta":[],"_links":{"self":[{"href":"https:\/\/ggd.org.tr\/en\/wp-json\/wp\/v2\/pages\/542"}],"collection":[{"href":"https:\/\/ggd.org.tr\/en\/wp-json\/wp\/v2\/pages"}],"about":[{"href":"https:\/\/ggd.org.tr\/en\/wp-json\/wp\/v2\/types\/page"}],"author":[{"embeddable":true,"href":"https:\/\/ggd.org.tr\/en\/wp-json\/wp\/v2\/users\/1"}],"replies":[{"embeddable":true,"href":"https:\/\/ggd.org.tr\/en\/wp-json\/wp\/v2\/comments?post=542"}],"version-history":[{"count":31,"href":"https:\/\/ggd.org.tr\/en\/wp-json\/wp\/v2\/pages\/542\/revisions"}],"predecessor-version":[{"id":4429,"href":"https:\/\/ggd.org.tr\/en\/wp-json\/wp\/v2\/pages\/542\/revisions\/4429"}],"wp:attachment":[{"href":"https:\/\/ggd.org.tr\/en\/wp-json\/wp\/v2\/media?parent=542"}],"curies":[{"name":"wp","href":"https:\/\/api.w.org\/{rel}","templated":true}]}}