{"id":3047,"date":"2021-07-14T08:51:56","date_gmt":"2021-07-14T05:51:56","guid":{"rendered":"https:\/\/ggd.org.tr\/en\/?page_id=3047"},"modified":"2021-07-14T09:04:56","modified_gmt":"2021-07-14T06:04:56","slug":"kutuphaneler","status":"publish","type":"page","link":"https:\/\/ggd.org.tr\/en\/kutuphaneler\/","title":{"rendered":"K\u00fct\u00fcphaneler"},"content":{"rendered":"<div class=\"flex_column av_one_full  av-animated-generic bottom-to-top  flex_column_div av-zero-column-padding first  avia-builder-el-0  avia-builder-el-no-sibling  \" style='border-radius:0px; '><p><div  style='padding-bottom:10px; font-size:30px;' class='av-special-heading av-special-heading-h3  blockquote modern-quote  avia-builder-el-1  el_before_av_textblock  avia-builder-el-first  av-inherit-size '><div class ='av-subheading av-subheading_above  ' style='font-size:15px;'><p>Faydal\u0131 Linkler<\/p>\n<\/div><h3 class='av-special-heading-tag '  itemprop=\"headline\"  >Kamu Kurumlar\u0131 ve Sivil Toplum Kurulu\u015flar\u0131 <\/h3><div class='special-heading-border'><div class='special-heading-inner-border' ><\/div><\/div><\/div><br \/>\n<section class=\"av_textblock_section \"  itemscope=\"itemscope\" itemtype=\"https:\/\/schema.org\/CreativeWork\" ><div class='avia_textblock link-liste '   itemprop=\"text\" ><ul>\n<li><a href=\"http:\/\/kutuphane.ankara.edu.tr\/e-kutuphane\/\">Ankara \u00dcniversitesi K\u00fct\u00fcphane ve Dok\u00fcmantasyon Ba\u015fkanl\u0131\u011f\u0131 <\/a><\/li>\n<li><a href=\"https:\/\/mk.gov.tr\/\">Cumhurba\u015fkanl\u0131\u011f\u0131 Millet K\u00fct\u00fcphanesi <\/a><\/li>\n<li><a href=\"http:\/\/kutuphane.itu.edu.tr\/\">\u0130stanbul Teknik \u00dcniversitesi K\u00fct\u00fcphane ve Dok\u00fcmantasyon Ba\u015fkanl\u0131\u011f\u0131 <\/a><\/li>\n<li><a href=\"http:\/\/www.millikutuphane.gov.tr\/\">Milli K\u00fct\u00fcphane<\/a><\/li>\n<li><a href=\"http:\/\/koha.ekutuphane.gov.tr\/\">T.C.K\u00fclt\u00fcr ve Turizm Bakanl\u0131\u011f\u0131 Halk K\u00fct\u00fcphaneleri <\/a><\/li>\n<li><a href=\"https:\/\/kygm.ktb.gov.tr\/TR-131\/kutuphaneler.html\">T.C.K\u00fclt\u00fcr ve Turizm Bakanl\u0131\u011f\u0131 K\u00fct\u00fcphaneler ve Yay\u0131mlar Genel M\u00fcd\u00fcrl\u00fc\u011f\u00fc<\/a><\/li>\n<li><a href=\"https:\/\/kutuphane.tarimorman.gov.tr\/\">T.C.Tar\u0131m ve Orman Bakanl\u0131\u011f\u0131 Dijital Tar\u0131m K\u00fct\u00fcphanesi<\/a><\/li>\n<\/ul>\n<\/div><\/section><\/p><\/div>\n","protected":false},"excerpt":{"rendered":"","protected":false},"author":2,"featured_media":0,"parent":0,"menu_order":0,"comment_status":"closed","ping_status":"closed","template":"","meta":[],"_links":{"self":[{"href":"https:\/\/ggd.org.tr\/en\/wp-json\/wp\/v2\/pages\/3047"}],"collection":[{"href":"https:\/\/ggd.org.tr\/en\/wp-json\/wp\/v2\/pages"}],"about":[{"href":"https:\/\/ggd.org.tr\/en\/wp-json\/wp\/v2\/types\/page"}],"author":[{"embeddable":true,"href":"https:\/\/ggd.org.tr\/en\/wp-json\/wp\/v2\/users\/2"}],"replies":[{"embeddable":true,"href":"https:\/\/ggd.org.tr\/en\/wp-json\/wp\/v2\/comments?post=3047"}],"version-history":[{"count":3,"href":"https:\/\/ggd.org.tr\/en\/wp-json\/wp\/v2\/pages\/3047\/revisions"}],"predecessor-version":[{"id":3051,"href":"https:\/\/ggd.org.tr\/en\/wp-json\/wp\/v2\/pages\/3047\/revisions\/3051"}],"wp:attachment":[{"href":"https:\/\/ggd.org.tr\/en\/wp-json\/wp\/v2\/media?parent=3047"}],"curies":[{"name":"wp","href":"https:\/\/api.w.org\/{rel}","templated":true}]}}