{"id":2272,"date":"2021-07-02T16:44:59","date_gmt":"2021-07-02T13:44:59","guid":{"rendered":"https:\/\/ggd.org.tr\/en\/?page_id=2272"},"modified":"2021-07-19T12:27:33","modified_gmt":"2021-07-19T09:27:33","slug":"gida-kaynakli-hastaliklarin-incelenmesinde-uygulanacak-prosedurler","status":"publish","type":"page","link":"https:\/\/ggd.org.tr\/en\/gida-kaynakli-hastaliklarin-incelenmesinde-uygulanacak-prosedurler\/","title":{"rendered":"Procedures to Investigate Foodborne Illness by International Association for Food Protection"},"content":{"rendered":"<section class=\"av_textblock_section \"  itemscope=\"itemscope\" itemtype=\"https:\/\/schema.org\/CreativeWork\" ><div class='avia_textblock  '   itemprop=\"text\" ><p><strong>G\u0131da Kaynakl\u0131 Hastal\u0131klar\u0131n \u0130ncelenmesinde Uygulanacak Prosed\u00fcrler<\/strong><\/p>\n<p>G\u0131da Kaynakl\u0131 Hastal\u0131klar\u0131n \u0130ncelenmesinde Uygulanacak Prosed\u00fcrler kitab\u0131n\u0131n \u00fccretsiz elektronik haline eri\u015fmek i\u00e7in a\u015fa\u011f\u0131daki formu doldurarak g\u00f6ndermenizi rica ederiz. Kitap linki taraf\u0131n\u0131za pdf format\u0131nda g\u00f6nderilecektir.<\/p>\n<\/div><\/section>\n<div class=\"flex_column av_one_full  av-animated-generic right-to-left  flex_column_div av-zero-column-padding first  avia-builder-el-1  el_after_av_textblock  avia-builder-el-last  column-top-margin\" style='border-radius:0px; '><form action=\"https:\/\/ggd.org.tr\/en\/gida-kaynakli-hastaliklarin-incelenmesinde-uygulanacak-prosedurler\/\" method=\"post\"  class=\"avia_ajax_form av-form-labels-hidden   avia-builder-el-2  avia-builder-el-no-sibling   \" data-avia-form-id=\"1\" data-avia-redirect='' ><fieldset><p class='  first_form  form_element form_fullwidth' id='element_avia_1_1'><label for=\"avia_1_1\">Ad, Soyad <abbr class=\"required\" title=\"required\">*<\/abbr><\/label> <input name=\"avia_1_1\" class=\"text_input is_empty\" type=\"text\" id=\"avia_1_1\" value=\"\"  placeholder='Ad, Soyad*'\/><\/p><p class='  first_form  form_element form_fullwidth' id='element_avia_2_1'><label for=\"avia_2_1\">E-Posta <abbr class=\"required\" title=\"required\">*<\/abbr><\/label> <input name=\"avia_2_1\" class=\"text_input is_email\" type=\"text\" id=\"avia_2_1\" value=\"\"  placeholder='E-Posta*'\/><\/p><p class='  first_form  form_element form_fullwidth' id='element_avia_3_1'><label for=\"avia_3_1\">Kurum \/ Okul <abbr class=\"required\" title=\"required\">*<\/abbr><\/label> <input name=\"avia_3_1\" class=\"text_input is_empty\" type=\"text\" id=\"avia_3_1\" value=\"\"  placeholder='Kurum \/ Okul*'\/><\/p><p class=\"hidden\"><input type=\"text\" name=\"avia_4_1\" class=\"hidden \" id=\"avia_4_1\" value=\"\" \/><\/p><p class='av_form_privacy_check av_contact_privacy_check first_form  form_element form_fullwidth' id='element_avia_5_1'>    <input  name=\"avia_5_1\" class=\"input_checkbox is_empty\" type=\"checkbox\" id=\"avia_5_1\" value=\"true\"\/><label class=\"input_checkbox_label\" for=\"avia_5_1\">I have read and accept the <a href=\"https:\/\/ggd.org.tr\/en\/privacy-policy\/\" target=\"_blank\">Privacy Policy page.<\/a> <abbr class=\"required\" title=\"required\">*<\/abbr><\/label><\/p><p class=\"form_element \"><input type=\"hidden\" value=\"1\" name=\"avia_generated_form1\" \/><input type=\"submit\" value=\"G\u00f6nder\" class=\"button\"  data-sending-label=\"Sending\"\/><\/p><\/fieldset><\/form><div id=\"ajaxresponse_1\" class=\"ajaxresponse ajaxresponse_1 hidden\"><\/div><\/div>\n","protected":false},"excerpt":{"rendered":"","protected":false},"author":2,"featured_media":0,"parent":0,"menu_order":0,"comment_status":"closed","ping_status":"closed","template":"","meta":[],"_links":{"self":[{"href":"https:\/\/ggd.org.tr\/en\/wp-json\/wp\/v2\/pages\/2272"}],"collection":[{"href":"https:\/\/ggd.org.tr\/en\/wp-json\/wp\/v2\/pages"}],"about":[{"href":"https:\/\/ggd.org.tr\/en\/wp-json\/wp\/v2\/types\/page"}],"author":[{"embeddable":true,"href":"https:\/\/ggd.org.tr\/en\/wp-json\/wp\/v2\/users\/2"}],"replies":[{"embeddable":true,"href":"https:\/\/ggd.org.tr\/en\/wp-json\/wp\/v2\/comments?post=2272"}],"version-history":[{"count":8,"href":"https:\/\/ggd.org.tr\/en\/wp-json\/wp\/v2\/pages\/2272\/revisions"}],"predecessor-version":[{"id":4272,"href":"https:\/\/ggd.org.tr\/en\/wp-json\/wp\/v2\/pages\/2272\/revisions\/4272"}],"wp:attachment":[{"href":"https:\/\/ggd.org.tr\/en\/wp-json\/wp\/v2\/media?parent=2272"}],"curies":[{"name":"wp","href":"https:\/\/api.w.org\/{rel}","templated":true}]}}