{"id":2127,"date":"2021-07-01T18:28:50","date_gmt":"2021-07-01T15:28:50","guid":{"rendered":"https:\/\/ggd.org.tr\/en\/?page_id=2127"},"modified":"2026-03-10T15:27:37","modified_gmt":"2026-03-10T12:27:37","slug":"committees","status":"publish","type":"page","link":"https:\/\/ggd.org.tr\/en\/committees\/","title":{"rendered":"Committees"},"content":{"rendered":"<div class=\"flex_column av_one_full  flex_column_div av-zero-column-padding first  avia-builder-el-0  avia-builder-el-no-sibling  \" style='border-radius:0px; '><div   class=\"togglecontainer   toggle_close_all  hasCurrentStyle avia-builder-el-1  avia-builder-el-no-sibling \" data-currentstyle='color:#b02b2c; border-color:#b02b2c; '>\n<section class=\"av_toggle_section\"  itemscope=\"itemscope\" itemtype=\"https:\/\/schema.org\/CreativeWork\"  >    <div role=\"tablist\" class=\"single_toggle\" data-tags=\"{All} \"  >        <p data-fake-id=\"#toggle-id-1\" class=\"toggler \"  itemprop=\"headline\"    role=\"tab\" tabindex=\"0\" aria-controls=\"toggle-id-1\">Bulletin Committee<span class=\"toggle_icon\" >        <span class=\"vert_icon\"><\/span><span class=\"hor_icon\"><\/span><\/span><\/p>        <div id=\"toggle-id-1\" class=\"toggle_wrap \"   >            <div class=\"toggle_content invers-color \"  itemprop=\"text\"   ><p>G\u0131da g\u00fcvenli\u011fi alan\u0131nda \u00fclkemizdeki ve d\u00fcnyadaki geli\u015fmeleri takip ederek sekt\u00f6re d\u00fczenli bilgi ak\u0131\u015f\u0131 sa\u011flar.<\/p>\n<p><strong>Komite \u00dcyeleri<\/strong><\/p>\n<table style=\"height: 127px;\" width=\"499\">\n<tbody>\n<tr>\n<td width=\"136\">Ay\u00e7a \u00d6zden<\/td>\n<\/tr>\n<tr>\n<td>H\u00fclya G\u00fcnay<\/td>\n<\/tr>\n<tr>\n<td>Simge Kayap\u0131nar<\/td>\n<\/tr>\n<\/tbody>\n<\/table>\n            <\/div>        <\/div>    <\/div><\/section>\n<section class=\"av_toggle_section\"  itemscope=\"itemscope\" itemtype=\"https:\/\/schema.org\/CreativeWork\"  >    <div role=\"tablist\" class=\"single_toggle\" data-tags=\"{All} \"  >        <p data-fake-id=\"#toggle-id-2\" class=\"toggler \"  itemprop=\"headline\"    role=\"tab\" tabindex=\"0\" aria-controls=\"toggle-id-2\">Communications Committee<span class=\"toggle_icon\" >        <span class=\"vert_icon\"><\/span><span class=\"hor_icon\"><\/span><\/span><\/p>        <div id=\"toggle-id-2\" class=\"toggle_wrap \"   >            <div class=\"toggle_content invers-color \"  itemprop=\"text\"   ><p>Derne\u011fin ileti\u015fimini y\u00f6netir; sosyal medya ve di\u011fer kanallar arac\u0131l\u0131\u011f\u0131yla GGD\u2019yi tan\u0131t\u0131r ve g\u00f6r\u00fcn\u00fcrl\u00fc\u011f\u00fcn\u00fc art\u0131r\u0131r.<\/p>\n<p><strong>Komite \u00dcyeleri<\/strong><\/p>\n<table width=\"136\">\n<tbody>\n<tr>\n<td width=\"136\">Ay\u00e7a \u00d6zden<\/td>\n<\/tr>\n<tr>\n<td>Filis Gergerli<\/td>\n<\/tr>\n<tr>\n<td>Ne\u015fe \u015een\u00f6z<\/td>\n<\/tr>\n<tr>\n<td>Nur\u015fen Nisa Dilli<\/td>\n<\/tr>\n<tr>\n<td>P\u0131nar G\u00fcnen\u00e7<\/td>\n<\/tr>\n<tr>\n<td>Dr.Samim Saner<\/td>\n<\/tr>\n<tr>\n<td>Sinem Top\u00e7u<\/td>\n<\/tr>\n<tr>\n<td>Sinem Yama\u00e7<\/td>\n<\/tr>\n<tr>\n<td>Sebahat Can K\u00fc\u00e7\u00fckseyman<\/td>\n<\/tr>\n<tr>\n<td>Selinay \u015eahin<\/td>\n<\/tr>\n<tr>\n<td>S\u00fcheyla Konan<\/td>\n<\/tr>\n<tr>\n<td>Taner Dikmen<\/td>\n<\/tr>\n<\/tbody>\n<\/table>\n            <\/div>        <\/div>    <\/div><\/section>\n<section class=\"av_toggle_section\"  itemscope=\"itemscope\" itemtype=\"https:\/\/schema.org\/CreativeWork\"  >    <div role=\"tablist\" class=\"single_toggle\" data-tags=\"{All} \"  >        <p data-fake-id=\"#toggle-id-3\" class=\"toggler \"  itemprop=\"headline\"    role=\"tab\" tabindex=\"0\" aria-controls=\"toggle-id-3\">Congress Committee<span class=\"toggle_icon\" >        <span class=\"vert_icon\"><\/span><span class=\"hor_icon\"><\/span><\/span><\/p>        <div id=\"toggle-id-3\" class=\"toggle_wrap \"   >            <div class=\"toggle_content invers-color \"  itemprop=\"text\"   ><p>G\u0131da g\u00fcvenli\u011fiyle ilgili g\u00fcncel konular\u0131 2009 y\u0131l\u0131ndan bu yana uzmanlarla bulu\u015fturan ve alan\u0131nda ses getiren G\u0131da G\u00fcvenli\u011fi Kongresi\u2019nin haz\u0131rl\u0131k ve organizasyon s\u00fcre\u00e7lerini y\u00fcr\u00fct\u00fcr.<\/p>\n<p><strong>Komite \u00dcyeleri<\/strong><\/p>\n<table width=\"150\">\n<tbody>\n<tr>\n<td width=\"150\">Prof.Dr. Ali Esat Karakaya<\/td>\n<\/tr>\n<tr>\n<td>Ay\u00e7a \u00d6zden<\/td>\n<\/tr>\n<tr>\n<td>Prof.Dr.Barbaros \u00d6zer<\/td>\n<\/tr>\n<tr>\n<td>Edip Sincer<\/td>\n<\/tr>\n<tr>\n<td>Emel Damarl\u0131<\/td>\n<\/tr>\n<tr>\n<td>Emine Seri<\/td>\n<\/tr>\n<tr>\n<td>Filis Gergerli<\/td>\n<\/tr>\n<tr>\n<td>H\u00fclya G\u00fcnay<\/td>\n<\/tr>\n<tr>\n<td>Kadir Erkul<\/td>\n<\/tr>\n<tr>\n<td>Prof.Dr.Murat Y\u0131ld\u0131r\u0131m<\/td>\n<\/tr>\n<tr>\n<td>Petek Ataman<\/td>\n<\/tr>\n<tr>\n<td>Dr.Samim Saner<\/td>\n<\/tr>\n<tr>\n<td>S\u00fcheyla Konan<\/td>\n<\/tr>\n<tr>\n<td>Prof.Dr.Vural G\u00f6kmen<\/td>\n<\/tr>\n<\/tbody>\n<\/table>\n            <\/div>        <\/div>    <\/div><\/section>\n<section class=\"av_toggle_section\"  itemscope=\"itemscope\" itemtype=\"https:\/\/schema.org\/CreativeWork\"  >    <div role=\"tablist\" class=\"single_toggle\" data-tags=\"{All} \"  >        <p data-fake-id=\"#toggle-id-4\" class=\"toggler \"  itemprop=\"headline\"    role=\"tab\" tabindex=\"0\" aria-controls=\"toggle-id-4\">Food Safety Analysis Committee<span class=\"toggle_icon\" >        <span class=\"vert_icon\"><\/span><span class=\"hor_icon\"><\/span><\/span><\/p>        <div id=\"toggle-id-4\" class=\"toggle_wrap \"   >            <div class=\"toggle_content invers-color \"  itemprop=\"text\"   ><p>G\u0131dalarda yap\u0131lan analiz \u00e7al\u0131\u015fmalar\u0131na odaklan\u0131r; mevzuat takibini yapar ve gerekli durumlarda teknik g\u00f6r\u00fc\u015f sunar.<\/p>\n<p><strong>Komite \u00dcyeleri<\/strong><\/p>\n<table width=\"164\">\n<tbody>\n<tr>\n<td width=\"164\">Ay\u00e7a \u00d6zden<\/td>\n<\/tr>\n<tr>\n<td>Burcu Erku\u015f<\/td>\n<\/tr>\n<tr>\n<td>Edip Sincer<\/td>\n<\/tr>\n<tr>\n<td>Emel Damarl\u0131<\/td>\n<\/tr>\n<tr>\n<td>Filis Gergerli<\/td>\n<\/tr>\n<tr>\n<td>Dr.Samim Saner<\/td>\n<\/tr>\n<tr>\n<td>Sinem Top\u00e7u<\/td>\n<\/tr>\n<tr>\n<td>\u015eeniz Boz<\/td>\n<\/tr>\n<tr>\n<td>Tugay Tekin<\/td>\n<\/tr>\n<\/tbody>\n<\/table>\n            <\/div>        <\/div>    <\/div><\/section>\n<section class=\"av_toggle_section\"  itemscope=\"itemscope\" itemtype=\"https:\/\/schema.org\/CreativeWork\"  >    <div role=\"tablist\" class=\"single_toggle\" data-tags=\"{All} \"  >        <p data-fake-id=\"#toggle-id-5\" class=\"toggler \"  itemprop=\"headline\"    role=\"tab\" tabindex=\"0\" aria-controls=\"toggle-id-5\">Pest Management Committee<span class=\"toggle_icon\" >        <span class=\"vert_icon\"><\/span><span class=\"hor_icon\"><\/span><\/span><\/p>        <div id=\"toggle-id-5\" class=\"toggle_wrap \"   >            <div class=\"toggle_content invers-color \"  itemprop=\"text\"   ><p>Pest kontrol ile ilgili hizmet alan i\u015fletmeler ve uygulay\u0131c\u0131lar a\u00e7\u0131s\u0131ndan \u00f6nemli noktalar\u0131 belirleyip yol g\u00f6sterici kapsaml\u0131 bir i\u00e7erik olu\u015fturmak.<\/p>\n<p><strong>Komite \u00dcyeleri<\/strong><\/p>\n<table width=\"165\">\n<tbody>\n<tr>\n<td width=\"165\">Asl\u0131 \u00d6zsoy<\/td>\n<\/tr>\n<tr>\n<td width=\"165\">Alper Can<\/td>\n<\/tr>\n<tr>\n<td width=\"165\">Burcu Erku\u015f<\/td>\n<\/tr>\n<tr>\n<td width=\"165\">Filis Gergerli<\/td>\n<\/tr>\n<tr>\n<td width=\"165\">Halil Temel<\/td>\n<\/tr>\n<tr>\n<td width=\"165\">Meltem Pekperdah\u00e7\u0131<\/td>\n<\/tr>\n<tr>\n<td width=\"165\">Merve G\u00fclerim Ert\u00fcrk<\/td>\n<\/tr>\n<tr>\n<td width=\"165\">Merve Hodaman<\/td>\n<\/tr>\n<tr>\n<td width=\"165\">Metin Acar<\/td>\n<\/tr>\n<tr>\n<td width=\"165\">\u00d6znur Toker<\/td>\n<\/tr>\n<tr>\n<td width=\"165\">Nihan \u00d6zlem Akman<\/td>\n<\/tr>\n<\/tbody>\n<\/table>\n            <\/div>        <\/div>    <\/div><\/section>\n<section class=\"av_toggle_section\"  itemscope=\"itemscope\" itemtype=\"https:\/\/schema.org\/CreativeWork\"  >    <div role=\"tablist\" class=\"single_toggle\" data-tags=\"{All} \"  >        <p data-fake-id=\"#toggle-id-6\" class=\"toggler \"  itemprop=\"headline\"    role=\"tab\" tabindex=\"0\" aria-controls=\"toggle-id-6\">Pesticide Committee<span class=\"toggle_icon\" >        <span class=\"vert_icon\"><\/span><span class=\"hor_icon\"><\/span><\/span><\/p>        <div id=\"toggle-id-6\" class=\"toggle_wrap \"   >            <div class=\"toggle_content invers-color \"  itemprop=\"text\"   ><p>Pestisitlerin g\u0131da g\u00fcvenli\u011fi \u00fczerindeki risklerini de\u011ferlendirir ve bu konuda \u00e7\u00f6z\u00fcm \u00f6nerileriyle fark\u0131ndal\u0131k olu\u015fturur.<\/p>\n<p><strong>Komite \u00dcyeleri<\/strong><\/p>\n<table width=\"164\">\n<tbody>\n<tr>\n<td width=\"164\">Ay\u00e7a \u00d6zden<\/td>\n<\/tr>\n<tr>\n<td>Faruk Y\u0131lmaz<\/td>\n<\/tr>\n<tr>\n<td>Filis Gergerli<\/td>\n<\/tr>\n<tr>\n<td>Dr. Samim Saner<\/td>\n<\/tr>\n<tr>\n<td>Sema \u00d6z\u00e7etinkaya<\/td>\n<\/tr>\n<tr>\n<td>Serpil \u00dcrek<\/td>\n<\/tr>\n<\/tbody>\n<\/table>\n            <\/div>        <\/div>    <\/div><\/section>\n<section class=\"av_toggle_section\"  itemscope=\"itemscope\" itemtype=\"https:\/\/schema.org\/CreativeWork\"  >    <div role=\"tablist\" class=\"single_toggle\" data-tags=\"{All} \"  >        <p data-fake-id=\"#toggle-id-7\" class=\"toggler \"  itemprop=\"headline\"    role=\"tab\" tabindex=\"0\" aria-controls=\"toggle-id-7\">Regulatory Committee<span class=\"toggle_icon\" >        <span class=\"vert_icon\"><\/span><span class=\"hor_icon\"><\/span><\/span><\/p>        <div id=\"toggle-id-7\" class=\"toggle_wrap \"   >            <div class=\"toggle_content invers-color \"  itemprop=\"text\"   ><p>Yeni mevzuat taslaklar\u0131n\u0131 de\u011ferlendirir, derne\u011fimizin g\u00f6r\u00fc\u015f\u00fcn\u00fc belirler ve proaktif bir yakla\u015f\u0131mla sekt\u00f6r ihtiya\u00e7lar\u0131na uygun \u00e7\u00f6z\u00fcmler geli\u015ftirerek kamu kurumlar\u0131yla ileti\u015fime ge\u00e7er.<\/p>\n<p><strong>Komite \u00dcyeleri<\/strong><\/p>\n<table width=\"186\">\n<tbody>\n<tr>\n<td width=\"186\">Ay\u00e7a \u00d6zden<\/td>\n<\/tr>\n<tr>\n<td>Beyza Ba\u015f<\/td>\n<\/tr>\n<tr>\n<td>Emel Damarl\u0131<\/td>\n<\/tr>\n<tr>\n<td>Emine Seri<\/td>\n<\/tr>\n<tr>\n<td>Esin Sara\u00e7o\u011flu<\/td>\n<\/tr>\n<tr>\n<td>G\u00fcne\u015f Din\u00e7<\/td>\n<\/tr>\n<tr>\n<td>Leyla Elif Ata\u00e7<\/td>\n<\/tr>\n<tr>\n<td>Neslihan Menki<\/td>\n<\/tr>\n<tr>\n<td>Petek Ataman<\/td>\n<\/tr>\n<tr>\n<td>Dr.Samim Saner<\/td>\n<\/tr>\n<tr>\n<td>Sebahat Can K\u00fc\u00e7\u00fckseyman<\/td>\n<\/tr>\n<tr>\n<td>Sinem Yama\u00e7<\/td>\n<\/tr>\n<\/tbody>\n<\/table>\n            <\/div>        <\/div>    <\/div><\/section>\n<section class=\"av_toggle_section\"  itemscope=\"itemscope\" itemtype=\"https:\/\/schema.org\/CreativeWork\"  >    <div role=\"tablist\" class=\"single_toggle\" data-tags=\"{All} \"  >        <p data-fake-id=\"#toggle-id-8\" class=\"toggler \"  itemprop=\"headline\"    role=\"tab\" tabindex=\"0\" aria-controls=\"toggle-id-8\">Sector Committees<span class=\"toggle_icon\" >        <span class=\"vert_icon\"><\/span><span class=\"hor_icon\"><\/span><\/span><\/p>        <div id=\"toggle-id-8\" class=\"toggle_wrap \"   >            <div class=\"toggle_content invers-color \"  itemprop=\"text\"   ><p>Sekt\u00f6rel bazda geli\u015fmeleri takip eder ve ilgili sekt\u00f6r\u00fcn ihtiya\u00e7lar\u0131na g\u00f6re bilgi payla\u015f\u0131m\u0131 ve fark\u0131ndal\u0131k sa\u011flar<\/p>\n            <\/div>        <\/div>    <\/div><\/section>\n<section class=\"av_toggle_section\"  itemscope=\"itemscope\" itemtype=\"https:\/\/schema.org\/CreativeWork\"  >    <div role=\"tablist\" class=\"single_toggle\" data-tags=\"{All} \"  >        <p data-fake-id=\"#toggle-id-9\" class=\"toggler \"  itemprop=\"headline\"    role=\"tab\" tabindex=\"0\" aria-controls=\"toggle-id-9\">Training Committee<span class=\"toggle_icon\" >        <span class=\"vert_icon\"><\/span><span class=\"hor_icon\"><\/span><\/span><\/p>        <div id=\"toggle-id-9\" class=\"toggle_wrap \"   >            <div class=\"toggle_content invers-color \"  itemprop=\"text\"   ><p>E\u011fitimlerin planlanmas\u0131yla ilgili \u00e7al\u0131\u015fmalar y\u00fcr\u00fcten E\u011fitim Komitesi, e\u011fitim ihtiya\u00e7lar\u0131n\u0131n belirlenmesi, i\u00e7eriklerinin olu\u015fturulmas\u0131 ve de\u011ferlendirilmesi kapsam\u0131nda g\u00f6revler \u00fcstlenmektedir.<\/p>\n<p><strong>Komite \u00dcyeleri<\/strong><\/p>\n<table width=\"136\">\n<tbody>\n<tr>\n<td width=\"136\">Asl\u0131 \u00d6zsoy<\/td>\n<\/tr>\n<tr>\n<td width=\"136\">Ay\u00e7a \u00d6zden<\/td>\n<\/tr>\n<tr>\n<td width=\"136\">Ezgi Ta\u015fba\u015f<\/td>\n<\/tr>\n<tr>\n<td width=\"136\">Filis Gergerli<\/td>\n<\/tr>\n<tr>\n<td width=\"136\">G\u00f6rkem K\u00f6se<\/td>\n<\/tr>\n<tr>\n<td width=\"136\">Merve Hodaman<\/td>\n<\/tr>\n<tr>\n<td width=\"136\">Merve \u00d6zt\u00fcrk<\/td>\n<\/tr>\n<tr>\n<td width=\"136\">Nagehan Yavuz<\/td>\n<\/tr>\n<tr>\n<td width=\"136\">Ne\u015fe \u015een\u00f6z<\/td>\n<\/tr>\n<tr>\n<td width=\"136\">Nihan Akman<\/td>\n<\/tr>\n<tr>\n<td width=\"136\">P\u0131nar G\u00fcnen\u00e7<\/td>\n<\/tr>\n<tr>\n<td width=\"136\">Selcen K\u00f6ken<\/td>\n<\/tr>\n<\/tbody>\n<\/table>\n            <\/div>        <\/div>    <\/div><\/section>\n<\/div><\/div>\n","protected":false},"excerpt":{"rendered":"","protected":false},"author":2,"featured_media":0,"parent":0,"menu_order":0,"comment_status":"closed","ping_status":"closed","template":"","meta":[],"_links":{"self":[{"href":"https:\/\/ggd.org.tr\/en\/wp-json\/wp\/v2\/pages\/2127"}],"collection":[{"href":"https:\/\/ggd.org.tr\/en\/wp-json\/wp\/v2\/pages"}],"about":[{"href":"https:\/\/ggd.org.tr\/en\/wp-json\/wp\/v2\/types\/page"}],"author":[{"embeddable":true,"href":"https:\/\/ggd.org.tr\/en\/wp-json\/wp\/v2\/users\/2"}],"replies":[{"embeddable":true,"href":"https:\/\/ggd.org.tr\/en\/wp-json\/wp\/v2\/comments?post=2127"}],"version-history":[{"count":26,"href":"https:\/\/ggd.org.tr\/en\/wp-json\/wp\/v2\/pages\/2127\/revisions"}],"predecessor-version":[{"id":4437,"href":"https:\/\/ggd.org.tr\/en\/wp-json\/wp\/v2\/pages\/2127\/revisions\/4437"}],"wp:attachment":[{"href":"https:\/\/ggd.org.tr\/en\/wp-json\/wp\/v2\/media?parent=2127"}],"curies":[{"name":"wp","href":"https:\/\/api.w.org\/{rel}","templated":true}]}}