{"id":2048,"date":"2021-07-01T10:40:02","date_gmt":"2021-07-01T07:40:02","guid":{"rendered":"https:\/\/ggd.org.tr\/en\/?page_id=2048"},"modified":"2021-07-19T10:13:27","modified_gmt":"2021-07-19T07:13:27","slug":"consumers-assembly","status":"publish","type":"page","link":"https:\/\/ggd.org.tr\/en\/consumers-assembly\/","title":{"rendered":"Consumers Assembly"},"content":{"rendered":"<div class=\"flex_column av_one_full  av-animated-generic bottom-to-top  flex_column_div av-zero-column-padding first  avia-builder-el-0  avia-builder-el-no-sibling  \" style='border-radius:0px; '><p><div  style='padding-bottom:0px; margin:0 0 0 0; ' class='av-special-heading av-special-heading-h3  blockquote modern-quote  avia-builder-el-1  el_before_av_table  avia-builder-el-first  '><h3 class='av-special-heading-tag '  itemprop=\"headline\"  >Consumers Assembly<\/h3><div class='special-heading-border'><div class='special-heading-inner-border' ><\/div><\/div><\/div><br \/>\n<div class='avia-data-table-wrap avia_responsive_table'><table  class='avia-table avia-data-table avia-table-1  avia-builder-el-2  el_after_av_heading  el_before_av_textblock  uyeler-table avia_pricing_default '  itemscope=\"itemscope\" itemtype=\"https:\/\/schema.org\/Table\" ><tbody><tr class=''><td class=''>Asime Tans\u00f6ker<\/td><\/tr><tr class=''><td class=''>Asl\u0131 \u00d6ren<br \/>\n<\/td><\/tr><tr class=''><td class=''>Bar\u0131\u015f Mater<br \/>\n<\/td><\/tr><tr class=''><td class=''>Cansu \u0130ncekara<br \/>\n<\/td><\/tr><tr class=''><td class=''>Deniz Onaran<br \/>\n<\/td><\/tr><tr class=''><td class=''>Didem Aksakal<br \/>\n<\/td><\/tr><tr class=''><td class=''>Ebru K\u00f6se \u00d6zcan<br \/>\n<\/td><\/tr><tr class=''><td class=''>El\u00e7in Onaran<br \/>\n<\/td><\/tr><tr class=''><td class=''>Elvan \u00d6zkal<br \/>\n<\/td><\/tr><tr class=''><td class=''>Emine \u00d6zkal<br \/>\n<\/td><\/tr><tr class=''><td class=''>Emre Ery\u0131ld\u0131r<br \/>\n<\/td><\/tr><tr class=''><td class=''>G\u00fcl\u00e7in Akta\u015f<br \/>\n<\/td><\/tr><tr class=''><td class=''>G\u00fclseven \u00dcregel<br \/>\n<\/td><\/tr><tr class=''><td class=''>Hakan Sultano\u011flu<br \/>\n<\/td><\/tr><tr class=''><td class=''>Hande G\u00fcler<br \/>\n<\/td><\/tr><tr class=''><td class=''>\u0130lgen \u00c7etin<br \/>\n<\/td><\/tr><tr class=''><td class=''>Lale Demiral<br \/>\n<\/td><\/tr><tr class=''><td class=''>Nalan I\u015f\u0131kl\u0131<br \/>\n<\/td><\/tr><tr class=''><td class=''>Nazan Kado\u011flu Duran<br \/>\n<\/td><\/tr><tr class=''><td class=''>Peran Manizade<br \/>\n<\/td><\/tr><tr class=''><td class=''>Selda Altuncu Poyraz<br \/>\n<\/td><\/tr><tr class=''><td class=''>Semen Zihnio\u011flu<br \/>\n<\/td><\/tr><tr class=''><td class=''>\u015e\u00fckran Cin<br \/>\n<\/td><\/tr><tr class=''><td class=''>Ufuk Marangozo\u011flu<br \/>\n<\/td><\/tr><tr class=''><td class=''>\u00dcmran \u00d6zman<br \/>\n<\/td><\/tr><tr class=''><td class=''>Ye\u015fim Ery\u0131lmaz<br \/>\n<\/td><\/tr><tr class=''><td class=''>Zeynep G\u00fcrcan<br \/>\n<\/td><\/tr><tr class=''><td class=''>Zeynep Karadada\u015f<br \/>\n<\/td><\/tr><tr class=''><td class=''>Zeynep Ye\u011finba\u015f<br \/>\n<\/td><\/tr><\/tbody><\/table><\/div><style type='text\/css'><\/style><br \/>\n<section class=\"av_textblock_section \"  itemscope=\"itemscope\" itemtype=\"https:\/\/schema.org\/CreativeWork\" ><div class='avia_textblock  '   itemprop=\"text\" ><p><em>Alfabetik s\u0131ralanm\u0131\u015ft\u0131r<\/em><\/p>\n<\/div><\/section><\/p><\/div>\n","protected":false},"excerpt":{"rendered":"","protected":false},"author":2,"featured_media":0,"parent":0,"menu_order":0,"comment_status":"closed","ping_status":"closed","template":"","meta":[],"_links":{"self":[{"href":"https:\/\/ggd.org.tr\/en\/wp-json\/wp\/v2\/pages\/2048"}],"collection":[{"href":"https:\/\/ggd.org.tr\/en\/wp-json\/wp\/v2\/pages"}],"about":[{"href":"https:\/\/ggd.org.tr\/en\/wp-json\/wp\/v2\/types\/page"}],"author":[{"embeddable":true,"href":"https:\/\/ggd.org.tr\/en\/wp-json\/wp\/v2\/users\/2"}],"replies":[{"embeddable":true,"href":"https:\/\/ggd.org.tr\/en\/wp-json\/wp\/v2\/comments?post=2048"}],"version-history":[{"count":7,"href":"https:\/\/ggd.org.tr\/en\/wp-json\/wp\/v2\/pages\/2048\/revisions"}],"predecessor-version":[{"id":3142,"href":"https:\/\/ggd.org.tr\/en\/wp-json\/wp\/v2\/pages\/2048\/revisions\/3142"}],"wp:attachment":[{"href":"https:\/\/ggd.org.tr\/en\/wp-json\/wp\/v2\/media?parent=2048"}],"curies":[{"name":"wp","href":"https:\/\/api.w.org\/{rel}","templated":true}]}}