{"id":1998,"date":"2021-06-29T16:01:54","date_gmt":"2021-06-29T13:01:54","guid":{"rendered":"https:\/\/ggd.org.tr\/en\/?page_id=1998"},"modified":"2022-06-10T18:11:20","modified_gmt":"2022-06-10T15:11:20","slug":"universities","status":"publish","type":"page","link":"https:\/\/ggd.org.tr\/en\/universities\/","title":{"rendered":"Universities"},"content":{"rendered":"<div class=\"flex_column av_one_full  av-animated-generic bottom-to-top  flex_column_div av-zero-column-padding first  avia-builder-el-0  avia-builder-el-no-sibling  \" style='border-radius:0px; '><p><div  style='padding-bottom:10px; font-size:30px;' class='av-special-heading av-special-heading-h3  blockquote modern-quote  avia-builder-el-1  el_before_av_textblock  avia-builder-el-first  av-inherit-size '><div class ='av-subheading av-subheading_above  ' style='font-size:15px;'><p>Useful Links<\/p>\n<\/div><h3 class='av-special-heading-tag '  itemprop=\"headline\"  >Universities<\/h3><div class='special-heading-border'><div class='special-heading-inner-border' ><\/div><\/div><\/div><br \/>\n<section class=\"av_textblock_section \"  itemscope=\"itemscope\" itemtype=\"https:\/\/schema.org\/CreativeWork\" ><div class='avia_textblock link-liste '   itemprop=\"text\" ><ul>\n<li><a href=\"https:\/\/food.atu.edu.tr\/#!\/\">Adana Alparslan T\u00fcrke\u015f Bilim ve Teknoloji \u00dcniversitesi G\u0131da M\u00fchendisli\u011fi B\u00f6l\u00fcm\u00fc<\/a><\/li>\n<li><a href=\"https:\/\/muhendislik.adiyaman.edu.tr\/tr\/bolumler\/gida-muhendisligi-bolumu\">Ad\u0131yaman \u00dcniversitesi G\u0131da M\u00fchendisli\u011fi B\u00f6l\u00fcm\u00fc<\/a><\/li>\n<li><a href=\"https:\/\/gidamuh.aku.edu.tr\/\">Afyon Kocatepe \u00dcniversitesi G\u0131da M\u00fchendisli\u011fi B\u00f6l\u00fcm\u00fc<\/a><\/li>\n<li><a href=\"http:\/\/gida.akdeniz.edu.tr\/\">Akdeniz \u00dcniversitesi G\u0131da M\u00fchendisli\u011fi B\u00f6l\u00fcm\u00fc<\/a><\/li>\n<li><a href=\"https:\/\/gmb.aksaray.edu.tr\/\">Aksaray \u00dcniversitesi G\u0131da M\u00fchendisli\u011fi B\u00f6l\u00fcm\u00fc<\/a><\/li>\n<li><a href=\"https:\/\/muhendislik.alanya.edu.tr\/bolumler\/gida-muhendisligi-ingilizce\/neden-alku-gida-muhendisligi\">Alanya Alaaddin Keykubat \u00dcniversitesi G\u0131da M\u00fchendisli\u011fi B\u00f6l\u00fcm\u00fc<\/a><\/li>\n<li><a href=\"http:\/\/food.eng.ankara.edu.tr\/\">Ankara \u00dcniversitesi G\u0131da M\u00fchendisli\u011fi B\u00f6l\u00fcm\u00fc<\/a><\/li>\n<li><a href=\"https:\/\/www.ardahan.edu.tr\/birim.aspx?id=1002065\">Ardahan \u00dcniversitesi G\u0131da M\u00fchendisli\u011fi B\u00f6l\u00fcm\u00fc<\/a><\/li>\n<li><a href=\"https:\/\/atauni.edu.tr\/tr\/gida-muhendisligi-bolumu\">Atat\u00fcrk \u00dcniversitesi G\u0131da M\u00fchendisli\u011fi B\u00f6l\u00fcm\u00fc<\/a><\/li>\n<li><a href=\"https:\/\/www.aydin.edu.tr\/tr-tr\/akademik\/fakulteler\/muhendislik\/gida-muhendisligi\/Pages\/default.aspx\">Ayd\u0131n Adnan Menderes \u00dcniversitesi G\u0131da M\u00fchendisli\u011fi B\u00f6l\u00fcm\u00fc<\/a><\/li>\n<li><a href=\"http:\/\/www.balikesir.edu.tr\/site\/birim\/gida-muhendisligi-bolumu-293101\">Bal\u0131kesir \u00dcniversitesi G\u0131da M\u00fchendisli\u011fi B\u00f6l\u00fcm\u00fc<\/a><\/li>\n<li><a href=\"https:\/\/bayburt.edu.tr\/tr\/gida-muhendisligi-bolumu\">Bayburt \u00dcniversitesi G\u0131da M\u00fchendisli\u011fi B\u00f6l\u00fcm\u00fc<\/a><\/li>\n<li><a href=\"http:\/\/mmf.bingol.edu.tr\/bolumler\/gida-muhendisligi\/\">Bing\u00f6l \u00dcniversitesi G\u0131da M\u00fchendisli\u011fi B\u00f6l\u00fcm\u00fc<\/a><\/li>\n<li><a href=\"https:\/\/muhendislik.ibu.edu.tr\/bolumlerimiz\/gida-muhendisligi\">Bolu Abant \u0130zzet Baysal \u00dcniversitesi G\u0131da M\u00fchendisli\u011fi B\u00f6l\u00fcm\u00fc<\/a><\/li>\n<li><a href=\"https:\/\/mmf.mehmetakif.edu.tr\/akademik\/49\/gida-muehendisligi\">Burdur Mehmet Akif Ersoy \u00dcniversitesi G\u0131da M\u00fchendisli\u011fi B\u00f6l\u00fcm\u00fc<\/a><\/li>\n<li><a href=\"http:\/\/gida.btu.edu.tr\/index.php\">Bursa Teknik \u00dcniversitesi G\u0131da M\u00fchendisli\u011fi B\u00f6l\u00fcm\u00fc<\/a><\/li>\n<li><a href=\"https:\/\/uludag.edu.tr\/gida\">Bursa Uluda\u011f \u00dcniversitesi G\u0131da M\u00fchendisli\u011fi B\u00f6l\u00fcm\u00fc<\/a><\/li>\n<li><a href=\"http:\/\/gida.muhendislik.comu.edu.tr\/\">\u00c7anakkale 18 Mart \u00dcniversitesi G\u0131da M\u00fchendisli\u011fi B\u00f6l\u00fcm\u00fc<\/a><\/li>\n<li><a href=\"https:\/\/gida.cu.edu.tr\/\">\u00c7ukurova \u00dcniversitesi G\u0131da M\u00fchendisli\u011fi B\u00f6l\u00fcm\u00fc<\/a><\/li>\n<li><a href=\"https:\/\/food.ege.edu.tr\/\">Ege \u00dcniversitesi G\u0131da M\u00fchendisli\u011fi B\u00f6l\u00fcm\u00fc<\/a><\/li>\n<li><a href=\"https:\/\/gida.erciyes.edu.tr\/?Anasayfa\">Erciyes \u00dcniversitesi G\u0131da M\u00fchendisli\u011fi B\u00f6l\u00fcm\u00fc<\/a><\/li>\n<li><a href=\"http:\/\/fe.gantep.edu.tr\/\">Gaziantep \u00dcniversitesi G\u0131da M\u00fchendisli\u011fi B\u00f6l\u00fcm\u00fc<\/a><\/li>\n<li><a href=\"http:\/\/www.food.hacettepe.edu.tr\/\">Hacettepe \u00dcniversitesi G\u0131da M\u00fchendisli\u011fi B\u00f6l\u00fcm\u00fc<\/a><\/li>\n<li><a href=\"http:\/\/web.harran.edu.tr\/gida\">Harran \u00dcniversitesi G\u0131da M\u00fchendisli\u011fi B\u00f6l\u00fcm\u00fc<\/a><\/li>\n<li><a href=\"https:\/\/www.mku.edu.tr\/departments.aspx?birim=17\">Hatay Mustafa Kemal \u00dcniversitesi G\u0131da M\u00fchendisli\u011fi B\u00f6l\u00fcm\u00fc<\/a><\/li>\n<li><a href=\"http:\/\/mf.hitit.edu.tr\/tr\/gm\">Hitit \u00dcniversitesi G\u0131da M\u00fchendisli\u011fi B\u00f6l\u00fcm\u00fc<\/a><\/li>\n<li><a href=\"http:\/\/www.inonu.edu.tr\/gida\">\u0130n\u00f6n\u00fc \u00dcniversitesi G\u0131da M\u00fchendisli\u011fi B\u00f6l\u00fcm\u00fc<\/a><\/li>\n<li><a href=\"https:\/\/www.aydin.edu.tr\/tr-tr\/akademik\/fakulteler\/muhendislik\/gida-muhendisligi\/Pages\/default.aspx\">\u0130stanbul Ayd\u0131n \u00dcniversitesi G\u0131da M\u00fchendisli\u011fi B\u00f6l\u00fcm\u00fc<\/a><\/li>\n<li><a href=\"https:\/\/www.izu.edu.tr\/akademik\/fakulteler\/muhendislik-ve-doga-bilimleri-fakultesi\/bolumler\/gida-muhendisligi\">\u0130stanbul Sabahattin Zaim \u00dcniversitesi G\u0131da M\u00fchendisli\u011fi B\u00f6l\u00fcm\u00fc<\/a><\/li>\n<li><a href=\"https:\/\/food.itu.edu.tr\/\">\u0130stanbul Teknik \u00dcniversitesi G\u0131da M\u00fchendisli\u011fi B\u00f6l\u00fcm\u00fc<\/a><\/li>\n<li><a href=\"https:\/\/dfe.ieu.edu.tr\/tr\">\u0130zmir Ekonomi \u00dcniversitesi G\u0131da M\u00fchendisli\u011fi B\u00f6l\u00fcm\u00fc<\/a><\/li>\n<li><a href=\"https:\/\/food.iyte.edu.tr\/\">\u0130zmir Y\u00fcksek Teknoloji Enstit\u00fcs\u00fc G\u0131da M\u00fchendisli\u011fi B\u00f6l\u00fcm\u00fc<\/a><\/li>\n<li><a href=\"https:\/\/www.kafkas.edu.tr\/Gida-muh\">Kafkas \u00dcniversitesi G\u0131da M\u00fchendisli\u011fi B\u00f6l\u00fcm\u00fc<\/a><\/li>\n<li><a href=\"https:\/\/gm.ksu.edu.tr\/\">Kahramanmara\u015f S\u00fct\u00e7\u00fc \u0130mam \u00dcniversitesi G\u0131da M\u00fchendisli\u011fi B\u00f6l\u00fcm\u00fc<\/a><\/li>\n<li><a href=\"http:\/\/kmu.edu.tr\/muhendislik\/sayfa\/992\/bolumler\/gida-muhendisligi\/tr\">Karamano\u011flu Mehmetbey \u00dcniversitesi G\u0131da M\u00fchendisli\u011fi B\u00f6l\u00fcm\u00fc<\/a><\/li>\n<li><a href=\"https:\/\/mmf.kastamonu.edu.tr\/index.php\/tr\/gida-muhendisligi\">Kastamonu \u00dcniversitesi G\u0131da M\u00fchendisli\u011fi B\u00f6l\u00fcm\u00fc<\/a><\/li>\n<li><a href=\"http:\/\/www.manas.edu.kg\/index.php\/g%C4%B1da-m%C3%BChendisli%C4%9Fi-2\">K\u0131rg\u0131zistan-T\u00fcrkiye Manas \u00dcniversitesi G\u0131da M\u00fchendisli\u011fi B\u00f6l\u00fcm\u00fc<\/a><\/li>\n<li><a href=\"https:\/\/gida.klu.edu.tr\/\">K\u0131rklareli \u00dcniversitesi G\u0131da M\u00fchendisli\u011fi B\u00f6l\u00fcm\u00fc<\/a><\/li>\n<li><a href=\"https:\/\/mmf.gidatarim.edu.tr\/gida-muhendisligi\">Konya G\u0131da ve Tar\u0131m \u00dcniversitesi G\u0131da M\u00fchendisli\u011fi B\u00f6l\u00fcm\u00fc<\/a><\/li>\n<li><a href=\"https:\/\/gidamuh.mcbu.edu.tr\/\">Manisa Celal Bayar \u00dcniversitesi G\u0131da M\u00fchendisli\u011fi B\u00f6l\u00fcm\u00fc<\/a><\/li>\n<li><a href=\"http:\/\/www.mersin.edu.tr\/akademik\/muhendislik-fakultesi\/bolumler\/gida-muhendisligi-bolumu\">Mersin \u00dcniversitesi G\u0131da M\u00fchendisli\u011fi B\u00f6l\u00fcm\u00fc<\/a><\/li>\n<li><a href=\"https:\/\/www.erbakan.edu.tr\/gidamuhendisligi\">Necmettin Erbakan \u00dcniversitesi G\u0131da M\u00fchendisli\u011fi B\u00f6l\u00fcm\u00fc<\/a><\/li>\n<li><a href=\"https:\/\/gida.nevsehir.edu.tr\/\">Nev\u015fehir Hac\u0131 Bekta\u015f Veli \u00dcniversitesi G\u0131da M\u00fchendisli\u011fi B\u00f6l\u00fcm\u00fc<\/a><\/li>\n<li><a href=\"https:\/\/ohu.edu.tr\/muhendislikfakultesi\/gidamuhendisligi\/iletisim\">Ni\u011fde \u00d6mer Halisdemir \u00dcniversitesi G\u0131da M\u00fchendisli\u011fi B\u00f6l\u00fcm\u00fc<\/a><\/li>\n<li><a href=\"https:\/\/gida-muhendislik.omu.edu.tr\/tr\">Ondokuzmay\u0131s \u00dcniversitesi G\u0131da M\u00fchendisli\u011fi B\u00f6l\u00fcm\u00fc<\/a><\/li>\n<li><a href=\"https:\/\/ziraat.odu.edu.tr\/Page\/52\/gida-muhendisligi-bolumu\">Ordu \u00dcniversitesi G\u0131da M\u00fchendisli\u011fi B\u00f6l\u00fcm\u00fc<\/a><\/li>\n<li><a href=\"http:\/\/fde.metu.edu.tr\/tr\">Orta Do\u011fu Teknik \u00dcniversitesi G\u0131da M\u00fchendisli\u011fi B\u00f6l\u00fcm\u00fc<\/a><\/li>\n<li><a href=\"https:\/\/www.pau.edu.tr\/gidamuhendisligi\">Pamukkale \u00dcniversitesi G\u0131da M\u00fchendisli\u011fi B\u00f6l\u00fcm\u00fc<\/a><\/li>\n<li><a href=\"https:\/\/food.sakarya.edu.tr\/\">Sakarya \u00dcniversitesi G\u0131da M\u00fchendisli\u011fi B\u00f6l\u00fcm\u00fc<\/a><\/li>\n<li><a href=\"https:\/\/www.selcuk.edu.tr\/Birim\/ziraat-gida_muhendisligi\">Sel\u00e7uk \u00dcniversitesi G\u0131da M\u00fchendisli\u011fi B\u00f6l\u00fcm\u00fc<\/a><\/li>\n<li><a href=\"https:\/\/muhendislik.cumhuriyet.edu.tr\/bolumler\/331000121-gida-muhendisligi\">Sivas Cumhuriyet \u00dcniversitesi G\u0131da M\u00fchendisli\u011fi B\u00f6l\u00fcm\u00fc<\/a><\/li>\n<li><a href=\"https:\/\/muhendislik.sdu.edu.tr\/gida\">S\u00fcleyman Demirel \u00dcniversitesi G\u0131da M\u00fchendisli\u011fi B\u00f6l\u00fcm\u00fc<\/a><\/li>\n<li><a href=\"https:\/\/gmu.karatekin.edu.tr\/\">\u00c7ank\u0131r\u0131 Karatekin \u00dcniversitesi G\u0131da M\u00fchendisli\u011fi B\u00f6l\u00fcm\u00fc<\/a><\/li>\n<li><a href=\"https:\/\/muhendislik.ebyu.edu.tr\/?page_id=476\">Erzincan Binali Y\u0131ld\u0131r\u0131m \u00dcniversitesi G\u0131da M\u00fchendisli\u011fi B\u00f6l\u00fcm\u00fc<\/a><\/li>\n<li><a href=\"https:\/\/muhendislik.giresun.edu.tr\/tr\/page\/ana-sayfa\/4114\">Giresun \u00dcniversitesi G\u0131da M\u00fchendisli\u011fi B\u00f6l\u00fcm\u00fc<\/a><\/li>\n<li><a href=\"https:\/\/gida.gumushane.edu.tr\/tr\/\">G\u00fcm\u00fc\u015fhane \u00dcniversitesi G\u0131da M\u00fchendisli\u011fi B\u00f6l\u00fcm\u00fc<\/a><\/li>\n<li><a href=\"https:\/\/muhendislik.igdir.edu.tr\/gida-muhendisligi\">I\u011fd\u0131r \u00dcniversitesi G\u0131da M\u00fchendisli\u011fi B\u00f6l\u00fcm\u00fc<\/a><\/li>\n<li><a href=\"https:\/\/akademik.ahievran.edu.tr\/birim\/M%C3%BChendislik%20Mimarl%C4%B1k%20Fak%C3%BCltesi\/G%C4%B1da%20M%C3%BChendisli%C4%9Fi\/0\">K\u0131r\u015fehir Ahi Evran \u00dcniversitesi G\u0131da M\u00fchendisli\u011fi B\u00f6l\u00fcm\u00fc<\/a><\/li>\n<li><a href=\"http:\/\/mmf.kilis.edu.tr\/bolum\/MMMM04\/bolumler\/gida-muhendisligi\">Kilis 7 Aral\u0131k \u00dcniversitesi G\u0131da M\u00fchendisli\u011fi B\u00f6l\u00fcm\u00fc<\/a><\/li>\n<li><a href=\"https:\/\/www.okan.edu.tr\/muhendislik\/sayfa\/163\/bolum-hakkinda-7\/\">Okan \u00dcniversitesi G\u0131da M\u00fchendisli\u011fi B\u00f6l\u00fcm\u00fc<\/a><\/li>\n<li><a href=\"http:\/\/food.osmaniye.edu.tr\/\">Osmaniye Korkut Ata \u00dcniversitesi G\u0131da M\u00fchendisli\u011fi B\u00f6l\u00fcm\u00fc<\/a><\/li>\n<li><a href=\"https:\/\/gida.siirt.edu.tr\/\">Siirt \u00dcniversitesi G\u0131da M\u00fchendisli\u011fi B\u00f6l\u00fcm\u00fc<\/a><\/li>\n<li><a href=\"http:\/\/ziraat-gm.web.nku.edu.tr\/\">Tekirda\u011f Nam\u0131k Kemal \u00dcniversitesi G\u0131da M\u00fchendisli\u011fi B\u00f6l\u00fcm\u00fc<\/a><\/li>\n<li><a href=\"https:\/\/muhendislik.gop.edu.tr\/Icerik.aspx?d=tr-TR&amp;mk=31088&amp;m=tanitim&amp;bidr=11153&amp;bid=11153\">Tokat Gaziosmanpa\u015fa \u00dcniversitesi G\u0131da M\u00fchendisli\u011fi B\u00f6l\u00fcm\u00fc<\/a><\/li>\n<li><a href=\"https:\/\/gidamuh.trakya.edu.tr\/\">Trakya \u00dcniversitesi G\u0131da M\u00fchendisli\u011fi B\u00f6l\u00fcm\u00fc<\/a><\/li>\n<li><a href=\"https:\/\/www.munzur.edu.tr\/birimler\/akademik\/fakulteler\/muhendislik\/bolumler\/gida\/Pages\/duyurudetay.aspx?Id=30\">Tunceli Munzur \u00dcniversitesi G\u0131da M\u00fchendisli\u011fi B\u00f6l\u00fcm\u00fc<\/a><\/li>\n<li><a href=\"https:\/\/gidamuh.usak.edu.tr\/\">U\u015fak \u00dcniversitesi G\u0131da M\u00fchendisli\u011fi B\u00f6l\u00fcm\u00fc<\/a><\/li>\n<li><a href=\"https:\/\/muhendislik.neu.edu.tr\/akademik\/akademik-programlar\/gida-muhendisligi-bolumu\/\">Yak\u0131n Do\u011fu \u00dcniversitesi G\u0131da M\u00fchendisli\u011fi B\u00f6l\u00fcm\u00fc<\/a><\/li>\n<li><a href=\"https:\/\/eng.yeditepe.edu.tr\/tr\/gida-muhendisligi-bolumu\">Yeditepe \u00dcniversitesi G\u0131da M\u00fchendisli\u011fi B\u00f6l\u00fcm\u00fc<\/a><\/li>\n<li><a href=\"http:\/\/www.food.yildiz.edu.tr\/\">Y\u0131ld\u0131z Teknik \u00dcniversitesi G\u0131da M\u00fchendisli\u011fi B\u00f6l\u00fcm\u00fc<\/a><\/li>\n<li><a href=\"https:\/\/www.yyu.edu.tr\/AkademikBirimler\/279\">Y\u00fcz\u00fcnc\u00fc Y\u0131l \u00dcniversitesi G\u0131da M\u00fchendisli\u011fi B\u00f6l\u00fcm\u00fc<\/a><\/li>\n<li><a href=\"https:\/\/gidamuhendisligi.beun.edu.tr\/\">Zonguldak B\u00fclent Ecevit \u00dcniversitesi G\u0131da M\u00fchendisli\u011fi B\u00f6l\u00fcm\u00fc<\/a><\/li>\n<\/ul>\n<\/div><\/section><\/p><\/div>\n","protected":false},"excerpt":{"rendered":"","protected":false},"author":2,"featured_media":0,"parent":0,"menu_order":0,"comment_status":"closed","ping_status":"closed","template":"","meta":[],"_links":{"self":[{"href":"https:\/\/ggd.org.tr\/en\/wp-json\/wp\/v2\/pages\/1998"}],"collection":[{"href":"https:\/\/ggd.org.tr\/en\/wp-json\/wp\/v2\/pages"}],"about":[{"href":"https:\/\/ggd.org.tr\/en\/wp-json\/wp\/v2\/types\/page"}],"author":[{"embeddable":true,"href":"https:\/\/ggd.org.tr\/en\/wp-json\/wp\/v2\/users\/2"}],"replies":[{"embeddable":true,"href":"https:\/\/ggd.org.tr\/en\/wp-json\/wp\/v2\/comments?post=1998"}],"version-history":[{"count":6,"href":"https:\/\/ggd.org.tr\/en\/wp-json\/wp\/v2\/pages\/1998\/revisions"}],"predecessor-version":[{"id":4028,"href":"https:\/\/ggd.org.tr\/en\/wp-json\/wp\/v2\/pages\/1998\/revisions\/4028"}],"wp:attachment":[{"href":"https:\/\/ggd.org.tr\/en\/wp-json\/wp\/v2\/media?parent=1998"}],"curies":[{"name":"wp","href":"https:\/\/api.w.org\/{rel}","templated":true}]}}