{"id":1959,"date":"2017-05-09T17:10:37","date_gmt":"2017-05-09T14:10:37","guid":{"rendered":"https:\/\/ggd.org.tr\/en\/?page_id=1959"},"modified":"2021-07-19T12:35:44","modified_gmt":"2021-07-19T09:35:44","slug":"medya-odulleri","status":"publish","type":"page","link":"https:\/\/ggd.org.tr\/en\/medya-odulleri\/","title":{"rendered":"Press Awards"},"content":{"rendered":"<div id='av_section_1'  class='avia-section main_color avia-section-default avia-no-border-styling  avia-bg-style-scroll  avia-builder-el-0  el_before_av_section  avia-builder-el-first   container_wrap sidebar_right' style=' '  ><div class='container' ><main  role=\"main\" itemprop=\"mainContentOfPage\"  class='template-page content  av-content-small alpha units'><div class='post-entry post-entry-type-page post-entry-1959'><div class='entry-content-wrapper clearfix'>\n<div class='flex_column_table av-equal-height-column-flextable -flextable' ><div class=\"flex_column av_one_full  av-animated-generic left-to-right  flex_column_table_cell av-equal-height-column av-align-middle av-zero-column-padding first  avia-builder-el-1  avia-builder-el-no-sibling  \" style='border-radius:0px; '><p><div  style='padding-bottom:10px; ' class='av-special-heading av-special-heading-h2  blockquote modern-quote  avia-builder-el-2  el_before_av_textblock  avia-builder-el-first  '><h2 class='av-special-heading-tag '  itemprop=\"headline\"  >GGD Medya \u00d6d\u00fclleri <\/h2><div class='special-heading-border'><div class='special-heading-inner-border' ><\/div><\/div><\/div><br \/>\n<section class=\"av_textblock_section \"  itemscope=\"itemscope\" itemtype=\"https:\/\/schema.org\/CreativeWork\" ><div class='avia_textblock  '   itemprop=\"text\" ><p><strong>Medya \u00d6d\u00fclleri ile Amac\u0131m\u0131z<\/strong><\/p>\n<ul>\n<li>Kan\u0131tl\u0131 bilgiye dayal\u0131, ara\u015ft\u0131rmac\u0131 \u00e7al\u0131\u015fmalar yapan bas\u0131n mensuplar\u0131 ve bas\u0131n-yay\u0131n organlar\u0131n\u0131 te\u015fvik etmek ve \u00f6d\u00fcllendirmek.<\/li>\n<li>G\u0131da g\u00fcvenli\u011fi konusundaki bilgi kirlili\u011finin \u00f6n\u00fcne ge\u00e7mek,<\/li>\n<li>Yanl\u0131\u015flar\u0131n haber kanallar\u0131 arac\u0131l\u0131\u011f\u0131 ile d\u00fczeltilmesi<\/li>\n<li>GGD\u2019nin \u00e7al\u0131\u015fma alanlar\u0131 i\u00e7inde yer alan konularda, fark\u0131ndal\u0131\u011f\u0131n artt\u0131r\u0131lmas\u0131<\/li>\n<\/ul>\n<p style=\"text-align: center;\"><strong>J\u00dcR\u0130<\/strong><\/p>\n<p><img loading=\"lazy\" class=\"aligncenter wp-image-2222\" src=\"https:\/\/ggd.org.tr\/en\/wp-content\/uploads\/2021\/07\/Juri-Odul.png\" alt=\"\" width=\"700\" height=\"327\" srcset=\"https:\/\/ggd.org.tr\/en\/wp-content\/uploads\/2021\/07\/Juri-Odul.png 1675w, https:\/\/ggd.org.tr\/en\/wp-content\/uploads\/2021\/07\/Juri-Odul-300x140.png 300w, https:\/\/ggd.org.tr\/en\/wp-content\/uploads\/2021\/07\/Juri-Odul-1030x481.png 1030w, https:\/\/ggd.org.tr\/en\/wp-content\/uploads\/2021\/07\/Juri-Odul-768x359.png 768w, https:\/\/ggd.org.tr\/en\/wp-content\/uploads\/2021\/07\/Juri-Odul-1536x717.png 1536w, https:\/\/ggd.org.tr\/en\/wp-content\/uploads\/2021\/07\/Juri-Odul-1500x700.png 1500w, https:\/\/ggd.org.tr\/en\/wp-content\/uploads\/2021\/07\/Juri-Odul-705x329.png 705w\" sizes=\"(max-width: 700px) 100vw, 700px\" \/><\/p>\n<\/div><\/section><\/p><\/div><\/div><!--close column table wrapper. Autoclose: 1 --><\/div><\/div><\/main><!-- close content main element --><\/div><\/div><div id='av_section_2'  class='avia-section main_color avia-section-default avia-no-border-styling  avia-bg-style-scroll  avia-builder-el-4  el_after_av_section  avia-builder-el-last   container_wrap sidebar_right' style=' '  ><div class='container' ><div class='template-page content  av-content-small alpha units'><div class='post-entry post-entry-type-page post-entry-1959'><div class='entry-content-wrapper clearfix'>\n<div class='flex_column_table av-equal-height-column-flextable -flextable' ><div class=\"flex_column av_one_third  av-animated-generic bottom-to-top  no_margin flex_column_table_cell av-equal-height-column av-align-middle first  avia-builder-el-5  el_before_av_two_third  avia-builder-el-first  \" style='background: #f7f7f5; padding:30px; background-color:#f7f7f5; border-radius:0px; '><p><div  style='padding-bottom:10px; margin:0 0 0 0; ' class='av-special-heading av-special-heading-h3  blockquote elegant-quote elegant-centered  avia-builder-el-6  el_before_av_textblock  avia-builder-el-first  '><h3 class='av-special-heading-tag '  itemprop=\"headline\"  ><span class=\"heading-wrap\">G\u0131da G\u00fcvenli\u011finde Bilgi Kirli\u011fi Ana Temas\u0131yla<\/span><\/h3><div class='special-heading-border'><div class='special-heading-inner-border' ><\/div><\/div><\/div><br \/>\n<section class=\"av_textblock_section \"  itemscope=\"itemscope\" itemtype=\"https:\/\/schema.org\/CreativeWork\" ><div class='avia_textblock  '   itemprop=\"text\" ><p style=\"text-align: center;\">G\u0131da G\u00fcvenli\u011fi Derne\u011fi Medya \u00d6d\u00fclleri, 9 May\u0131s 2017 tarihinde Gastronometro&#8217;da ger\u00e7ekle\u015fen t\u00f6rene medya temsilcilerinin y\u00fcksek kat\u0131l\u0131m\u0131yla sahiplerini buldu. Bir\u00e7ok de\u011ferli gazeteci, akademisyen ve sekt\u00f6r temsilcisinin kat\u0131ld\u0131\u011f\u0131 \u00f6d\u00fcl t\u00f6reninde<\/p>\n<p style=\"text-align: center;\"><strong>4 kategoride 19 \u00f6d\u00fcl<\/strong> verildi.<\/p>\n<\/div><\/section><\/p><\/div><div class=\"flex_column av_two_third  av-animated-generic bottom-to-top  no_margin flex_column_table_cell av-equal-height-column av-align-middle   avia-builder-el-8  el_after_av_one_third  el_before_av_one_full  \" style='background:url(https:\/\/ggd.org.tr\/en\/wp-content\/uploads\/2021\/02\/misyon-bg-3.jpg) bottom right no-repeat  #fbfaf5; padding:20px; background-color:#fbfaf5; border-radius:0px; '><article  class=\"iconbox iconbox_left_content    avia-builder-el-9  avia-builder-el-no-sibling  av-icon-style-no-border\"  itemscope=\"itemscope\" itemtype=\"https:\/\/schema.org\/CreativeWork\" ><div class=\"iconbox_icon heading-color\" aria-hidden='true' data-av_icon='\uf103' data-av_iconfont='lvy_'  style='color:#2f2a24; ' ><\/div><div class=\"iconbox_content\"><header class=\"entry-content-header\"><h3 class='iconbox_content_title  '  itemprop=\"headline\"  >J\u00fcri De\u011ferlendirme Kriterleri<\/h3><\/header><div class='iconbox_content_container  '  itemprop=\"text\"  ><ol>\n<li>Haber g\u0131da g\u00fcvenli\u011fi ile ilgili do\u011fru mesajlar vermekte ve fark\u0131ndal\u0131k yaratmakta m\u0131d\u0131r?<\/li>\n<li>Haber g\u00fcvenilir verilerle destekleniyor mu?<\/li>\n<li>Haber bilgi kirlili\u011fini \u00f6nlemede i\u015flevsel mi?<\/li>\n<li>Haber T\u00fcrkiye\u2019deki t\u00fcketiciyi etkiliyor mu? T\u00fcrkiye ile alakal\u0131 bir sorun mu?<\/li>\n<li>Haber a\u00e7\u0131k ve anla\u015f\u0131l\u0131r bir bi\u00e7imde yaz\u0131lm\u0131\u015f m\u0131?<\/li>\n<li>Haber geni\u015f mi yoksa dar bir okuyucu kitlesine hitap etmektedir?<\/li>\n<\/ol>\n<\/div><\/div><footer class=\"entry-footer\"><\/footer><\/article><\/div><\/div><!--close column table wrapper. Autoclose: 1 --><div class=\"flex_column av_one_full  flex_column_div av-zero-column-padding first  avia-builder-el-10  el_after_av_two_third  el_before_av_one_half  column-top-margin\" style='border-radius:0px; '><div  style='padding-bottom:10px; ' class='av-special-heading av-special-heading-h3  blockquote elegant-quote elegant-centered  avia-builder-el-11  avia-builder-el-no-sibling  '><h3 class='av-special-heading-tag '  itemprop=\"headline\"  ><span class=\"heading-wrap\">\u00d6d\u00fcl Alan Haberler<\/span><\/h3><div class='special-heading-border'><div class='special-heading-inner-border' ><\/div><\/div><\/div><\/div><div class=\"flex_column av_one_half  flex_column_div av-zero-column-padding first  avia-builder-el-12  el_after_av_one_full  el_before_av_one_half  column-top-margin\" style='border-radius:0px; '><p><div  class='avia-button-wrap avia-button-center  avia-builder-el-13  el_before_av_textblock  avia-builder-el-first ' ><a href=''  class='avia-button  avia-color-theme-color   avia-icon_select-no avia-size-small avia-position-center '   ><span class='avia_iconbox_title' >Yaz\u0131l\u0131 Bas\u0131n<\/span><\/a><\/div><br \/>\n<section class=\"av_textblock_section \"  itemscope=\"itemscope\" itemtype=\"https:\/\/schema.org\/CreativeWork\" ><div class='avia_textblock  '   itemprop=\"text\" ><ul>\n<li>Bu \u00fcr\u00fcnleri g\u00fcvendi\u011finiz yerden al\u0131n &#8211;  Kadir Kemalo\u011flu (Yeni As\u0131r)<\/li>\n<li>Baz\u0131 plastiklerdeki tehlikelere dikkat &#8211; Ceyda Ereno\u011flu (Habert\u00fcrk)<\/li>\n<li>Zehir yiyoruz &#8211; Pervin Metin (Nokta)<\/li>\n<li>Zehirli meyve ve sebze istemiyoruz &#8211; G\u00fcng\u00f6r Uras (Milliyet)<\/li>\n<li>Bu \u00fcr\u00fcnleri g\u00fcvendi\u011finiz yerden al\u0131n &#8211; Kadir Kemalo\u011flu (Yeni As\u0131r<\/li>\n<\/ul>\n<\/div><\/section><\/p><\/div><div class=\"flex_column av_one_half  flex_column_div av-zero-column-padding   avia-builder-el-15  el_after_av_one_half  el_before_av_one_half  column-top-margin\" style='border-radius:0px; '><p><div  class='avia-button-wrap avia-button-center  avia-builder-el-16  el_before_av_textblock  avia-builder-el-first ' ><a href=''  class='avia-button  avia-color-theme-color   avia-icon_select-no avia-size-small avia-position-center '   ><span class='avia_iconbox_title' >Televizyon<\/span><\/a><\/div><br \/>\n<section class=\"av_textblock_section \"  itemscope=\"itemscope\" itemtype=\"https:\/\/schema.org\/CreativeWork\" ><div class='avia_textblock  '   itemprop=\"text\" ><ul>\n<li>Tavuk eti g\u00fcvenli mi? &#8211; Kanal 24, Sa\u011fl\u0131k Merkezi Meral Karada\u011f<\/li>\n<li>Okullarda g\u0131da g\u00fcvenli\u011fi &#8211;  NTV,  Zeynep At\u0131lgan<\/li>\n<li>Hileli g\u0131daya kapatma cezas\u0131 &#8211; Habert\u00fcrk TV<\/li>\n<li>G\u0131da ter\u00f6ristlerine hapis &#8211; Kanal 24, Umut Erol<\/li>\n<li>G\u0131da ter\u00f6ristleri i\u015f ba\u015f\u0131nda &#8211;  TRT1, B\u00fclent \u00c7ulcuo\u011flu<\/li>\n<\/ul>\n<\/div><\/section><\/p><\/div><div class=\"flex_column av_one_half  flex_column_div av-zero-column-padding first  avia-builder-el-18  el_after_av_one_half  el_before_av_one_half  column-top-margin\" style='border-radius:0px; '><p><div  class='avia-button-wrap avia-button-center  avia-builder-el-19  el_before_av_textblock  avia-builder-el-first ' ><a href=''  class='avia-button  avia-color-theme-color   avia-icon_select-no avia-size-small avia-position-center '   ><span class='avia_iconbox_title' >\u0130nternet<\/span><\/a><\/div><br \/>\n<section class=\"av_textblock_section \"  itemscope=\"itemscope\" itemtype=\"https:\/\/schema.org\/CreativeWork\" ><div class='avia_textblock  '   itemprop=\"text\" ><ul>\n<li>Konserve ve tur\u015fu haz\u0131rlarken sa\u011fl\u0131\u011f\u0131n\u0131z\u0131 riske atmay\u0131n &#8211; Senim Hande Karaku\u015f (posta.com.tr)<\/li>\n<li>G\u0131da ter\u00f6r\u00fc sona erer mi? &#8211;  \u0130rfan Donat (bloomberght.com)<\/li>\n<li>G\u0131dalar\u0131m\u0131z ne kadar g\u00fcvenilir &#8211;  \u0130rfan Donat (bloomberght.com)<\/li>\n<li>Ambalajs\u0131z s\u00fct ve s\u00fct \u00fcr\u00fcnlerine itimat etmeyin &#8211; Yusuf K\u0131rbi\u00e7 (mansetizmir.com)<\/li>\n<li>Ni\u015fanta\u015f\u0131\u2019nda bir bah\u00e7ede yeti\u015fen meyve organik olamaz &#8211; Bahar Erdo\u011fan (star.com.tr)<\/li>\n<\/ul>\n<\/div><\/section><\/p><\/div><div class=\"flex_column av_one_half  flex_column_div av-zero-column-padding   avia-builder-el-21  el_after_av_one_half  el_before_av_one_full  column-top-margin\" style='border-radius:0px; '><p><div  class='avia-button-wrap avia-button-center  avia-builder-el-22  el_before_av_textblock  avia-builder-el-first ' ><a href=''  class='avia-button  avia-color-theme-color   avia-icon_select-no avia-size-small avia-position-center '   ><span class='avia_iconbox_title' >Ajans<\/span><\/a><\/div><br \/>\n<section class=\"av_textblock_section \"  itemscope=\"itemscope\" itemtype=\"https:\/\/schema.org\/CreativeWork\" ><div class='avia_textblock  '   itemprop=\"text\" ><ul>\n<li>G\u0131da ambalajlar\u0131 ak\u0131llanacak &#8211;  Anadolu Ajans\u0131, G\u00f6ksel Y\u0131ld\u0131r\u0131m<\/li>\n<li>Uzmanlardan yo\u011furtta hijyen uyar\u0131s\u0131 &#8211; Anadolu Ajans\u0131, Merve \u00d6zlem \u00c7ak\u0131r<\/li>\n<li>Etiketlerin diline dikkat &#8211; \u0130hlas Haber Ajans\u0131, G\u00fcrcan Y\u0131lmaz<\/li>\n<li>Sofradaki gizli tehlike &#8211;  \u0130hlas Haber Ajans\u0131, Muhammet \u00d6zer<\/li>\n<\/ul>\n<\/div><\/section><\/p><\/div><div class=\"flex_column av_one_full  flex_column_div av-zero-column-padding first  avia-builder-el-24  el_after_av_one_half  avia-builder-el-last  column-top-margin\" style='border-radius:0px; '><p><div  style='padding-bottom:10px; ' class='av-special-heading av-special-heading-h3  blockquote elegant-quote elegant-centered  avia-builder-el-25  el_before_av_gallery  avia-builder-el-first  '><h3 class='av-special-heading-tag '  itemprop=\"headline\"  ><span class=\"heading-wrap\">\u00d6d\u00fcl T\u00f6reni<\/span><\/h3><div class='special-heading-border'><div class='special-heading-inner-border' ><\/div><\/div><\/div><br \/>\n<div  class='avia-gallery  avia-gallery-1 avia_lazyload avia-gallery-animate avia_animate_when_visible  avia-builder-el-26  el_after_av_heading  avia-builder-el-last '  itemprop=\"image\" itemscope=\"itemscope\" itemtype=\"https:\/\/schema.org\/ImageObject\" ><div class='avia-gallery-thumb'> <a href='https:\/\/ggd.org.tr\/en\/wp-content\/uploads\/2021\/07\/GGD-1030x637.jpg' data-rel='gallery-1' data-prev-img='https:\/\/ggd.org.tr\/en\/wp-content\/uploads\/2021\/07\/GGD-495x400.jpg' class='first_thumb lightbox ' data-onclick='1' title='GGD'  itemprop=\"thumbnailUrl\"  ><img class=\"wp-image-2185 avia-img-lazy-loading-not-2185\"   src=\"https:\/\/ggd.org.tr\/en\/wp-content\/uploads\/2021\/07\/GGD-495x400.jpg\" width=\"495\" height=\"400\"  title='GGD' alt='' srcset=\"https:\/\/ggd.org.tr\/en\/wp-content\/uploads\/2021\/07\/GGD-495x400.jpg 495w, https:\/\/ggd.org.tr\/en\/wp-content\/uploads\/2021\/07\/GGD-845x684.jpg 845w\" sizes=\"(max-width: 495px) 100vw, 495px\" \/><\/a> <a href='https:\/\/ggd.org.tr\/en\/wp-content\/uploads\/2021\/07\/IMG_2464-1030x687.jpg' data-rel='gallery-1' data-prev-img='https:\/\/ggd.org.tr\/en\/wp-content\/uploads\/2021\/07\/IMG_2464-495x400.jpg' class='lightbox ' data-onclick='2' title='IMG_2464'  itemprop=\"thumbnailUrl\"  ><img class=\"wp-image-2186 avia-img-lazy-loading-not-2186\"   src=\"https:\/\/ggd.org.tr\/en\/wp-content\/uploads\/2021\/07\/IMG_2464-495x400.jpg\" width=\"495\" height=\"400\"  title='IMG_2464' alt='' srcset=\"https:\/\/ggd.org.tr\/en\/wp-content\/uploads\/2021\/07\/IMG_2464-495x400.jpg 495w, https:\/\/ggd.org.tr\/en\/wp-content\/uploads\/2021\/07\/IMG_2464-845x684.jpg 845w\" sizes=\"(max-width: 495px) 100vw, 495px\" \/><\/a> <a href='https:\/\/ggd.org.tr\/en\/wp-content\/uploads\/2021\/07\/IMG_2496-1030x687.jpg' data-rel='gallery-1' data-prev-img='https:\/\/ggd.org.tr\/en\/wp-content\/uploads\/2021\/07\/IMG_2496-495x400.jpg' class='lightbox ' data-onclick='3' title='IMG_2496'  itemprop=\"thumbnailUrl\"  ><img class=\"wp-image-2187 avia-img-lazy-loading-not-2187\"   src=\"https:\/\/ggd.org.tr\/en\/wp-content\/uploads\/2021\/07\/IMG_2496-495x400.jpg\" width=\"495\" height=\"400\"  title='IMG_2496' alt='' srcset=\"https:\/\/ggd.org.tr\/en\/wp-content\/uploads\/2021\/07\/IMG_2496-495x400.jpg 495w, https:\/\/ggd.org.tr\/en\/wp-content\/uploads\/2021\/07\/IMG_2496-845x684.jpg 845w\" sizes=\"(max-width: 495px) 100vw, 495px\" \/><\/a> <a href='https:\/\/ggd.org.tr\/en\/wp-content\/uploads\/2021\/07\/IMG_2450-1030x687.jpg' data-rel='gallery-1' data-prev-img='https:\/\/ggd.org.tr\/en\/wp-content\/uploads\/2021\/07\/IMG_2450-495x400.jpg' class='lightbox ' data-onclick='4' title='IMG_2450'  itemprop=\"thumbnailUrl\"  ><img class=\"wp-image-2188 avia-img-lazy-loading-not-2188\"   src=\"https:\/\/ggd.org.tr\/en\/wp-content\/uploads\/2021\/07\/IMG_2450-495x400.jpg\" width=\"495\" height=\"400\"  title='IMG_2450' alt='' srcset=\"https:\/\/ggd.org.tr\/en\/wp-content\/uploads\/2021\/07\/IMG_2450-495x400.jpg 495w, https:\/\/ggd.org.tr\/en\/wp-content\/uploads\/2021\/07\/IMG_2450-845x684.jpg 845w\" sizes=\"(max-width: 495px) 100vw, 495px\" \/><\/a> <a href='https:\/\/ggd.org.tr\/en\/wp-content\/uploads\/2021\/07\/IMG_2468-1030x687.jpg' data-rel='gallery-1' data-prev-img='https:\/\/ggd.org.tr\/en\/wp-content\/uploads\/2021\/07\/IMG_2468-495x400.jpg' class='lightbox ' data-onclick='5' title='IMG_2468'  itemprop=\"thumbnailUrl\"  ><img class=\"wp-image-2189 avia-img-lazy-loading-not-2189\"   src=\"https:\/\/ggd.org.tr\/en\/wp-content\/uploads\/2021\/07\/IMG_2468-495x400.jpg\" width=\"495\" height=\"400\"  title='IMG_2468' alt='' srcset=\"https:\/\/ggd.org.tr\/en\/wp-content\/uploads\/2021\/07\/IMG_2468-495x400.jpg 495w, https:\/\/ggd.org.tr\/en\/wp-content\/uploads\/2021\/07\/IMG_2468-845x684.jpg 845w\" sizes=\"(max-width: 495px) 100vw, 495px\" \/><\/a> <a href='https:\/\/ggd.org.tr\/en\/wp-content\/uploads\/2021\/07\/IMG_2533-1030x687.jpg' data-rel='gallery-1' data-prev-img='https:\/\/ggd.org.tr\/en\/wp-content\/uploads\/2021\/07\/IMG_2533-495x400.jpg' class='first_thumb lightbox ' data-onclick='6' title='IMG_2533'  itemprop=\"thumbnailUrl\"  ><img class=\"wp-image-2190 avia-img-lazy-loading-not-2190\"   src=\"https:\/\/ggd.org.tr\/en\/wp-content\/uploads\/2021\/07\/IMG_2533-495x400.jpg\" width=\"495\" height=\"400\"  title='IMG_2533' alt='' srcset=\"https:\/\/ggd.org.tr\/en\/wp-content\/uploads\/2021\/07\/IMG_2533-495x400.jpg 495w, https:\/\/ggd.org.tr\/en\/wp-content\/uploads\/2021\/07\/IMG_2533-845x684.jpg 845w\" sizes=\"(max-width: 495px) 100vw, 495px\" \/><\/a> <a href='https:\/\/ggd.org.tr\/en\/wp-content\/uploads\/2021\/07\/IMG_2470-1030x687.jpg' data-rel='gallery-1' data-prev-img='https:\/\/ggd.org.tr\/en\/wp-content\/uploads\/2021\/07\/IMG_2470-495x400.jpg' class='lightbox ' data-onclick='7' title='IMG_2470'  itemprop=\"thumbnailUrl\"  ><img class=\"wp-image-2193 avia-img-lazy-loading-not-2193\"   src=\"https:\/\/ggd.org.tr\/en\/wp-content\/uploads\/2021\/07\/IMG_2470-495x400.jpg\" width=\"495\" height=\"400\"  title='IMG_2470' alt='' srcset=\"https:\/\/ggd.org.tr\/en\/wp-content\/uploads\/2021\/07\/IMG_2470-495x400.jpg 495w, https:\/\/ggd.org.tr\/en\/wp-content\/uploads\/2021\/07\/IMG_2470-845x684.jpg 845w\" sizes=\"(max-width: 495px) 100vw, 495px\" \/><\/a> <a href='https:\/\/ggd.org.tr\/en\/wp-content\/uploads\/2021\/07\/IMG_2493-1030x687.jpg' data-rel='gallery-1' data-prev-img='https:\/\/ggd.org.tr\/en\/wp-content\/uploads\/2021\/07\/IMG_2493-495x400.jpg' class='lightbox ' data-onclick='8' title='IMG_2493'  itemprop=\"thumbnailUrl\"  ><img class=\"wp-image-2194 avia-img-lazy-loading-not-2194\"   src=\"https:\/\/ggd.org.tr\/en\/wp-content\/uploads\/2021\/07\/IMG_2493-495x400.jpg\" width=\"495\" height=\"400\"  title='IMG_2493' alt='' srcset=\"https:\/\/ggd.org.tr\/en\/wp-content\/uploads\/2021\/07\/IMG_2493-495x400.jpg 495w, https:\/\/ggd.org.tr\/en\/wp-content\/uploads\/2021\/07\/IMG_2493-845x684.jpg 845w\" sizes=\"(max-width: 495px) 100vw, 495px\" \/><\/a> <a href='https:\/\/ggd.org.tr\/en\/wp-content\/uploads\/2021\/07\/IMG_2511-1030x687.jpg' data-rel='gallery-1' data-prev-img='https:\/\/ggd.org.tr\/en\/wp-content\/uploads\/2021\/07\/IMG_2511-495x400.jpg' class='lightbox ' data-onclick='9' title='IMG_2511'  itemprop=\"thumbnailUrl\"  ><img class=\"wp-image-2195 avia-img-lazy-loading-not-2195\"   src=\"https:\/\/ggd.org.tr\/en\/wp-content\/uploads\/2021\/07\/IMG_2511-495x400.jpg\" width=\"495\" height=\"400\"  title='IMG_2511' alt='' srcset=\"https:\/\/ggd.org.tr\/en\/wp-content\/uploads\/2021\/07\/IMG_2511-495x400.jpg 495w, https:\/\/ggd.org.tr\/en\/wp-content\/uploads\/2021\/07\/IMG_2511-845x684.jpg 845w\" sizes=\"(max-width: 495px) 100vw, 495px\" \/><\/a> <a href='https:\/\/ggd.org.tr\/en\/wp-content\/uploads\/2021\/07\/IMG_2566-1030x687.jpg' data-rel='gallery-1' data-prev-img='https:\/\/ggd.org.tr\/en\/wp-content\/uploads\/2021\/07\/IMG_2566-495x400.jpg' class='lightbox ' data-onclick='10' title='IMG_2566'  itemprop=\"thumbnailUrl\"  ><img class=\"wp-image-2196 avia-img-lazy-loading-not-2196\"   src=\"https:\/\/ggd.org.tr\/en\/wp-content\/uploads\/2021\/07\/IMG_2566-495x400.jpg\" width=\"495\" height=\"400\"  title='IMG_2566' alt='' srcset=\"https:\/\/ggd.org.tr\/en\/wp-content\/uploads\/2021\/07\/IMG_2566-495x400.jpg 495w, https:\/\/ggd.org.tr\/en\/wp-content\/uploads\/2021\/07\/IMG_2566-845x684.jpg 845w\" sizes=\"(max-width: 495px) 100vw, 495px\" \/><\/a><\/div><\/div><\/p><\/div>\n<\/div><\/div><\/div><!-- close content main div --><\/div><\/div><div id='after_section_2'  class='main_color av_default_container_wrap container_wrap sidebar_right' style=' '  ><div class='container' ><div class='template-page content  av-content-small alpha units'><div class='post-entry post-entry-type-page post-entry-1959'><div class='entry-content-wrapper clearfix'><\/p>\n","protected":false},"excerpt":{"rendered":"","protected":false},"author":2,"featured_media":0,"parent":0,"menu_order":0,"comment_status":"closed","ping_status":"closed","template":"","meta":[],"_links":{"self":[{"href":"https:\/\/ggd.org.tr\/en\/wp-json\/wp\/v2\/pages\/1959"}],"collection":[{"href":"https:\/\/ggd.org.tr\/en\/wp-json\/wp\/v2\/pages"}],"about":[{"href":"https:\/\/ggd.org.tr\/en\/wp-json\/wp\/v2\/types\/page"}],"author":[{"embeddable":true,"href":"https:\/\/ggd.org.tr\/en\/wp-json\/wp\/v2\/users\/2"}],"replies":[{"embeddable":true,"href":"https:\/\/ggd.org.tr\/en\/wp-json\/wp\/v2\/comments?post=1959"}],"version-history":[{"count":37,"href":"https:\/\/ggd.org.tr\/en\/wp-json\/wp\/v2\/pages\/1959\/revisions"}],"predecessor-version":[{"id":3239,"href":"https:\/\/ggd.org.tr\/en\/wp-json\/wp\/v2\/pages\/1959\/revisions\/3239"}],"wp:attachment":[{"href":"https:\/\/ggd.org.tr\/en\/wp-json\/wp\/v2\/media?parent=1959"}],"curies":[{"name":"wp","href":"https:\/\/api.w.org\/{rel}","templated":true}]}}