{"id":1657,"date":"2021-06-22T14:16:14","date_gmt":"2021-06-22T11:16:14","guid":{"rendered":"https:\/\/ggd.org.tr\/en\/?page_id=1657"},"modified":"2022-05-26T16:07:00","modified_gmt":"2022-05-26T13:07:00","slug":"consumer-surveys","status":"publish","type":"page","link":"https:\/\/ggd.org.tr\/en\/consumer-surveys\/","title":{"rendered":"Consumer Surveys"},"content":{"rendered":"<div class=\"flex_column av_one_full  av-animated-generic bottom-to-top  flex_column_div av-zero-column-padding first  avia-builder-el-0  avia-builder-el-no-sibling  \" style='border-radius:0px; '><div  class='av-alb-blogposts template-blog  av-blog-meta-author-disabled av-blog-meta-comments-disabled av-blog-meta-html-info-disabled '  itemscope=\"itemscope\" itemtype=\"https:\/\/schema.org\/Blog\" ><article class='post-entry post-entry-type-standard post-entry-1678 post-loop-1 post-parity-odd bloglist-excerpt  post-1678 post type-post status-publish format-standard hentry category-tuketici-arastirmalari'  itemscope=\"itemscope\" itemtype=\"https:\/\/schema.org\/BlogPosting\" ><div class='blog-meta'><\/div><div class='entry-content-wrapper clearfix standard-content'><header class=\"entry-content-header\"><h2 class='post-title entry-title '  itemprop=\"headline\" >\t<a href='https:\/\/ggd.org.tr\/en\/gida-kaybi-ve-etiket-okuma-arastirmasi\/' rel='bookmark' title='Permanent Link: Survey on Food Loss and Label Reading'>Survey on Food Loss and Label Reading\t\t\t<span class='post-format-icon minor-meta'><\/span>\t<\/a><\/h2><span class='post-meta-infos'><time class='date-container minor-meta updated' >25 April 2019<\/time><span class='text-sep text-sep-date'>\/<\/span><span class=\"blog-categories minor-meta\">in <a href=\"https:\/\/ggd.org.tr\/en\/kategori\/tuketici-arastirmalari\/\" rel=\"tag\">T\u00fcketici Ara\u015ft\u0131rmalar\u0131<\/a> <\/span><span class=\"text-sep text-sep-cat\">\/<\/span><span class=\"blog-author minor-meta\">by <span class=\"entry-author-link\"  itemprop=\"author\" ><span class=\"author\"><span class=\"fn\"><a href=\"https:\/\/ggd.org.tr\/en\/author\/admin-ggd\/\" title=\"Posts by admin-ggd\" rel=\"author\">admin-ggd<\/a><\/span><\/span><\/span><\/span><\/span><\/header><p>T\u00fcketicilerin %72&#8217;si etiketlerde bulunan son t\u00fcketim tarihi (STT) ve tavsiye edilen t\u00fcketim tarihi (TETT) fark\u0131n\u0131 bilmedi\u011fi i\u00e7in t\u00fcketilebilir g\u0131day\u0131 \u00e7\u00f6pe att\u0131\u011f\u0131n\u0131 ifade ediyor. G\u0131da G\u00fcvenli\u011fi Derne\u011fi&#8217;nin &#8220;G\u0131da Kayb\u0131 ve Etiket Okuma Ara\u015ft\u0131rmas\u0131&#8221;na g\u00f6re hanelerde en fazla at\u0131\u011fa d\u00f6n\u00fc\u015fen g\u0131da \u00fcr\u00fcnleri y\u00fczde 42 ile sebze ve meyve, y\u00fczde 41 ile s\u00fct ve s\u00fct \u00fcr\u00fcnleri olarak g\u00f6r\u00fcl\u00fcyor. [&hellip;]<\/p>\n<div class=\"read-more-link\"><a href=\"https:\/\/ggd.org.tr\/en\/gida-kaybi-ve-etiket-okuma-arastirmasi\/\" class=\"more-link\">Read more<span class=\"more-link-arrow\"><\/span><\/a><\/div><footer class=\"entry-footer\"><\/footer><div class='post_delimiter'><\/div><\/div><div class='post_author_timeline'><\/div><span class='hidden'>\n\t\t\t\t<span class='av-structured-data'  itemprop=\"image\" itemscope=\"itemscope\" itemtype=\"https:\/\/schema.org\/ImageObject\" >\n\t\t\t\t\t\t<span itemprop='url'>https:\/\/ggd.org.tr\/en\/wp-content\/uploads\/GGD-LOGO-PDF.svg<\/span>\n\t\t\t\t\t\t<span itemprop='height'>0<\/span>\n\t\t\t\t\t\t<span itemprop='width'>0<\/span>\n\t\t\t\t<\/span>\n\t\t\t\t<span class='av-structured-data'  itemprop=\"publisher\" itemtype=\"https:\/\/schema.org\/Organization\" itemscope=\"itemscope\" >\n\t\t\t\t\t\t<span itemprop='name'>admin-ggd<\/span>\n\t\t\t\t\t\t<span itemprop='logo' itemscope itemtype='https:\/\/schema.org\/ImageObject'>\n\t\t\t\t\t\t\t<span itemprop='url'>https:\/\/ggd.org.tr\/en\/wp-content\/uploads\/GGD-LOGO-PDF.svg<\/span>\n\t\t\t\t\t\t <\/span>\n\t\t\t\t<\/span><span class='av-structured-data'  itemprop=\"author\" itemscope=\"itemscope\" itemtype=\"https:\/\/schema.org\/Person\" ><span itemprop='name'>admin-ggd<\/span><\/span><span class='av-structured-data'  itemprop=\"datePublished\" datetime=\"2019-04-25T14:36:54+03:00\" >2019-04-25 14:36:54<\/span><span class='av-structured-data'  itemprop=\"dateModified\" itemtype=\"https:\/\/schema.org\/dateModified\" >2021-07-19 12:09:27<\/span><span class='av-structured-data'  itemprop=\"mainEntityOfPage\" itemtype=\"https:\/\/schema.org\/mainEntityOfPage\" ><span itemprop='name'>Survey on Food Loss and Label Reading<\/span><\/span><\/span><\/article><article class='post-entry post-entry-type-standard post-entry-570 post-loop-2 post-parity-even post-entry-last bloglist-excerpt  post-570 post type-post status-publish format-standard hentry category-tuketici-arastirmalari'  itemscope=\"itemscope\" itemtype=\"https:\/\/schema.org\/BlogPosting\" ><div class='blog-meta'><\/div><div class='entry-content-wrapper clearfix standard-content'><header class=\"entry-content-header\"><h2 class='post-title entry-title '  itemprop=\"headline\" >\t<a href='https:\/\/ggd.org.tr\/en\/gida-guvenligi-bilgi-duzeyi-arastirmasi\/' rel='bookmark' title='Permanent Link: Survey on Food Safety Konowledge Level'>Survey on Food Safety Konowledge Level\t\t\t<span class='post-format-icon minor-meta'><\/span>\t<\/a><\/h2><span class='post-meta-infos'><time class='date-container minor-meta updated' >7 April 2015<\/time><span class='text-sep text-sep-date'>\/<\/span><span class=\"blog-categories minor-meta\">in <a href=\"https:\/\/ggd.org.tr\/en\/kategori\/tuketici-arastirmalari\/\" rel=\"tag\">T\u00fcketici Ara\u015ft\u0131rmalar\u0131<\/a> <\/span><span class=\"text-sep text-sep-cat\">\/<\/span><span class=\"blog-author minor-meta\">by <span class=\"entry-author-link\"  itemprop=\"author\" ><span class=\"author\"><span class=\"fn\"><a href=\"https:\/\/ggd.org.tr\/en\/author\/wpadmin_giguv\/\" title=\"Posts by wpadmin_giguv\" rel=\"author\">wpadmin_giguv<\/a><\/span><\/span><\/span><\/span><\/span><\/header><p>G\u0131da G\u00fcvenli\u011fi Derne\u011fi, t\u00fcketicilerin g\u0131da g\u00fcvenli\u011fi konusunda bilgi d\u00fczeyini ara\u015ft\u0131rd\u0131. Ara\u015ft\u0131rma sonu\u00e7lar\u0131 d\u00fczenlenen bas\u0131n toplant\u0131s\u0131nda payla\u015f\u0131ld\u0131. Bas\u0131n toplant\u0131s\u0131nda bilgi veren G\u0131da G\u00fcvenli\u011fi Derne\u011fi Ba\u015fkan\u0131 Samim Saner, &#8220;G\u0131da G\u00fcvenli\u011fi Bilgi D\u00fczeyi Ara\u015ft\u0131rmas\u0131&#8221; hakk\u0131nda \u015fu a\u00e7\u0131klamalarda bulundu: &#8220;G\u0131da G\u00fcvenli\u011fi Derne\u011fi olarak t\u00fcketicilerin g\u0131da g\u00fcvenli\u011fi konusundaki alg\u0131 ve bilin\u00e7 d\u00fczeyini saptamak amac\u0131yla TNS Global T\u00fcrkiye\u00b4ye yapt\u0131rd\u0131\u011f\u0131m\u0131z \u00b4G\u0131da G\u00fcvenli\u011fi [&hellip;]<\/p>\n<div class=\"read-more-link\"><a href=\"https:\/\/ggd.org.tr\/en\/gida-guvenligi-bilgi-duzeyi-arastirmasi\/\" class=\"more-link\">Read more<span class=\"more-link-arrow\"><\/span><\/a><\/div><footer class=\"entry-footer\"><\/footer><div class='post_delimiter'><\/div><\/div><div class='post_author_timeline'><\/div><span class='hidden'>\n\t\t\t\t<span class='av-structured-data'  itemprop=\"image\" itemscope=\"itemscope\" itemtype=\"https:\/\/schema.org\/ImageObject\" >\n\t\t\t\t\t\t<span itemprop='url'>https:\/\/ggd.org.tr\/en\/wp-content\/uploads\/GGD-LOGO-PDF.svg<\/span>\n\t\t\t\t\t\t<span itemprop='height'>0<\/span>\n\t\t\t\t\t\t<span itemprop='width'>0<\/span>\n\t\t\t\t<\/span>\n\t\t\t\t<span class='av-structured-data'  itemprop=\"publisher\" itemtype=\"https:\/\/schema.org\/Organization\" itemscope=\"itemscope\" >\n\t\t\t\t\t\t<span itemprop='name'>wpadmin_giguv<\/span>\n\t\t\t\t\t\t<span itemprop='logo' itemscope itemtype='https:\/\/schema.org\/ImageObject'>\n\t\t\t\t\t\t\t<span itemprop='url'>https:\/\/ggd.org.tr\/en\/wp-content\/uploads\/GGD-LOGO-PDF.svg<\/span>\n\t\t\t\t\t\t <\/span>\n\t\t\t\t<\/span><span class='av-structured-data'  itemprop=\"author\" itemscope=\"itemscope\" itemtype=\"https:\/\/schema.org\/Person\" ><span itemprop='name'>wpadmin_giguv<\/span><\/span><span class='av-structured-data'  itemprop=\"datePublished\" datetime=\"2015-04-07T11:01:52+03:00\" >2015-04-07 11:01:52<\/span><span class='av-structured-data'  itemprop=\"dateModified\" itemtype=\"https:\/\/schema.org\/dateModified\" >2021-07-19 12:10:10<\/span><span class='av-structured-data'  itemprop=\"mainEntityOfPage\" itemtype=\"https:\/\/schema.org\/mainEntityOfPage\" ><span itemprop='name'>Survey on Food Safety Konowledge Level<\/span><\/span><\/span><\/article><div class='bloglist-excerpt'><\/div><\/div><\/div>\n","protected":false},"excerpt":{"rendered":"","protected":false},"author":2,"featured_media":0,"parent":0,"menu_order":0,"comment_status":"closed","ping_status":"closed","template":"","meta":[],"_links":{"self":[{"href":"https:\/\/ggd.org.tr\/en\/wp-json\/wp\/v2\/pages\/1657"}],"collection":[{"href":"https:\/\/ggd.org.tr\/en\/wp-json\/wp\/v2\/pages"}],"about":[{"href":"https:\/\/ggd.org.tr\/en\/wp-json\/wp\/v2\/types\/page"}],"author":[{"embeddable":true,"href":"https:\/\/ggd.org.tr\/en\/wp-json\/wp\/v2\/users\/2"}],"replies":[{"embeddable":true,"href":"https:\/\/ggd.org.tr\/en\/wp-json\/wp\/v2\/comments?post=1657"}],"version-history":[{"count":4,"href":"https:\/\/ggd.org.tr\/en\/wp-json\/wp\/v2\/pages\/1657\/revisions"}],"predecessor-version":[{"id":3984,"href":"https:\/\/ggd.org.tr\/en\/wp-json\/wp\/v2\/pages\/1657\/revisions\/3984"}],"wp:attachment":[{"href":"https:\/\/ggd.org.tr\/en\/wp-json\/wp\/v2\/media?parent=1657"}],"curies":[{"name":"wp","href":"https:\/\/api.w.org\/{rel}","templated":true}]}}