{"id":1651,"date":"2021-06-22T13:43:53","date_gmt":"2021-06-22T10:43:53","guid":{"rendered":"https:\/\/ggd.org.tr\/en\/?page_id=1651"},"modified":"2021-10-17T15:13:57","modified_gmt":"2021-10-17T12:13:57","slug":"gida-guvenligi-ve-soguk-zincir","status":"publish","type":"page","link":"https:\/\/ggd.org.tr\/en\/gida-guvenligi-ve-soguk-zincir\/","title":{"rendered":"Food Safety and Cold Chain"},"content":{"rendered":"<section class=\"av_textblock_section \"  itemscope=\"itemscope\" itemtype=\"https:\/\/schema.org\/CreativeWork\" ><div class='avia_textblock  '   itemprop=\"text\" ><p><strong>G\u0131da G\u00fcvenli\u011fi ve So\u011fuk Zincir<\/strong><\/p>\n<p><strong>Edit\u00f6r :<\/strong> Prof.Dr.Y.Onur Devres<\/p>\n<p><strong>Kitap \u0130\u00e7eri\u011fi : <\/strong><\/p>\n<ol>\n<li>B\u00f6l\u00fcm : So\u011fuk Muhafaza ve G\u0131da G\u00fcvenli\u011fi<\/li>\n<li>B\u00f6l\u00fcm : So\u011futma \u00c7evrimi ve Elemanlar\u0131<\/li>\n<li>B\u00f6l\u00fcm : G\u0131dalar\u0131n Saklanmas\u0131 S\u0131ras\u0131nda So\u011futma \u0130\u015flemi Kullan\u0131m\u0131<\/li>\n<li>B\u00f6l\u00fcm : \u00dcretim Alan\u0131n\u0131n Havaland\u0131r\u0131lmas\u0131 ve Ko\u015fulland\u0131r\u0131lmas\u0131<\/li>\n<li>B\u00f6l\u00fcm : \u00dcretim Sonras\u0131 So\u011fuk Zincir \u0130\u00e7inde \u00dcr\u00fcnlerin Sevkiyat\u0131<\/li>\n<li>B\u00f6l\u00fcm : Sat\u0131\u015f S\u0131ras\u0131ndaki Te\u015fhir \u0130\u00e7in Gerekli Alt Yap\u0131 ve Kritik Kontrol Noktalar\u0131<\/li>\n<li>B\u00f6l\u00fcm :  Ekipmanlar<\/li>\n<\/ol>\n<p><strong>Kitap \u00dccreti :<\/strong> 25 TL + KDV (Kargo Al\u0131c\u0131ya Aittir)<\/p>\n<p>Kitaptan sat\u0131n almak isterseniz Ad, Soyad, Telefon ve Adres Bilgilerinizi dekont ile birlikte <a href=\"mailto:ggd@ggd.org.tr\">ggd@ggd.org.tr<\/a> adresine g\u00f6ndermenizi rica ederiz.<\/p>\n<p><strong>Hesap Bilgileri <\/strong><\/p>\n<p>G\u0131da G\u00fcvenli\u011fi Derne\u011fi \u0130ktisadi \u0130\u015fletmesi<br \/>\nT\u00fcrkiye \u0130\u015f Bankas\u0131, 1071 \u2013 K\u0131z\u0131ltoprak \u015eubesi<br \/>\nIBAN: TR74 0006 4000 0011 0710 7758 77<\/p>\n<\/div><\/section>\n<div class=\"flex_column av_one_full  av-animated-generic right-to-left  flex_column_div av-zero-column-padding first  avia-builder-el-1  el_after_av_textblock  avia-builder-el-last  column-top-margin\" style='border-radius:0px; '><form action=\"https:\/\/ggd.org.tr\/en\/gida-guvenligi-ve-soguk-zincir\/\" method=\"post\"  class=\"avia_ajax_form av-form-labels-hidden   avia-builder-el-2  avia-builder-el-no-sibling   \" data-avia-form-id=\"1\" data-avia-redirect='' ><fieldset><p class='  first_form  form_element form_fullwidth' id='element_avia_1_1'><label for=\"avia_1_1\">\u0130sim <abbr class=\"required\" title=\"required\">*<\/abbr><\/label> <input name=\"avia_1_1\" class=\"text_input is_empty\" type=\"text\" id=\"avia_1_1\" value=\"\"  placeholder='\u0130sim*'\/><\/p><p class='  first_form  form_element form_fullwidth' id='element_avia_2_1'><label for=\"avia_2_1\">E-Posta <abbr class=\"required\" title=\"required\">*<\/abbr><\/label> <input name=\"avia_2_1\" class=\"text_input is_email\" type=\"text\" id=\"avia_2_1\" value=\"\"  placeholder='E-Posta*'\/><\/p><p class='  first_form  form_element form_fullwidth' id='element_avia_3_1'><label for=\"avia_3_1\">Konu <abbr class=\"required\" title=\"required\">*<\/abbr><\/label> <input name=\"avia_3_1\" class=\"text_input is_empty\" type=\"text\" id=\"avia_3_1\" value=\"\"  placeholder='Konu*'\/><\/p><p class='  first_form  form_element form_fullwidth' id='element_avia_4_1'><label for=\"avia_4_1\" class=\"textare_label hidden textare_label_avia_4_1\">Mesaj <abbr class=\"required\" title=\"required\">*<\/abbr><\/label><textarea  placeholder='Mesaj*' name=\"avia_4_1\" class=\"text_area is_empty\" cols=\"40\" rows=\"7\" id=\"avia_4_1\" ><\/textarea><\/p><p class=\"hidden\"><input type=\"text\" name=\"avia_5_1\" class=\"hidden \" id=\"avia_5_1\" value=\"\" \/><\/p><p class='av_form_privacy_check av_contact_privacy_check first_form  form_element form_fullwidth' id='element_avia_6_1'>    <input  name=\"avia_6_1\" class=\"input_checkbox is_empty\" type=\"checkbox\" id=\"avia_6_1\" value=\"true\"\/><label class=\"input_checkbox_label\" for=\"avia_6_1\">I have read and accept the <a href=\"https:\/\/ggd.org.tr\/en\/privacy-policy\/\" target=\"_blank\">Privacy Policy page.<\/a> <abbr class=\"required\" title=\"required\">*<\/abbr><\/label><\/p><p class=\"form_element \"><input type=\"hidden\" value=\"1\" name=\"avia_generated_form1\" \/><input type=\"submit\" value=\"G\u00f6nder\" class=\"button\"  data-sending-label=\"Sending\"\/><\/p><\/fieldset><\/form><div id=\"ajaxresponse_1\" class=\"ajaxresponse ajaxresponse_1 hidden\"><\/div><\/div>\n","protected":false},"excerpt":{"rendered":"","protected":false},"author":2,"featured_media":0,"parent":0,"menu_order":0,"comment_status":"closed","ping_status":"closed","template":"","meta":[],"_links":{"self":[{"href":"https:\/\/ggd.org.tr\/en\/wp-json\/wp\/v2\/pages\/1651"}],"collection":[{"href":"https:\/\/ggd.org.tr\/en\/wp-json\/wp\/v2\/pages"}],"about":[{"href":"https:\/\/ggd.org.tr\/en\/wp-json\/wp\/v2\/types\/page"}],"author":[{"embeddable":true,"href":"https:\/\/ggd.org.tr\/en\/wp-json\/wp\/v2\/users\/2"}],"replies":[{"embeddable":true,"href":"https:\/\/ggd.org.tr\/en\/wp-json\/wp\/v2\/comments?post=1651"}],"version-history":[{"count":16,"href":"https:\/\/ggd.org.tr\/en\/wp-json\/wp\/v2\/pages\/1651\/revisions"}],"predecessor-version":[{"id":3826,"href":"https:\/\/ggd.org.tr\/en\/wp-json\/wp\/v2\/pages\/1651\/revisions\/3826"}],"wp:attachment":[{"href":"https:\/\/ggd.org.tr\/en\/wp-json\/wp\/v2\/media?parent=1651"}],"curies":[{"name":"wp","href":"https:\/\/api.w.org\/{rel}","templated":true}]}}