{"id":1451,"date":"2021-06-04T08:19:49","date_gmt":"2021-06-04T05:19:49","guid":{"rendered":"https:\/\/ggd.org.tr\/en\/?page_id=1451"},"modified":"2022-05-26T16:14:19","modified_gmt":"2022-05-26T13:14:19","slug":"webinars","status":"publish","type":"page","link":"https:\/\/ggd.org.tr\/en\/webinars\/","title":{"rendered":"Webinars"},"content":{"rendered":"<div id='av_section_1'  class='avia-section main_color avia-section-default avia-no-border-styling  avia-bg-style-scroll  avia-builder-el-0  avia-builder-el-no-sibling  ana-videolar  container_wrap sidebar_right' style=' margin-top:-70px; margin-bottom:0px; '  ><div class='container' ><main  role=\"main\" itemprop=\"mainContentOfPage\"  class='template-page content  av-content-small alpha units'><div class='post-entry post-entry-type-page post-entry-1451'><div class='entry-content-wrapper clearfix'>\n<div class=\"flex_column av_one_full  av-animated-generic bottom-to-top  flex_column_div av-zero-column-padding first  avia-builder-el-1  el_before_av_one_fourth  avia-builder-el-first  \" style='border-radius:0px; '><div  style='padding-bottom:10px; ' class='av-special-heading av-special-heading-h2  blockquote elegant-quote elegant-centered  avia-builder-el-2  avia-builder-el-no-sibling  '><div class ='av-subheading av-subheading_above  ' style='font-size:15px;'><p>TFSA Tube<\/p>\n<\/div><h2 class='av-special-heading-tag '  itemprop=\"headline\"  ><span class=\"heading-wrap\">WEBINARS<\/span><\/h2><div class='special-heading-border'><div class='special-heading-inner-border' ><\/div><\/div><\/div><\/div><div class=\"flex_column av_one_fourth  av-animated-generic bottom-to-top  flex_column_div av-zero-column-padding first  avia-builder-el-3  el_after_av_one_full  el_before_av_one_fourth  column-top-margin\" style='border-radius:0px; '><section class=\"av_textblock_section \"  itemscope=\"itemscope\" itemtype=\"https:\/\/schema.org\/CreativeWork\" ><div class='avia_textblock  '   itemprop=\"text\" ><div class='avia-iframe-wrap'><iframe loading=\"lazy\" title=\"G\u0131da G\u00fcvenli\u011fi K\u00fclt\u00fcr\u00fc Online S\u00f6yle\u015fi\" width=\"1500\" height=\"844\" src=\"https:\/\/www.youtube.com\/embed\/Fujes1uIFMY?feature=oembed\" frameborder=\"0\" allow=\"accelerometer; autoplay; clipboard-write; encrypted-media; gyroscope; picture-in-picture\" allowfullscreen><\/iframe><\/div>\n<h3>Food Safety Culture<\/h3>\n<p>15.10.2021<\/p>\n<\/div><\/section><\/div><div class=\"flex_column av_one_fourth  av-animated-generic bottom-to-top  flex_column_div av-zero-column-padding   avia-builder-el-5  el_after_av_one_fourth  el_before_av_one_fourth  column-top-margin\" style='border-radius:0px; '><section class=\"av_textblock_section \"  itemscope=\"itemscope\" itemtype=\"https:\/\/schema.org\/CreativeWork\" ><div class='avia_textblock  '   itemprop=\"text\" ><div class='avia-iframe-wrap'><iframe loading=\"lazy\" title=\"G\u0131da G\u00fcvenli\u011finin Gelece\u011fine Bak\u0131\u015f - G\u0131da G\u00fcvenli\u011fi Sohbetleri \/ Food Safety Talks\" width=\"1500\" height=\"844\" src=\"https:\/\/www.youtube.com\/embed\/JXBtNtbM0e8?feature=oembed\" frameborder=\"0\" allow=\"accelerometer; autoplay; clipboard-write; encrypted-media; gyroscope; picture-in-picture\" allowfullscreen><\/iframe><\/div>\n<h3>Looking into the Future of Food Safety &#8211; Food Safety Talks<\/h3>\n<p>11.06.2021<\/p>\n<\/div><\/section><\/div><div class=\"flex_column av_one_fourth  av-animated-generic bottom-to-top  flex_column_div av-zero-column-padding   avia-builder-el-7  el_after_av_one_fourth  el_before_av_one_fourth  column-top-margin\" style='border-radius:0px; '><section class=\"av_textblock_section \"  itemscope=\"itemscope\" itemtype=\"https:\/\/schema.org\/CreativeWork\" ><div class='avia_textblock  '   itemprop=\"text\" ><div class='avia-iframe-wrap'><iframe loading=\"lazy\" title=\"\u0130klim De\u011fi\u015fikli\u011fi ve G\u0131da G\u00fcvenli\u011fi \u0130li\u015fkisi - G\u0131da G\u00fcvenli\u011fi Sohbetleri \/ Food Safety Talks\" width=\"1500\" height=\"844\" src=\"https:\/\/www.youtube.com\/embed\/C7trX5nUU94?feature=oembed\" frameborder=\"0\" allow=\"accelerometer; autoplay; clipboard-write; encrypted-media; gyroscope; picture-in-picture\" allowfullscreen><\/iframe><\/div>\n<h3>Climate Change and Food Safety &#8211; Food Safety Talks<\/h3>\n<p>10.06.2021<\/p>\n<\/div><\/section><\/div><div class=\"flex_column av_one_fourth  av-animated-generic bottom-to-top  flex_column_div av-zero-column-padding   avia-builder-el-9  el_after_av_one_fourth  el_before_av_one_fourth  column-top-margin\" style='border-radius:0px; '><section class=\"av_textblock_section \"  itemscope=\"itemscope\" itemtype=\"https:\/\/schema.org\/CreativeWork\" ><div class='avia_textblock  '   itemprop=\"text\" ><div class='avia-iframe-wrap'><iframe loading=\"lazy\" title=\"Vir\u00fcsler, Antibiyotik Direnci, Tek Sa\u011fl\u0131k - G\u0131da G\u00fcvenli\u011fi Sohbetleri \/ Food Safety Talks\" width=\"1500\" height=\"844\" src=\"https:\/\/www.youtube.com\/embed\/49vYcr6WbYQ?feature=oembed\" frameborder=\"0\" allow=\"accelerometer; autoplay; clipboard-write; encrypted-media; gyroscope; picture-in-picture\" allowfullscreen><\/iframe><\/div>\n<h3>Viruses, Antibiotic Resistance, One Health and More\u2026 &#8211; Food Safety Talks<\/h3>\n<p>9.06 2021<\/p>\n<\/div><\/section><\/div><div class=\"flex_column av_one_fourth  av-animated-generic bottom-to-top  flex_column_div av-zero-column-padding first  avia-builder-el-11  el_after_av_one_fourth  el_before_av_one_fourth  column-top-margin\" style='border-radius:0px; '><section class=\"av_textblock_section \"  itemscope=\"itemscope\" itemtype=\"https:\/\/schema.org\/CreativeWork\" ><div class='avia_textblock  '   itemprop=\"text\" ><div class='avia-iframe-wrap'><iframe loading=\"lazy\" title=\"G\u0131da Kayb\u0131 ve At\u0131\u011f\u0131 - G\u0131da G\u00fcvenli\u011fi Sohbetleri \/ Food Safety Talks\" width=\"1500\" height=\"844\" src=\"https:\/\/www.youtube.com\/embed\/P443Mwv-llQ?feature=oembed\" frameborder=\"0\" allow=\"accelerometer; autoplay; clipboard-write; encrypted-media; gyroscope; picture-in-picture\" allowfullscreen><\/iframe><\/div>\n<h3>Food Loss and Waste &#8211; Food Safety Talks<\/h3>\n<p>8.06.2021<\/p>\n<\/div><\/section><\/div><div class=\"flex_column av_one_fourth  av-animated-generic bottom-to-top  flex_column_div av-zero-column-padding   avia-builder-el-13  el_after_av_one_fourth  el_before_av_one_fourth  column-top-margin\" style='border-radius:0px; '><section class=\"av_textblock_section \"  itemscope=\"itemscope\" itemtype=\"https:\/\/schema.org\/CreativeWork\" ><div class='avia_textblock  '   itemprop=\"text\" ><div class='avia-iframe-wrap'><iframe loading=\"lazy\" title=\"D\u00fcnya G\u0131da G\u00fcvenli\u011fi G\u00fcn\u00fc Paneli - G\u0131da G\u00fcvenli\u011fi Sohbetleri \/ Food Safety Talks\" width=\"1500\" height=\"844\" src=\"https:\/\/www.youtube.com\/embed\/5qtWXgC4e4A?feature=oembed\" frameborder=\"0\" allow=\"accelerometer; autoplay; clipboard-write; encrypted-media; gyroscope; picture-in-picture\" allowfullscreen><\/iframe><\/div>\n<h3>World Food Safety Day Panel &#8211; Food Safety Talks<\/h3>\n<p>7.06. 2021<\/p>\n<\/div><\/section><\/div><div class=\"flex_column av_one_fourth  av-animated-generic bottom-to-top  flex_column_div av-zero-column-padding   avia-builder-el-15  el_after_av_one_fourth  el_before_av_one_fourth  column-top-margin\" style='border-radius:0px; '><section class=\"av_textblock_section \"  itemscope=\"itemscope\" itemtype=\"https:\/\/schema.org\/CreativeWork\" ><div class='avia_textblock  '   itemprop=\"text\" ><div class='avia-iframe-wrap'><iframe loading=\"lazy\" title=\"G\u0131da G\u00fcvenli\u011finde \u00c7evresel \u0130zlemenin \u00d6nemi\" width=\"1500\" height=\"844\" src=\"https:\/\/www.youtube.com\/embed\/ooPVDkfUoMk?feature=oembed\" frameborder=\"0\" allow=\"accelerometer; autoplay; clipboard-write; encrypted-media; gyroscope; picture-in-picture\" allowfullscreen><\/iframe><\/div>\n<h3>The Importance of Environmental Tracking in Food Safety<\/h3>\n<p>25.05.2021<\/p>\n<\/div><\/section><\/div><div class=\"flex_column av_one_fourth  av-animated-generic bottom-to-top  flex_column_div av-zero-column-padding   avia-builder-el-17  el_after_av_one_fourth  el_before_av_one_fourth  column-top-margin\" style='border-radius:0px; '><section class=\"av_textblock_section \"  itemscope=\"itemscope\" itemtype=\"https:\/\/schema.org\/CreativeWork\" ><div class='avia_textblock  '   itemprop=\"text\" ><div class='avia-iframe-wrap'><iframe loading=\"lazy\" title=\"G\u0131da Kaynakl\u0131 Hastal\u0131klar ve G\u0131da G\u00fcvenli\u011fi\" width=\"1500\" height=\"844\" src=\"https:\/\/www.youtube.com\/embed\/1yJ70IvwAZE?feature=oembed\" frameborder=\"0\" allow=\"accelerometer; autoplay; clipboard-write; encrypted-media; gyroscope; picture-in-picture\" allowfullscreen><\/iframe><\/div>\n<h3>Foodborne Diseases and Food Safety<\/h3>\n<p>23.10.2020<\/p>\n<\/div><\/section><\/div><div class=\"flex_column av_one_fourth  av-animated-generic bottom-to-top  flex_column_div av-zero-column-padding first  avia-builder-el-19  el_after_av_one_fourth  el_before_av_one_fourth  column-top-margin\" style='border-radius:0px; '><section class=\"av_textblock_section \"  itemscope=\"itemscope\" itemtype=\"https:\/\/schema.org\/CreativeWork\" ><div class='avia_textblock  '   itemprop=\"text\" ><div class='avia-iframe-wrap'><iframe loading=\"lazy\" title=\"GGD Webinar: \u0130klimlendirme A\u00e7\u0131s\u0131ndan G\u0131da Sekt\u00f6r\u00fcnde COVID-19 Tedbirleri\" width=\"1500\" height=\"844\" src=\"https:\/\/www.youtube.com\/embed\/PHrnv-2JR14?feature=oembed\" frameborder=\"0\" allow=\"accelerometer; autoplay; clipboard-write; encrypted-media; gyroscope; picture-in-picture\" allowfullscreen><\/iframe><\/div>\n<h3>Covid-19 Measures in Food Industry from Climatization Point of View<\/h3>\n<p>18.08.2020<\/p>\n<\/div><\/section><\/div><div class=\"flex_column av_one_fourth  av-animated-generic bottom-to-top  flex_column_div av-zero-column-padding   avia-builder-el-21  el_after_av_one_fourth  el_before_av_one_fourth  column-top-margin\" style='border-radius:0px; '><section class=\"av_textblock_section \"  itemscope=\"itemscope\" itemtype=\"https:\/\/schema.org\/CreativeWork\" ><div class='avia_textblock  '   itemprop=\"text\" ><div class='avia-iframe-wrap'><iframe loading=\"lazy\" title=\"Glutenli mi, Glutensiz mi? GGD Webinar\u0131\" width=\"1500\" height=\"844\" src=\"https:\/\/www.youtube.com\/embed\/Ymy34LP7PUk?feature=oembed\" frameborder=\"0\" allow=\"accelerometer; autoplay; clipboard-write; encrypted-media; gyroscope; picture-in-picture\" allowfullscreen><\/iframe><\/div>\n<h3>With or Without Gluten?<\/h3>\n<p>16.07.2020<\/p>\n<\/div><\/section><\/div><div class=\"flex_column av_one_fourth  av-animated-generic bottom-to-top  flex_column_div av-zero-column-padding   avia-builder-el-23  el_after_av_one_fourth  el_before_av_one_full  column-top-margin\" style='border-radius:0px; '><section class=\"av_textblock_section \"  itemscope=\"itemscope\" itemtype=\"https:\/\/schema.org\/CreativeWork\" ><div class='avia_textblock  '   itemprop=\"text\" ><div class='avia-iframe-wrap'><iframe loading=\"lazy\" title=\"Osmanl\u0131&#039;da Veba&#039;dan COVID 19&#039;a Tarihi Bir Yolculuk - \u0130nternet Semineri\" width=\"1500\" height=\"844\" src=\"https:\/\/www.youtube.com\/embed\/9Yx3IDqkIHY?feature=oembed\" frameborder=\"0\" allow=\"accelerometer; autoplay; clipboard-write; encrypted-media; gyroscope; picture-in-picture\" allowfullscreen><\/iframe><\/div>\n<h3>An Historical Journey: From Plague in Ottomans to Covid 19<\/h3>\n<h3><\/h3>\n<p>01.06.2020<\/p>\n<\/div><\/section><\/div><div class=\"flex_column av_one_full  av-animated-generic bottom-to-top  flex_column_div av-zero-column-padding first  avia-builder-el-25  el_after_av_one_fourth  avia-builder-el-last  column-top-margin\" style='border-radius:0px; '><div  style='background:#0a0a0a;color:#ffffff;border-color:#333333;' class='av_promobox  avia-button-yes   avia-builder-el-26  avia-builder-el-no-sibling  video-abone'>\t\t<div class='avia-promocontent'><p>\n\u0130zleyin, payla\u015f\u0131n! Youtube kanal\u0131m\u0131za abone olarak G\u0131da G\u00fcvenli\u011fi Derne\u011fine siz de destek olun.<\/p>\n<\/div><div  class='avia-button-wrap avia-button-right ' ><a href='https:\/\/www.youtube.com\/user\/GidaGuvenligiDernegi' class='avia-button   avia-icon_select-yes-left-icon avia-size-large avia-position-right ' target=\"_blank\" rel=\"noopener noreferrer\" style='background-color:#eb1f26; border-color:#eb1f26; color:#ffffff; '><span class='avia_button_icon avia_button_icon_left ' aria-hidden='true' data-av_icon='\ue921' data-av_iconfont='entypo-fontello'><\/span><span class='avia_iconbox_title' >ABONE OL!<\/span><\/a><\/div><\/div><\/div><\/div><\/div><\/main><!-- close content main element --><\/div><\/div><div id='after_section_1'  class='main_color av_default_container_wrap container_wrap sidebar_right' style=' '  ><div class='container' ><div class='template-page content  av-content-small alpha units'><div class='post-entry post-entry-type-page post-entry-1451'><div class='entry-content-wrapper clearfix'>\n","protected":false},"excerpt":{"rendered":"","protected":false},"author":2,"featured_media":0,"parent":0,"menu_order":0,"comment_status":"closed","ping_status":"closed","template":"","meta":[],"_links":{"self":[{"href":"https:\/\/ggd.org.tr\/en\/wp-json\/wp\/v2\/pages\/1451"}],"collection":[{"href":"https:\/\/ggd.org.tr\/en\/wp-json\/wp\/v2\/pages"}],"about":[{"href":"https:\/\/ggd.org.tr\/en\/wp-json\/wp\/v2\/types\/page"}],"author":[{"embeddable":true,"href":"https:\/\/ggd.org.tr\/en\/wp-json\/wp\/v2\/users\/2"}],"replies":[{"embeddable":true,"href":"https:\/\/ggd.org.tr\/en\/wp-json\/wp\/v2\/comments?post=1451"}],"version-history":[{"count":18,"href":"https:\/\/ggd.org.tr\/en\/wp-json\/wp\/v2\/pages\/1451\/revisions"}],"predecessor-version":[{"id":3996,"href":"https:\/\/ggd.org.tr\/en\/wp-json\/wp\/v2\/pages\/1451\/revisions\/3996"}],"wp:attachment":[{"href":"https:\/\/ggd.org.tr\/en\/wp-json\/wp\/v2\/media?parent=1451"}],"curies":[{"name":"wp","href":"https:\/\/api.w.org\/{rel}","templated":true}]}}