{"id":1398,"date":"2021-05-28T10:17:30","date_gmt":"2021-05-28T07:17:30","guid":{"rendered":"https:\/\/ggd.org.tr\/en\/?page_id=1398"},"modified":"2022-06-10T17:57:27","modified_gmt":"2022-06-10T14:57:27","slug":"public-agencies-and-ngos","status":"publish","type":"page","link":"https:\/\/ggd.org.tr\/en\/public-agencies-and-ngos\/","title":{"rendered":"Public Agencies and nGOs"},"content":{"rendered":"<div class=\"flex_column av_one_full  av-animated-generic bottom-to-top  flex_column_div av-zero-column-padding first  avia-builder-el-0  avia-builder-el-no-sibling  \" style='border-radius:0px; '><p><div  style='padding-bottom:10px; font-size:30px;' class='av-special-heading av-special-heading-h3  blockquote modern-quote  avia-builder-el-1  el_before_av_textblock  avia-builder-el-first  av-inherit-size '><div class ='av-subheading av-subheading_above  ' style='font-size:15px;'><p>Useful Links<\/p>\n<\/div><h3 class='av-special-heading-tag '  itemprop=\"headline\"  >Public Agencies and nGOs<\/h3><div class='special-heading-border'><div class='special-heading-inner-border' ><\/div><\/div><\/div><br \/>\n<section class=\"av_textblock_section \"  itemscope=\"itemscope\" itemtype=\"https:\/\/schema.org\/CreativeWork\" ><div class='avia_textblock link-liste '   itemprop=\"text\" ><ul>\n<li><a href=\"https:\/\/www.avho.org.tr\/\">Ankara Veteriner Hekimler Odas\u0131<\/a><\/li>\n<li><a href=\"http:\/\/www.ambalaj.org.tr\/\" target=\"_blank\" rel=\"noopener\">Ambalaj Sanayicileri Derne\u011fi<\/a><\/li>\n<li><a href=\"http:\/\/www.asuder.org.tr\/\" target=\"_blank\" rel=\"noopener\">AS\u00dcD &#8211; Ambalajl\u0131 S\u00fct ve S\u00fct \u00dcr\u00fcnleri Sanayicileri Derne\u011fi<\/a><\/li>\n<li><a href=\"http:\/\/www.besd-bir.org\/\" target=\"_blank\" rel=\"noopener\">BESD-B\u0130R Beyaz Et Sanayicileri ve Dam\u0131zl\u0131k\u00e7\u0131lar\u0131 Birli\u011fi Derne\u011fi<\/a><\/li>\n<li><a href=\"http:\/\/www.sanayi.gov.tr\/\" target=\"_blank\" rel=\"noopener\">Bilim Sanayi ve Teknoloji Bakanl\u0131\u011f\u0131<\/a><\/li>\n<li><a href=\"http:\/\/www.wpsa.org.tr\/\" target=\"_blank\" rel=\"noopener\">Bilimsel Tavuk\u00e7uluk Derne\u011fi<\/a><\/li>\n<li><a href=\"http:\/\/www.bitav.org.tr\/\" target=\"_blank\" rel=\"noopener\">B\u0130TAV &#8211; Bilimsel ve Teknik Ara\u015ft\u0131rma Vakf\u0131<\/a><\/li>\n<li><a href=\"http:\/\/www.cmo.org.tr\/\" target=\"_blank\" rel=\"noopener\">TMMOB \u00c7evre M\u00fchendisleri Odas\u0131<\/a><\/li>\n<li><a href=\"http:\/\/www.cevre.gov.tr\/\" target=\"_blank\" rel=\"noopener\">\u00c7evre ve \u015eehircilik Bakanl\u0131\u011f\u0131<\/a><\/li>\n<li><a href=\"http:\/\/www.ebso.org.tr\/\" target=\"_blank\" rel=\"noopener\">Ege B\u00f6lgesi Sanayi Odas\u0131<\/a><\/li>\n<li><a href=\"http:\/\/www.egebirlik.org.tr\/\" target=\"_blank\" rel=\"noopener\">Ege \u0130hracat\u00e7i Birlikleri<\/a><\/li>\n<li><a href=\"http:\/\/www.etbir.org\/\" target=\"_blank\" rel=\"noopener\">ETB\u0130R &#8211; Et \u00dcreticileri Birli\u011fi<\/a><\/li>\n<li><a href=\"http:\/\/www.etuder.org.tr\/\" target=\"_blank\" rel=\"noopener\">ET\u00dcDER &#8211; Ev D\u0131\u015f\u0131 T\u00fcketim Tedarik\u00e7ileri Derne\u011fi<\/a><\/li>\n<li><a href=\"http:\/\/www.gidaguvenligikongresi.org\/\" target=\"_blank\" rel=\"noopener\">G\u0131da G\u00fcvenli\u011fi Kongresi<\/a><\/li>\n<li><a href=\"http:\/\/www.gidamo.org.tr\/\" target=\"_blank\" rel=\"noopener\">TMMOB G\u0131da M\u00fchendisleri Odas\u0131<\/a><\/li>\n<li><a href=\"https:\/\/www.tarimorman.gov.tr\/\">Tar\u0131m ve Orman Bakanl\u0131\u011f\u0131<\/a><\/li>\n<li><a href=\"http:\/\/www.tarim.gov.tr\/GKGM\/Sayfalar\/Anasayfa.aspx\" target=\"_blank\" rel=\"noopener\">G\u0131da ve Kontrol Genel M\u00fcd\u00fcrl\u00fc\u011f\u00fc<\/a><\/li>\n<li><a href=\"http:\/\/www.iso.org.tr\/\" target=\"_blank\" rel=\"noopener\">\u0130stanbul Sanayi Odas\u0131<\/a><\/li>\n<li><a href=\"http:\/\/www.istabip.org.tr\/\" target=\"_blank\" rel=\"noopener\">\u0130stanbul Tabip Odas\u0131<\/a><\/li>\n<li><a href=\"http:\/\/www.ivho.org\/\" target=\"_blank\" rel=\"noopener\">\u0130stanbul Veteriner Hekimleri Odas\u0131<\/a><\/li>\n<li><a href=\"http:\/\/www.ito.org.tr\/\" target=\"_blank\" rel=\"noopener\">\u0130TO &#8211; \u0130stanbul Ticaret Odas\u0131<\/a><\/li>\n<li><a href=\"http:\/\/www.izmir-vho.org\/\" target=\"_blank\" rel=\"noopener\">\u0130zmir Veteriner Hekimler Odas\u0131<\/a><\/li>\n<li><a href=\"http:\/\/www.kmo.org.tr\/\" target=\"_blank\" rel=\"noopener\">TMMOB Kimya M\u00fchendisleri Odas\u0131<\/a><\/li>\n<li><a href=\"http:\/\/www.kosgeb.gov.tr\/\" target=\"_blank\" rel=\"noopener\">KOSGEB<\/a><\/li>\n<li><a href=\"http:\/\/www.turizm.gov.tr\/\" target=\"_blank\" rel=\"noopener\">K\u00fclt\u00fcr ve Turizm Bakanl\u0131\u011f\u0131<\/a><\/li>\n<li><a href=\"http:\/\/www.meyed.org.tr\/\" target=\"_blank\" rel=\"noopener\">Meyve Suyu End\u00fcstrisi Derne\u011fi (MEYED)<\/a><\/li>\n<li><a href=\"http:\/\/www.saglik.gov.tr\/\" target=\"_blank\" rel=\"noopener\">Sagl\u0131k Bakanl\u0131\u011f\u0131<\/a><\/li>\n<li><a href=\"http:\/\/www.setbir.org.tr\/ana\/default.asp\" target=\"_blank\" rel=\"noopener\">SETB\u0130R &#8211; T\u00fcrkiye S\u00fct Et G\u0131da Sanayicileri ve \u00dcreticileri Birli\u011fi<\/a><\/li>\n<li><a href=\"http:\/\/www.suder.org.tr\/\" target=\"_blank\" rel=\"noopener\">SUDER &#8211; Ambalajl\u0131 Su \u00dcreticileri Derne\u011fi<\/a><\/li>\n<li><a href=\"http:\/\/www.tdd.org.tr\/\" target=\"_blank\" rel=\"noopener\">TDD &#8211; T\u00fcrkiye Diyetisyenler Derne\u011fi<\/a><\/li>\n<li><a href=\"http:\/\/www.tema.org.tr\/web_14966-2_1\/index.aspx\" target=\"_blank\" rel=\"noopener\">TEMA &#8211; T\u00fcrkiye Erozyonla M\u00fccadele A\u011fa\u00e7land\u0131rma ve Do\u011fal Varl\u0131klar\u0131 Koruma Vakf\u0131<\/a><\/li>\n<li><a href=\"http:\/\/www.zmo.org.tr\/\" target=\"_blank\" rel=\"noopener\">TMMOB Ziraat M\u00fchendisleri Odas\u0131<\/a><\/li>\n<li><a href=\"http:\/\/www.tobb.org.tr\/\" target=\"_blank\" rel=\"noopener\">TOBB &#8211; T\u00fcrkiye Odalar ve Borsalar Birli\u011fi<\/a><\/li>\n<li><a href=\"http:\/\/www.tubitak.gov.tr\/\" target=\"_blank\" rel=\"noopener\">T\u00dcB\u0130TAK<\/a><\/li>\n<li><a href=\"http:\/\/tuketicilerdernegi.org.tr\/\" target=\"_blank\" rel=\"noopener\">T\u00fcder &#8211; T\u00fcketiciler Derne\u011fi<\/a><\/li>\n<li><a href=\"http:\/\/tugis.org.tr\/\" target=\"_blank\" rel=\"noopener\">T\u00dcG\u0130S &#8211; T\u00fcrkiye G\u0131da Sanayi \u0130\u015fverenleri Sendikas\u0131<\/a><\/li>\n<li><a href=\"http:\/\/www.tse.org.tr\/\" target=\"_blank\" rel=\"noopener\">T\u00fcrk Standartlar\u0131 Enstit\u00fcs\u00fc<\/a><\/li>\n<li><a href=\"http:\/\/www.ttb.org.tr\/\" target=\"_blank\" rel=\"noopener\">T\u00fcrk Tabipleri Birli\u011fi<\/a><\/li>\n<li><a href=\"http:\/\/www.turktox.org.tr\/index.php\/tr\/\" target=\"_blank\" rel=\"noopener\">T\u00fcrk Toksikoloji Derne\u011fi<\/a><\/li>\n<li><a href=\"http:\/\/tvhb.org.tr\/\" target=\"_blank\" rel=\"noopener\">T\u00fcrk Veteriner Hekimleri Birli\u011fi<\/a><\/li>\n<li><a href=\"http:\/\/www.tucev.org\/\" target=\"_blank\" rel=\"noopener\">T\u00fcrkiye \u00c7evre Koruma Vakf\u0131<\/a><\/li>\n<li><a href=\"https:\/\/www.kalder.org\/\" target=\"_blank\" rel=\"noopener\">T\u00fcrkiye Kalite Derne\u011fi (KalDer)<\/a><\/li>\n<li><a href=\"http:\/\/www.ttgv.org.tr\/\" target=\"_blank\" rel=\"noopener\">T\u00fcrkiye Teknoloji Geli\u015ftirme Vakf\u0131<\/a><\/li>\n<li><a href=\"http:\/\/yem.org.tr\/\" target=\"_blank\" rel=\"noopener\">T\u00fcrkiye Yem Sanayicileri Birli\u011fi<\/a><\/li>\n<li><a href=\"http:\/\/www.ume.mam.gov.tr\/\" target=\"_blank\" rel=\"noopener\">Ulusal Metroloji Enstit\u00fcs\u00fc<\/a><\/li>\n<li><a href=\"http:\/\/www.visad.org.tr\/\" target=\"_blank\" rel=\"noopener\">Veteriner Sa\u011fl\u0131k \u00dcr\u00fcnleri Sanayicileri Derne\u011fi<\/a><\/li>\n<li><a href=\"http:\/\/www.veterinertavukculuk.org\/\" target=\"_blank\" rel=\"noopener\">Veteriner Tavuk\u00e7uluk Derne\u011fi<\/a><\/li>\n<li><a href=\"http:\/\/www.yum-bir.org\/Yumurta\/Index.aspx\" target=\"_blank\" rel=\"noopener\">YUMB\u0130R &#8211; Yumurta \u00dcr\u00fctecileri Merkez Birli\u011fi<\/a><\/li>\n<\/ul>\n<\/div><\/section><\/p><\/div>\n","protected":false},"excerpt":{"rendered":"","protected":false},"author":1,"featured_media":0,"parent":0,"menu_order":0,"comment_status":"closed","ping_status":"closed","template":"","meta":[],"_links":{"self":[{"href":"https:\/\/ggd.org.tr\/en\/wp-json\/wp\/v2\/pages\/1398"}],"collection":[{"href":"https:\/\/ggd.org.tr\/en\/wp-json\/wp\/v2\/pages"}],"about":[{"href":"https:\/\/ggd.org.tr\/en\/wp-json\/wp\/v2\/types\/page"}],"author":[{"embeddable":true,"href":"https:\/\/ggd.org.tr\/en\/wp-json\/wp\/v2\/users\/1"}],"replies":[{"embeddable":true,"href":"https:\/\/ggd.org.tr\/en\/wp-json\/wp\/v2\/comments?post=1398"}],"version-history":[{"count":13,"href":"https:\/\/ggd.org.tr\/en\/wp-json\/wp\/v2\/pages\/1398\/revisions"}],"predecessor-version":[{"id":4025,"href":"https:\/\/ggd.org.tr\/en\/wp-json\/wp\/v2\/pages\/1398\/revisions\/4025"}],"wp:attachment":[{"href":"https:\/\/ggd.org.tr\/en\/wp-json\/wp\/v2\/media?parent=1398"}],"curies":[{"name":"wp","href":"https:\/\/api.w.org\/{rel}","templated":true}]}}