{"id":1318,"date":"2021-05-18T14:12:21","date_gmt":"2021-05-18T11:12:21","guid":{"rendered":"https:\/\/ggd.org.tr\/en\/?page_id=1318"},"modified":"2022-05-26T16:15:04","modified_gmt":"2022-05-26T13:15:04","slug":"trainings","status":"publish","type":"page","link":"https:\/\/ggd.org.tr\/en\/trainings\/","title":{"rendered":"Trainings"},"content":{"rendered":"<div class=\"flex_column av_one_full  av-animated-generic bottom-to-top  flex_column_div av-zero-column-padding first  avia-builder-el-0  avia-builder-el-no-sibling  \" style='border-radius:0px; '><div   data-autoplay=''  data-interval='5'  data-animation='fade'  data-show_slide_delay='90'  class='avia-content-slider avia-content-grid-active avia-content-slider1 avia-content-slider-odd  avia-builder-el-1  avia-builder-el-no-sibling  '  itemscope=\"itemscope\" itemtype=\"https:\/\/schema.org\/Blog\" ><div class='avia-content-slider-inner'><div class='slide-entry-wrap'><article class='slide-entry flex_column  post-entry post-entry-1152 slide-entry-overview slide-loop-1 slide-parity-odd  post-entry-last  av_one_third first real-thumbnail post-format-standard'  itemscope=\"itemscope\" itemtype=\"https:\/\/schema.org\/CreativeWork\" ><a href='https:\/\/ggd.org.tr\/en\/baslik\/' data-rel='slide-1' class='slide-image' title='Hygienic Design Training'><img width=\"800\" height=\"500\" src=\"https:\/\/ggd.org.tr\/en\/wp-content\/uploads\/2021\/05\/Hijyenik-Tasarim.png\" class=\"wp-image-2395 avia-img-lazy-loading-not-2395 attachment-no scaling size-no scaling wp-post-image\" alt=\"\" srcset=\"https:\/\/ggd.org.tr\/en\/wp-content\/uploads\/2021\/05\/Hijyenik-Tasarim.png 800w, https:\/\/ggd.org.tr\/en\/wp-content\/uploads\/2021\/05\/Hijyenik-Tasarim-300x188.png 300w, https:\/\/ggd.org.tr\/en\/wp-content\/uploads\/2021\/05\/Hijyenik-Tasarim-768x480.png 768w, https:\/\/ggd.org.tr\/en\/wp-content\/uploads\/2021\/05\/Hijyenik-Tasarim-705x441.png 705w\" sizes=\"(max-width: 800px) 100vw, 800px\" \/><\/a><div class='slide-content'><header class=\"entry-content-header\"><h3 class='slide-entry-title entry-title '  itemprop=\"headline\" ><a href='https:\/\/ggd.org.tr\/en\/baslik\/' title='Hygienic Design Training'>Hygienic Design Training<\/a><\/h3><span class=\"av-vertical-delimiter\"><\/span><\/header><div class='slide-meta'><time class='slide-meta-time updated'  itemprop=\"datePublished\" datetime=\"2021-05-17T13:58:23+03:00\" >17 May 2021<\/time><\/div><div class='slide-entry-excerpt entry-content'  itemprop=\"text\" >\r\n\r\nG\u0131da sekt\u00f6r\u00fcnde g\u0131da g\u00fcvenli\u011finin t\u00fcm\u00fcyle sa\u011flanmas\u0131\u2026<\/div><\/div><footer class=\"entry-footer\"><\/footer><span class='hidden'>\n\t\t\t\t<span class='av-structured-data'  itemprop=\"image\" itemscope=\"itemscope\" itemtype=\"https:\/\/schema.org\/ImageObject\" >\n\t\t\t\t\t\t<span itemprop='url'>https:\/\/ggd.org.tr\/en\/wp-content\/uploads\/2021\/05\/Hijyenik-Tasarim.png<\/span>\n\t\t\t\t\t\t<span itemprop='height'>500<\/span>\n\t\t\t\t\t\t<span itemprop='width'>800<\/span>\n\t\t\t\t<\/span>\n\t\t\t\t<span class='av-structured-data'  itemprop=\"publisher\" itemtype=\"https:\/\/schema.org\/Organization\" itemscope=\"itemscope\" >\n\t\t\t\t\t\t<span itemprop='name'>admin-ggd<\/span>\n\t\t\t\t\t\t<span itemprop='logo' itemscope itemtype='https:\/\/schema.org\/ImageObject'>\n\t\t\t\t\t\t\t<span itemprop='url'>https:\/\/ggd.org.tr\/en\/wp-content\/uploads\/GGD-LOGO-PDF.svg<\/span>\n\t\t\t\t\t\t <\/span>\n\t\t\t\t<\/span><span class='av-structured-data'  itemprop=\"author\" itemscope=\"itemscope\" itemtype=\"https:\/\/schema.org\/Person\" ><span itemprop='name'>admin-ggd<\/span><\/span><span class='av-structured-data'  itemprop=\"datePublished\" datetime=\"2021-05-18T14:12:21+03:00\" >2021-05-17 13:58:23<\/span><span class='av-structured-data'  itemprop=\"dateModified\" itemtype=\"https:\/\/schema.org\/dateModified\" >2021-07-26 08:04:12<\/span><span class='av-structured-data'  itemprop=\"mainEntityOfPage\" itemtype=\"https:\/\/schema.org\/mainEntityOfPage\" ><span itemprop='name'>Hygienic Design Training<\/span><\/span><\/span><\/article><\/div><\/div><\/div><\/div>\n","protected":false},"excerpt":{"rendered":"","protected":false},"author":2,"featured_media":0,"parent":0,"menu_order":0,"comment_status":"closed","ping_status":"closed","template":"","meta":[],"_links":{"self":[{"href":"https:\/\/ggd.org.tr\/en\/wp-json\/wp\/v2\/pages\/1318"}],"collection":[{"href":"https:\/\/ggd.org.tr\/en\/wp-json\/wp\/v2\/pages"}],"about":[{"href":"https:\/\/ggd.org.tr\/en\/wp-json\/wp\/v2\/types\/page"}],"author":[{"embeddable":true,"href":"https:\/\/ggd.org.tr\/en\/wp-json\/wp\/v2\/users\/2"}],"replies":[{"embeddable":true,"href":"https:\/\/ggd.org.tr\/en\/wp-json\/wp\/v2\/comments?post=1318"}],"version-history":[{"count":7,"href":"https:\/\/ggd.org.tr\/en\/wp-json\/wp\/v2\/pages\/1318\/revisions"}],"predecessor-version":[{"id":3998,"href":"https:\/\/ggd.org.tr\/en\/wp-json\/wp\/v2\/pages\/1318\/revisions\/3998"}],"wp:attachment":[{"href":"https:\/\/ggd.org.tr\/en\/wp-json\/wp\/v2\/media?parent=1318"}],"curies":[{"name":"wp","href":"https:\/\/api.w.org\/{rel}","templated":true}]}}